{"id":7753,"date":"2021-10-28T14:55:54","date_gmt":"2021-10-28T14:55:54","guid":{"rendered":"https:\/\/visitfermo.it\/stagione-teatrale-2021-22-copy"},"modified":"2025-08-01T16:33:04","modified_gmt":"2025-08-01T14:33:04","slug":"archivio-stagioni-precedenti","status":"publish","type":"page","link":"https:\/\/www.visitfermo.it\/it\/archivio-stagioni-precedenti","title":{"rendered":"Archivio stagioni precedenti"},"content":{"rendered":"<div class=\"wpb-content-wrapper\"><p>[vc_row row_content_width=&#8221;grid&#8221; css=&#8221;.vc_custom_1635005856345{padding-top: 100px !important;}&#8221;][vc_column]<div class=\"mkdf-single-image-holder   \">\n    <div class=\"mkdf-si-inner\" >\n                                    <img loading=\"lazy\" decoding=\"async\" src=\"https:\/\/www.visitfermo.it\/wp-content\/uploads\/2021\/10\/Teatro-dellAquila-logo-140x161.png\" alt=\"\" width=\"140\" height=\"161\" \/>                        <\/div>\n<\/div>[vc_empty_space height=&#8221;50px&#8221;][vc_column_text el_class=&#8221;testo-intro&#8221;]Il Teatro dell&#8217;Aquila apre le porte alla citt\u00e0 ogni anno per stagioni teatrali ricche di sorprese: <strong>cartelloni artistici nel segno delle opere liriche pi\u00f9 celebri con coproduzioni di livello nazionale<\/strong>, spettacoli di prosa che vedono sul palco i <strong>nomi pi\u00f9 importanti della scena italiana<\/strong>, <strong>musical di compagnie internazionali<\/strong>, <strong>residenze di allestimento e concerti di grandi cantautori<\/strong>.<br \/>\nParticolare attenzione \u00e8 dedicata ai pi\u00f9 giovani con le programmazioni di <strong>Opera Domani<\/strong>, <strong>TIR &#8211; Teatrinrete<\/strong> e <strong>Scuola di Platea<\/strong> attraverso le quali avvicinare il pubblico dei pi\u00f9 piccoli al grande mondo del teatro.[\/vc_column_text][vc_empty_space height=&#8221;50px&#8221;][\/vc_column][\/vc_row][vc_row row_content_width=&#8221;grid&#8221; content_text_aligment=&#8221;center&#8221; css=&#8221;.vc_custom_1635445686556{padding-top: 50px !important;padding-bottom: 50px !important;}&#8221;][vc_column]<a itemprop=\"url\" href=\"https:\/\/www.visitfermo.it\/wp-content\/uploads\/2018\/02\/Stagione-teatrale-2013-2014.pdf\" target=\"_blank\" style=\"margin: 10px 20px\" class=\"mkdf-btn mkdf-btn-large mkdf-btn-outline\"  >\n    <span class=\"mkdf-btn-text\">Stagione teatrale 2013-2014<\/span>\n    <\/a><a itemprop=\"url\" href=\"https:\/\/www.visitfermo.it\/wp-content\/uploads\/2018\/02\/Stagione-teatrale-2014-2015.pdf\" target=\"_blank\" style=\"margin: 10px 20px\" class=\"mkdf-btn mkdf-btn-large mkdf-btn-outline\"  >\n    <span class=\"mkdf-btn-text\">Stagione teatrale 2014-2015<\/span>\n    <\/a><a itemprop=\"url\" href=\"https:\/\/www.visitfermo.it\/wp-content\/uploads\/2018\/02\/Stagione-teatrale-2015-2016.pdf\" target=\"_blank\" style=\"margin: 10px 20px\" class=\"mkdf-btn mkdf-btn-large mkdf-btn-outline\"  >\n    <span class=\"mkdf-btn-text\">Stagione teatrale 2015-2016<\/span>\n    <\/a><a itemprop=\"url\" href=\"https:\/\/www.visitfermo.it\/wp-content\/uploads\/2018\/02\/Stagione-teatrale-2016-2017.pdf\" target=\"_blank\" style=\"margin: 10px 20px\" class=\"mkdf-btn mkdf-btn-large mkdf-btn-outline\"  >\n    <span class=\"mkdf-btn-text\">Stagione teatrale 2016-2017<\/span>\n    <\/a><a itemprop=\"url\" href=\"https:\/\/www.visitfermo.it\/wp-content\/uploads\/2018\/02\/Stagione-teatrale-2017-2018.pdf\" target=\"_blank\" style=\"margin: 10px 20px\" class=\"mkdf-btn mkdf-btn-large mkdf-btn-outline\"  >\n    <span class=\"mkdf-btn-text\">Stagione teatrale 2017-2018<\/span>\n    <\/a><a itemprop=\"url\" href=\"https:\/\/www.visitfermo.it\/wp-content\/uploads\/2018\/02\/Stagione-teatrale-2018-2019.pdf\" target=\"_blank\" style=\"margin: 10px 20px\" class=\"mkdf-btn mkdf-btn-large mkdf-btn-outline\"  >\n    <span class=\"mkdf-btn-text\">Stagione teatrale 2018-2019<\/span>\n    <\/a><a itemprop=\"url\" href=\"https:\/\/www.visitfermo.it\/wp-content\/uploads\/2018\/02\/Stagione-teatrale-2019-2020.pdf\" target=\"_blank\" style=\"margin: 10px 20px\" class=\"mkdf-btn mkdf-btn-large mkdf-btn-outline\"  >\n    <span class=\"mkdf-btn-text\">Stagione teatrale 2019-2020<\/span>\n    <\/a><a itemprop=\"url\" href=\"https:\/\/www.visitfermo.it\/it\/stagione-teatrale-2021-22\" target=\"_blank\" style=\"margin: 10px 20px\" class=\"mkdf-btn mkdf-btn-large mkdf-btn-outline\"  >\n    <span class=\"mkdf-btn-text\">Stagione teatrale 2021-2022<\/span>\n    <\/a><a itemprop=\"url\" href=\"https:\/\/www.visitfermo.it\/it\/stagione-teatrale-2022-23\" target=\"_blank\" style=\"margin: 10px 20px\" class=\"mkdf-btn mkdf-btn-large mkdf-btn-outline\"  >\n    <span class=\"mkdf-btn-text\">Stagione teatrale 2022-2023<\/span>\n    <\/a><a itemprop=\"url\" href=\"https:\/\/www.visitfermo.it\/it\/stagione-teatrale-2023-24\" target=\"_blank\" style=\"margin: 10px 20px\" class=\"mkdf-btn mkdf-btn-large mkdf-btn-outline\"  >\n    <span class=\"mkdf-btn-text\">Stagione teatrale 2023-2024<\/span>\n    <\/a><a itemprop=\"url\" href=\"https:\/\/www.visitfermo.it\/it\/stagione-teatrale-2024-25\" target=\"_blank\" style=\"margin: 10px 20px\" class=\"mkdf-btn mkdf-btn-large mkdf-btn-outline\"  >\n    <span class=\"mkdf-btn-text\">Stagione teatrale 2024-2025<\/span>\n    <\/a>[\/vc_column][\/vc_row][vc_row row_content_width=&#8221;grid&#8221; css=&#8221;.vc_custom_1635416821704{padding-top: 50px !important;padding-bottom: 100px !important;}&#8221;][vc_column]<div class=\"mkdf-clients-carousel-holder mkdf-cc-hover-switch-images\">\n\t<div class=\"mkdf-cc-inner mkdf-owl-slider\" data-number-of-items=\"5\" data-enable-loop=\"yes\" data-enable-autoplay=\"yes\" data-slider-speed=\"3000\" data-slider-speed-animation=\"600\" data-enable-navigation=\"no\" data-enable-pagination=\"no\">\n\t\t<div class=\"mkdf-cc-item\">\n\t\t\t\t\t\t<img decoding=\"async\" itemprop=\"image\" class=\"mkdf-cc-image\" src=\"https:\/\/www.visitfermo.it\/wp-content\/uploads\/2018\/02\/logo-Ministero-della-Cultura-grigio.png\" alt=\"\" \/>\n\t\t\t\t\t\t\t<img decoding=\"async\" itemprop=\"image\" class=\"mkdf-cc-hover-image\" src=\"https:\/\/www.visitfermo.it\/wp-content\/uploads\/2018\/02\/logo-Ministero-della-Cultura-colore.png\" alt=\"\" \/>\n\t\t\t<\/div><div class=\"mkdf-cc-item\">\n\t\t\t\t\t\t<img decoding=\"async\" itemprop=\"image\" class=\"mkdf-cc-image\" src=\"https:\/\/www.visitfermo.it\/wp-content\/uploads\/2018\/02\/logo-Regione-Marche-grigio.png\" alt=\"\" \/>\n\t\t\t\t\t\t\t<img decoding=\"async\" itemprop=\"image\" class=\"mkdf-cc-hover-image\" src=\"https:\/\/www.visitfermo.it\/wp-content\/uploads\/2018\/02\/logo-Regione-Marche-colore.png\" alt=\"\" \/>\n\t\t\t<\/div><div class=\"mkdf-cc-item\">\n\t\t\t\t\t\t<img decoding=\"async\" itemprop=\"image\" class=\"mkdf-cc-image\" src=\"https:\/\/www.visitfermo.it\/wp-content\/uploads\/2018\/02\/logo-Fondazione-Cassa-di-Risparmio-di-Fermo-grigio.png\" alt=\"\" \/>\n\t\t\t\t\t\t\t<img decoding=\"async\" itemprop=\"image\" class=\"mkdf-cc-hover-image\" src=\"https:\/\/www.visitfermo.it\/wp-content\/uploads\/2018\/02\/logo-Fondazione-Cassa-di-Risparmio-di-Fermo-colore.png\" alt=\"\" \/>\n\t\t\t<\/div><div class=\"mkdf-cc-item\">\n\t\t\t\t\t\t<img decoding=\"async\" itemprop=\"image\" class=\"mkdf-cc-image\" src=\"https:\/\/www.visitfermo.it\/wp-content\/uploads\/2018\/02\/logo-Fondazione-Rete-Lirica-delle-Marche-grigio.png\" alt=\"\" \/>\n\t\t\t\t\t\t\t<img decoding=\"async\" itemprop=\"image\" class=\"mkdf-cc-hover-image\" src=\"https:\/\/www.visitfermo.it\/wp-content\/uploads\/2018\/02\/logo-Fondazione-Rete-Lirica-delle-Marche-colore.png\" alt=\"\" \/>\n\t\t\t<\/div><div class=\"mkdf-cc-item\">\n\t\t\t\t\t\t<img decoding=\"async\" itemprop=\"image\" class=\"mkdf-cc-image\" src=\"https:\/\/www.visitfermo.it\/wp-content\/uploads\/2018\/02\/logo-Amat-grigio.png\" alt=\"\" \/>\n\t\t\t\t\t\t\t<img decoding=\"async\" itemprop=\"image\" class=\"mkdf-cc-hover-image\" src=\"https:\/\/www.visitfermo.it\/wp-content\/uploads\/2018\/02\/logo-Amat-colore.png\" alt=\"\" \/>\n\t\t\t<\/div><div class=\"mkdf-cc-item\">\n\t\t\t\t\t\t<img decoding=\"async\" itemprop=\"image\" class=\"mkdf-cc-image\" src=\"https:\/\/www.visitfermo.it\/wp-content\/uploads\/2018\/02\/logo-Form-grigio.png\" alt=\"\" \/>\n\t\t\t\t\t\t\t<img decoding=\"async\" itemprop=\"image\" class=\"mkdf-cc-hover-image\" src=\"https:\/\/www.visitfermo.it\/wp-content\/uploads\/2018\/02\/logo-Form-colore.png\" alt=\"\" \/>\n\t\t\t<\/div><div class=\"mkdf-cc-item\">\n\t\t\t\t\t\t<img decoding=\"async\" itemprop=\"image\" class=\"mkdf-cc-image\" src=\"https:\/\/www.visitfermo.it\/wp-content\/uploads\/2018\/02\/logo-GMI-grigio.png\" alt=\"\" \/>\n\t\t\t\t\t\t\t<img decoding=\"async\" itemprop=\"image\" class=\"mkdf-cc-hover-image\" src=\"https:\/\/www.visitfermo.it\/wp-content\/uploads\/2018\/02\/logo-GMI-colore.png\" alt=\"\" \/>\n\t\t\t<\/div><div class=\"mkdf-cc-item\">\n\t\t\t\t\t\t<img decoding=\"async\" itemprop=\"image\" class=\"mkdf-cc-image\" src=\"https:\/\/www.visitfermo.it\/wp-content\/uploads\/2018\/02\/logo-Cantiere-Collettivo-grigio.png\" alt=\"\" \/>\n\t\t\t\t\t\t\t<img decoding=\"async\" itemprop=\"image\" class=\"mkdf-cc-hover-image\" src=\"https:\/\/www.visitfermo.it\/wp-content\/uploads\/2018\/02\/logo-Cantiere-Collettivo-colore.png\" alt=\"\" \/>\n\t\t\t<\/div>\t<\/div>\n<\/div>[\/vc_column][\/vc_row]<\/p>\n<\/div>","protected":false},"excerpt":{"rendered":"<p>[vc_row row_content_width=&#8221;grid&#8221; css=&#8221;.vc_custom_1635005856345{padding-top: 100px !important;}&#8221;][vc_column][vc_empty_space height=&#8221;50px&#8221;][vc_column_text el_class=&#8221;testo-intro&#8221;]Il Teatro dell&#8217;Aquila apre le porte alla citt\u00e0 ogni anno per stagioni teatrali ricche di sorprese: cartelloni artistici nel segno delle opere liriche pi\u00f9 celebri con coproduzioni di livello nazionale, spettacoli di prosa che vedono sul palco i nomi pi\u00f9 importanti della scena italiana, musical di compagnie internazionali, residenze di allestimento e concerti di grandi cantautori. Particolare attenzione \u00e8 dedicata ai pi\u00f9 giovani con le programmazioni di Opera Domani, TIR &#8211; Teatrinrete e Scuola di Platea attraverso le quali avvicinare il pubblico [&hellip;]<\/p>\n","protected":false},"author":2,"featured_media":0,"parent":0,"menu_order":0,"comment_status":"closed","ping_status":"closed","template":"full-width.php","meta":{"_acf_changed":false,"footnotes":""},"class_list":["post-7753","page","type-page","status-publish","hentry"],"acf":[],"yoast_head":"<!-- This site is optimized with the Yoast SEO plugin v26.5 - https:\/\/yoast.com\/wordpress\/plugins\/seo\/ -->\n<title>Archivio stagioni precedenti - Visit Fermo<\/title>\n<meta name=\"description\" content=\"Una raccolta di tutti gli spettacoli passati del Teatro dell&#039;Aquila di Fermo: opere liriche, spettacoli di prosa, musical, concerti di grandi cantautori.\" \/>\n<meta name=\"robots\" content=\"index, follow, max-snippet:-1, max-image-preview:large, max-video-preview:-1\" \/>\n<link rel=\"canonical\" href=\"https:\/\/www.visitfermo.it\/it\/archivio-stagioni-precedenti\" \/>\n<meta property=\"og:locale\" content=\"it_IT\" \/>\n<meta property=\"og:type\" content=\"article\" \/>\n<meta property=\"og:title\" content=\"Archivio stagioni precedenti - Visit Fermo\" \/>\n<meta property=\"og:description\" content=\"Una raccolta di tutti gli spettacoli passati del Teatro dell&#039;Aquila di Fermo: opere liriche, spettacoli di prosa, musical, concerti di grandi cantautori.\" \/>\n<meta property=\"og:url\" content=\"https:\/\/www.visitfermo.it\/it\/archivio-stagioni-precedenti\" \/>\n<meta property=\"og:site_name\" content=\"Visit Fermo\" \/>\n<meta property=\"article:publisher\" content=\"https:\/\/www.facebook.com\/VstFermo\/\" \/>\n<meta property=\"article:modified_time\" content=\"2025-08-01T14:33:04+00:00\" \/>\n<meta name=\"twitter:card\" content=\"summary_large_image\" \/>\n<meta name=\"twitter:site\" content=\"@FermoTurismo\" \/>\n<meta name=\"twitter:label1\" content=\"Est. reading time\" \/>\n\t<meta name=\"twitter:data1\" content=\"2 minutes\" \/>\n<script type=\"application\/ld+json\" class=\"yoast-schema-graph\">{\"@context\":\"https:\/\/schema.org\",\"@graph\":[{\"@type\":\"WebPage\",\"@id\":\"https:\/\/www.visitfermo.it\/it\/archivio-stagioni-precedenti\",\"url\":\"https:\/\/www.visitfermo.it\/it\/archivio-stagioni-precedenti\",\"name\":\"Archivio stagioni precedenti - Visit Fermo\",\"isPartOf\":{\"@id\":\"https:\/\/www.visitfermo.it\/it\/#website\"},\"datePublished\":\"2021-10-28T14:55:54+00:00\",\"dateModified\":\"2025-08-01T14:33:04+00:00\",\"description\":\"Una raccolta di tutti gli spettacoli passati del Teatro dell'Aquila di Fermo: opere liriche, spettacoli di prosa, musical, concerti di grandi cantautori.\",\"breadcrumb\":{\"@id\":\"https:\/\/www.visitfermo.it\/it\/archivio-stagioni-precedenti#breadcrumb\"},\"inLanguage\":\"it\",\"potentialAction\":[{\"@type\":\"ReadAction\",\"target\":[\"https:\/\/www.visitfermo.it\/it\/archivio-stagioni-precedenti\"]}]},{\"@type\":\"BreadcrumbList\",\"@id\":\"https:\/\/www.visitfermo.it\/it\/archivio-stagioni-precedenti#breadcrumb\",\"itemListElement\":[{\"@type\":\"ListItem\",\"position\":1,\"name\":\"Home\",\"item\":\"https:\/\/www.visitfermo.it\/it\"},{\"@type\":\"ListItem\",\"position\":2,\"name\":\"Archivio stagioni precedenti\"}]},{\"@type\":\"WebSite\",\"@id\":\"https:\/\/www.visitfermo.it\/it\/#website\",\"url\":\"https:\/\/www.visitfermo.it\/it\/\",\"name\":\"Visit Fermo\",\"description\":\"Fermo a place for me\",\"publisher\":{\"@id\":\"https:\/\/www.visitfermo.it\/it\/#organization\"},\"potentialAction\":[{\"@type\":\"SearchAction\",\"target\":{\"@type\":\"EntryPoint\",\"urlTemplate\":\"https:\/\/www.visitfermo.it\/it\/?s={search_term_string}\"},\"query-input\":{\"@type\":\"PropertyValueSpecification\",\"valueRequired\":true,\"valueName\":\"search_term_string\"}}],\"inLanguage\":\"it\"},{\"@type\":\"Organization\",\"@id\":\"https:\/\/www.visitfermo.it\/it\/#organization\",\"name\":\"Visit Fermo\",\"url\":\"https:\/\/www.visitfermo.it\/it\/\",\"logo\":{\"@type\":\"ImageObject\",\"inLanguage\":\"it\",\"@id\":\"https:\/\/www.visitfermo.it\/it\/#\/schema\/logo\/image\/\",\"url\":\"https:\/\/www.visitfermo.it\/wp-content\/uploads\/2018\/02\/logo-fermo-a-place-for-me-giallo.png\",\"contentUrl\":\"https:\/\/www.visitfermo.it\/wp-content\/uploads\/2018\/02\/logo-fermo-a-place-for-me-giallo.png\",\"width\":453,\"height\":230,\"caption\":\"Visit Fermo\"},\"image\":{\"@id\":\"https:\/\/www.visitfermo.it\/it\/#\/schema\/logo\/image\/\"},\"sameAs\":[\"https:\/\/www.facebook.com\/VstFermo\/\",\"https:\/\/x.com\/FermoTurismo\",\"https:\/\/www.instagram.com\/visitfermo\/\",\"https:\/\/www.youtube.com\/c\/VisitFermo\"]}]}<\/script>\n<!-- \/ Yoast SEO plugin. -->","yoast_head_json":{"title":"Archivio stagioni precedenti - Visit Fermo","description":"Una raccolta di tutti gli spettacoli passati del Teatro dell'Aquila di Fermo: opere liriche, spettacoli di prosa, musical, concerti di grandi cantautori.","robots":{"index":"index","follow":"follow","max-snippet":"max-snippet:-1","max-image-preview":"max-image-preview:large","max-video-preview":"max-video-preview:-1"},"canonical":"https:\/\/www.visitfermo.it\/it\/archivio-stagioni-precedenti","og_locale":"it_IT","og_type":"article","og_title":"Archivio stagioni precedenti - Visit Fermo","og_description":"Una raccolta di tutti gli spettacoli passati del Teatro dell'Aquila di Fermo: opere liriche, spettacoli di prosa, musical, concerti di grandi cantautori.","og_url":"https:\/\/www.visitfermo.it\/it\/archivio-stagioni-precedenti","og_site_name":"Visit Fermo","article_publisher":"https:\/\/www.facebook.com\/VstFermo\/","article_modified_time":"2025-08-01T14:33:04+00:00","twitter_card":"summary_large_image","twitter_site":"@FermoTurismo","twitter_misc":{"Est. reading time":"2 minutes"},"schema":{"@context":"https:\/\/schema.org","@graph":[{"@type":"WebPage","@id":"https:\/\/www.visitfermo.it\/it\/archivio-stagioni-precedenti","url":"https:\/\/www.visitfermo.it\/it\/archivio-stagioni-precedenti","name":"Archivio stagioni precedenti - Visit Fermo","isPartOf":{"@id":"https:\/\/www.visitfermo.it\/it\/#website"},"datePublished":"2021-10-28T14:55:54+00:00","dateModified":"2025-08-01T14:33:04+00:00","description":"Una raccolta di tutti gli spettacoli passati del Teatro dell'Aquila di Fermo: opere liriche, spettacoli di prosa, musical, concerti di grandi cantautori.","breadcrumb":{"@id":"https:\/\/www.visitfermo.it\/it\/archivio-stagioni-precedenti#breadcrumb"},"inLanguage":"it","potentialAction":[{"@type":"ReadAction","target":["https:\/\/www.visitfermo.it\/it\/archivio-stagioni-precedenti"]}]},{"@type":"BreadcrumbList","@id":"https:\/\/www.visitfermo.it\/it\/archivio-stagioni-precedenti#breadcrumb","itemListElement":[{"@type":"ListItem","position":1,"name":"Home","item":"https:\/\/www.visitfermo.it\/it"},{"@type":"ListItem","position":2,"name":"Archivio stagioni precedenti"}]},{"@type":"WebSite","@id":"https:\/\/www.visitfermo.it\/it\/#website","url":"https:\/\/www.visitfermo.it\/it\/","name":"Visit Fermo","description":"Fermo a place for me","publisher":{"@id":"https:\/\/www.visitfermo.it\/it\/#organization"},"potentialAction":[{"@type":"SearchAction","target":{"@type":"EntryPoint","urlTemplate":"https:\/\/www.visitfermo.it\/it\/?s={search_term_string}"},"query-input":{"@type":"PropertyValueSpecification","valueRequired":true,"valueName":"search_term_string"}}],"inLanguage":"it"},{"@type":"Organization","@id":"https:\/\/www.visitfermo.it\/it\/#organization","name":"Visit Fermo","url":"https:\/\/www.visitfermo.it\/it\/","logo":{"@type":"ImageObject","inLanguage":"it","@id":"https:\/\/www.visitfermo.it\/it\/#\/schema\/logo\/image\/","url":"https:\/\/www.visitfermo.it\/wp-content\/uploads\/2018\/02\/logo-fermo-a-place-for-me-giallo.png","contentUrl":"https:\/\/www.visitfermo.it\/wp-content\/uploads\/2018\/02\/logo-fermo-a-place-for-me-giallo.png","width":453,"height":230,"caption":"Visit Fermo"},"image":{"@id":"https:\/\/www.visitfermo.it\/it\/#\/schema\/logo\/image\/"},"sameAs":["https:\/\/www.facebook.com\/VstFermo\/","https:\/\/x.com\/FermoTurismo","https:\/\/www.instagram.com\/visitfermo\/","https:\/\/www.youtube.com\/c\/VisitFermo"]}]}},"_links":{"self":[{"href":"https:\/\/www.visitfermo.it\/it\/wp-json\/wp\/v2\/pages\/7753","targetHints":{"allow":["GET"]}}],"collection":[{"href":"https:\/\/www.visitfermo.it\/it\/wp-json\/wp\/v2\/pages"}],"about":[{"href":"https:\/\/www.visitfermo.it\/it\/wp-json\/wp\/v2\/types\/page"}],"author":[{"embeddable":true,"href":"https:\/\/www.visitfermo.it\/it\/wp-json\/wp\/v2\/users\/2"}],"replies":[{"embeddable":true,"href":"https:\/\/www.visitfermo.it\/it\/wp-json\/wp\/v2\/comments?post=7753"}],"version-history":[{"count":14,"href":"https:\/\/www.visitfermo.it\/it\/wp-json\/wp\/v2\/pages\/7753\/revisions"}],"predecessor-version":[{"id":37211,"href":"https:\/\/www.visitfermo.it\/it\/wp-json\/wp\/v2\/pages\/7753\/revisions\/37211"}],"wp:attachment":[{"href":"https:\/\/www.visitfermo.it\/it\/wp-json\/wp\/v2\/media?parent=7753"}],"curies":[{"name":"wp","href":"https:\/\/api.w.org\/{rel}","templated":true}]}}