{"id":7253,"date":"2021-10-20T16:01:59","date_gmt":"2021-10-20T16:01:59","guid":{"rendered":"https:\/\/visitfermo.it\/eventi-da-non-perdere\/tipicita-copy"},"modified":"2022-10-21T14:11:50","modified_gmt":"2022-10-21T13:11:50","slug":"fermo-learning-city-dell-unesco","status":"publish","type":"page","link":"https:\/\/www.visitfermo.it\/it\/fermo-learning-city-dell-unesco","title":{"rendered":"Fermo Learning City dell&#8217;UNESCO"},"content":{"rendered":"<div class=\"wpb-content-wrapper\"><p>[vc_row row_content_width=&#8221;grid&#8221; css=&#8221;.vc_custom_1633627332561{padding-top: 100px !important;}&#8221;][vc_column][vc_column_text el_class=&#8221;testo-intro&#8221;]Viviamo in un mondo in rapida evoluzione. Studi antropologici dimostrano che i cittadini che acquisiscono nuove conoscenze e abilit\u00e0 in una vasta gamma di contesti hanno pi\u00f9 armi per adattarsi ai cambiamenti sociali e ambientali. <strong>L\u2019apprendimento permanente<\/strong> svolge quindi un <strong>ruolo vitale per la transizione della nostra generazione verso societ\u00e0 sostenibili<\/strong>.[\/vc_column_text][vc_empty_space height=&#8221;50px&#8221;]<div class=\"mkdf-single-image-holder   \">\n    <div class=\"mkdf-si-inner\" >\n                                    <img loading=\"lazy\" decoding=\"async\" width=\"908\" height=\"907\" src=\"https:\/\/www.visitfermo.it\/wp-content\/uploads\/2018\/02\/Logo_GNLC.png\" class=\"attachment-full size-full\" alt=\"\" srcset=\"https:\/\/www.visitfermo.it\/wp-content\/uploads\/2018\/02\/Logo_GNLC.png 908w, https:\/\/www.visitfermo.it\/wp-content\/uploads\/2018\/02\/Logo_GNLC-300x300.png 300w, https:\/\/www.visitfermo.it\/wp-content\/uploads\/2018\/02\/Logo_GNLC-550x550.png 550w, https:\/\/www.visitfermo.it\/wp-content\/uploads\/2018\/02\/Logo_GNLC-768x767.png 768w\" sizes=\"auto, (max-width: 908px) 100vw, 908px\" \/>                        <\/div>\n<\/div>[vc_empty_space height=&#8221;25px&#8221;][vc_column_text css=&#8221;.vc_custom_1635437274642{padding-top: 15px !important;}&#8221; el_class=&#8221;testo&#8221;]\u201c<strong>Imparare per tutta la vita<\/strong>\u201d \u00e8 un elemento essenziale di sopravvivenza dell\u2019umanit\u00e0 radicato in tutte le culture.<\/p>\n<p>Per questo l\u2019UNESCO nel 2015 ha istituito una <strong>Global Network of Learning Cities<\/strong>, una rete di comunit\u00e0 e di citt\u00e0 di apprendimento. Questa rete \u00e8 molto solida nelle regioni sviluppate ma si sta rafforzando anche nei paesi in via di sviluppo e oggi conta 229 citt\u00e0 in 64 paesi.<\/p>\n<p>Ogni citt\u00e0 \u00e8 unica. Tuttavia, quando si parla di apprendimento, le citt\u00e0 mostrano alcune caratteristiche comuni. <strong>Tutte le Learning City<\/strong>, ad ogni livello di sviluppo, <strong>possono trovare un forte beneficio dal condividere idee tra loro<\/strong>, per esempio traendo spunto dalle soluzioni adottate da un&#8217;altra citt\u00e0 per risolvere una determinata problematica.<\/p>\n<p>Il GNLC dell\u2019UNESCO supporta e migliora la pratica dell\u2019apprendimento permanente nelle citt\u00e0 di tutto il mondo, promuovendo dialoghi sulle politiche e azioni di mutuo apprendimento tra le citt\u00e0 associate, creando connessioni, favorendo partenariati e fornendo strumenti sia per lo sviluppo di competenze, sia per incoraggiare e riconoscere i progressi raggiunti nella creazione delle Learning City.[\/vc_column_text][vc_empty_space height=&#8221;50px&#8221;][vc_column_text css=&#8221;.vc_custom_1634745959834{padding-top: 15px !important;}&#8221; el_class=&#8221;testo&#8221;]<\/p>\n<h2>Che cos&#8217;\u00e8 una Learning City?<\/h2>\n<p>[\/vc_column_text][vc_column_text css=&#8221;.vc_custom_1634746056052{padding-top: 15px !important;}&#8221; el_class=&#8221;testo&#8221;]L\u2019UNESCO definisce <strong>Learning City una citt\u00e0 <\/strong>che:<\/p>\n<ul>\n<li>mobilita efficacemente le sue <strong>risorse<\/strong> in tutti i settori <strong>per promuovere l\u2019apprendimento inclusivo<\/strong>, dall\u2019istruzione di base fino a quella avanzata;<\/li>\n<li><strong>rivitalizza l\u2019apprendimento nelle famiglie e nelle comunit\u00e0<\/strong>;<\/li>\n<li><strong>facilita l\u2019apprendimento per e all\u2019interno del mercato del lavoro<\/strong>;<\/li>\n<li><strong>estende l\u2019uso di moderne tecnologie di apprendimento<\/strong>;<\/li>\n<li><strong>accresce la qualit\u00e0 e l&#8217;eccellenza dell&#8217;apprendimento<\/strong>;<\/li>\n<li><strong>promuove la cultura dell&#8217;apprendimento continuo<\/strong>.<\/li>\n<\/ul>\n<p>Cos\u00ec facendo, l\u2019UNESCO incrementa la valorizzazione dell\u2019individuo, l\u2019inclusione sociale, lo sviluppo economico, la prosperit\u00e0 culturale e lo sviluppo sostenibile.[\/vc_column_text][vc_empty_space height=&#8221;50px&#8221;][vc_column_text css=&#8221;.vc_custom_1634746115931{padding-top: 15px !important;}&#8221; el_class=&#8221;testo&#8221;]<\/p>\n<h2>Perch\u00e9 costruire una Learning City?<\/h2>\n<p>[\/vc_column_text][vc_empty_space height=&#8221;50px&#8221;][vc_column_text css=&#8221;.vc_custom_1666357891717{padding-top: 15px !important;}&#8221; el_class=&#8221;testo&#8221;]<\/p>\n<h2>ferMAPPrendo \u2013 mappa dell\u2019apprendimento a Fermo<\/h2>\n<p>[\/vc_column_text][vc_column_text css=&#8221;.vc_custom_1666357865876{padding-top: 15px !important;}&#8221; el_class=&#8221;testo&#8221;]La citt\u00e0 di Fermo si \u00e8 distinta in ambito internazionale per l\u2019importante presenza di istituti scolastici che offrono vari e strutturati percorsi di apprendimento formale, ma determinante \u00e8 stata la presenza capillare delle molte Associazioni e gli Enti che si occupano di apprendimento non formale e informale offrendo occasioni di crescita a tutti i cittadini, per tutto l\u2019arco della vita e nel corso di tutto l\u2019anno.<\/p>\n<p>Per migliorare la conoscenza di queste realt\u00e0 l\u2019associazione Fermo Citt\u00e0 dell\u2019Apprendimento, il Comune di Fermo e l\u2019Ambito XIX, con il supporto della Cassa di Risparmio di Fermo, hanno avviato il progetto ferMAPPrendo &#8211; mappa dell\u2019apprendimento a Fermo lo scopo di raccogliere in un unico database i dati delle organizzazioni che si occupano di apprendimento in citt\u00e0 e di restituire le informazioni in un mappa fruibile da cittadini e turisti.[\/vc_column_text][vc_column_text css=&#8221;.vc_custom_1634746143078{padding-top: 15px !important;}&#8221; el_class=&#8221;testo&#8221;]<strong>L\u2019apprendimento continuo pone le basi per uno sviluppo sociale, economico e ambientale sostenibile<\/strong>. Il cambiamento inizia dai cittadini che devono ricevere gli strumenti necessari per anticipare e affrontare le sfide sociali, ambientali ed economiche, che mutano continuamente.<\/p>\n<p>Fornire ai cittadini molteplici opportunit\u00e0 di apprendimento li aiuta a sviluppare le abilit\u00e0, le competenze e gli atteggiamenti necessari per uno sviluppo sostenibile.<\/p>\n<p>Nel 2015 \u00e8 stato istituito l\u2019<strong>UNESCO Learning City Award<\/strong>, con l\u2019obiettivo di <strong>incoraggiare e premiare i progressi compiuti nello sviluppo di \u201ccitt\u00e0 che apprendono\u201d in tutto il mondo<\/strong>.<\/p>\n<p>Il Premio viene conferito alle citt\u00e0 che raggiungono requisiti eccezionali nella promozione dell\u2019apprendimento permanente attraverso la realizzazione degli obiettivi suddetti e dal 2018 la Citt\u00e0 di Fermo \u00e8 stata inserita nelle Learning City UNESCO insieme a citt\u00e0 del calibro di Torino, Palermo, Lucca e Trieste.[\/vc_column_text][\/vc_column][\/vc_row][vc_row row_content_width=&#8221;grid&#8221; content_text_aligment=&#8221;center&#8221; css=&#8221;.vc_custom_1634746918847{padding-top: 50px !important;padding-bottom: 100px !important;}&#8221;][vc_column]<a itemprop=\"url\" href=\"https:\/\/www.visitfermo.it\/it\/fermapprendo\" target=\"_self\" style=\"margin: 10px 20px\" class=\"mkdf-btn mkdf-btn-medium mkdf-btn-simple\"  >\n    <span class=\"mkdf-btn-text\">Scopri di pi\u00f9<\/span>\n    <\/a>[\/vc_column][\/vc_row]<\/p>\n<\/div>","protected":false},"excerpt":{"rendered":"<p>[vc_row row_content_width=&#8221;grid&#8221; css=&#8221;.vc_custom_1633627332561{padding-top: 100px !important;}&#8221;][vc_column][vc_column_text el_class=&#8221;testo-intro&#8221;]Viviamo in un mondo in rapida evoluzione. Studi antropologici dimostrano che i cittadini che acquisiscono nuove conoscenze e abilit\u00e0 in una vasta gamma di contesti hanno pi\u00f9 armi per adattarsi ai cambiamenti sociali e ambientali. L\u2019apprendimento permanente svolge quindi un ruolo vitale per la transizione della nostra generazione verso societ\u00e0 sostenibili.[\/vc_column_text][vc_empty_space height=&#8221;50px&#8221;][vc_empty_space height=&#8221;25px&#8221;][vc_column_text css=&#8221;.vc_custom_1635437274642{padding-top: 15px !important;}&#8221; el_class=&#8221;testo&#8221;]\u201cImparare per tutta la vita\u201d \u00e8 un elemento essenziale di sopravvivenza dell\u2019umanit\u00e0 radicato in tutte le culture. Per questo l\u2019UNESCO nel 2015 ha istituito una Global Network [&hellip;]<\/p>\n","protected":false},"author":2,"featured_media":0,"parent":0,"menu_order":0,"comment_status":"closed","ping_status":"closed","template":"full-width.php","meta":{"_acf_changed":false,"footnotes":""},"class_list":["post-7253","page","type-page","status-publish","hentry"],"acf":[],"yoast_head":"<!-- This site is optimized with the Yoast SEO plugin v26.5 - https:\/\/yoast.com\/wordpress\/plugins\/seo\/ -->\n<title>Fermo Learning City dell&#039;UNESCO - Visit Fermo<\/title>\n<meta name=\"description\" content=\"Fermo fa parte del Global Network of Learning Cities, una rete di citt\u00e0 per promuovere l\u2019apprendimento inclusivo, dall\u2019istruzione di base a quella avanzata.\" \/>\n<meta name=\"robots\" content=\"index, follow, max-snippet:-1, max-image-preview:large, max-video-preview:-1\" \/>\n<link rel=\"canonical\" href=\"https:\/\/www.visitfermo.it\/it\/fermo-learning-city-dell-unesco\" \/>\n<meta property=\"og:locale\" content=\"it_IT\" \/>\n<meta property=\"og:type\" content=\"article\" \/>\n<meta property=\"og:title\" content=\"Fermo Learning City dell&#039;UNESCO - Visit Fermo\" \/>\n<meta property=\"og:description\" content=\"Fermo fa parte del Global Network of Learning Cities, una rete di citt\u00e0 per promuovere l\u2019apprendimento inclusivo, dall\u2019istruzione di base a quella avanzata.\" \/>\n<meta property=\"og:url\" content=\"https:\/\/www.visitfermo.it\/it\/fermo-learning-city-dell-unesco\" \/>\n<meta property=\"og:site_name\" content=\"Visit Fermo\" \/>\n<meta property=\"article:publisher\" content=\"https:\/\/www.facebook.com\/VstFermo\/\" \/>\n<meta property=\"article:modified_time\" content=\"2022-10-21T13:11:50+00:00\" \/>\n<meta name=\"twitter:card\" content=\"summary_large_image\" \/>\n<meta name=\"twitter:site\" content=\"@FermoTurismo\" \/>\n<meta name=\"twitter:label1\" content=\"Est. reading time\" \/>\n\t<meta name=\"twitter:data1\" content=\"4 minutes\" \/>\n<script type=\"application\/ld+json\" class=\"yoast-schema-graph\">{\"@context\":\"https:\/\/schema.org\",\"@graph\":[{\"@type\":\"WebPage\",\"@id\":\"https:\/\/www.visitfermo.it\/it\/fermo-learning-city-dell-unesco\",\"url\":\"https:\/\/www.visitfermo.it\/it\/fermo-learning-city-dell-unesco\",\"name\":\"Fermo Learning City dell'UNESCO - Visit Fermo\",\"isPartOf\":{\"@id\":\"https:\/\/www.visitfermo.it\/it\/#website\"},\"datePublished\":\"2021-10-20T16:01:59+00:00\",\"dateModified\":\"2022-10-21T13:11:50+00:00\",\"description\":\"Fermo fa parte del Global Network of Learning Cities, una rete di citt\u00e0 per promuovere l\u2019apprendimento inclusivo, dall\u2019istruzione di base a quella avanzata.\",\"breadcrumb\":{\"@id\":\"https:\/\/www.visitfermo.it\/it\/fermo-learning-city-dell-unesco#breadcrumb\"},\"inLanguage\":\"it\",\"potentialAction\":[{\"@type\":\"ReadAction\",\"target\":[\"https:\/\/www.visitfermo.it\/it\/fermo-learning-city-dell-unesco\"]}]},{\"@type\":\"BreadcrumbList\",\"@id\":\"https:\/\/www.visitfermo.it\/it\/fermo-learning-city-dell-unesco#breadcrumb\",\"itemListElement\":[{\"@type\":\"ListItem\",\"position\":1,\"name\":\"Home\",\"item\":\"https:\/\/www.visitfermo.it\/it\"},{\"@type\":\"ListItem\",\"position\":2,\"name\":\"Fermo Learning City dell&#8217;UNESCO\"}]},{\"@type\":\"WebSite\",\"@id\":\"https:\/\/www.visitfermo.it\/it\/#website\",\"url\":\"https:\/\/www.visitfermo.it\/it\/\",\"name\":\"Visit Fermo\",\"description\":\"Fermo a place for me\",\"publisher\":{\"@id\":\"https:\/\/www.visitfermo.it\/it\/#organization\"},\"potentialAction\":[{\"@type\":\"SearchAction\",\"target\":{\"@type\":\"EntryPoint\",\"urlTemplate\":\"https:\/\/www.visitfermo.it\/it\/?s={search_term_string}\"},\"query-input\":{\"@type\":\"PropertyValueSpecification\",\"valueRequired\":true,\"valueName\":\"search_term_string\"}}],\"inLanguage\":\"it\"},{\"@type\":\"Organization\",\"@id\":\"https:\/\/www.visitfermo.it\/it\/#organization\",\"name\":\"Visit Fermo\",\"url\":\"https:\/\/www.visitfermo.it\/it\/\",\"logo\":{\"@type\":\"ImageObject\",\"inLanguage\":\"it\",\"@id\":\"https:\/\/www.visitfermo.it\/it\/#\/schema\/logo\/image\/\",\"url\":\"https:\/\/www.visitfermo.it\/wp-content\/uploads\/2018\/02\/logo-fermo-a-place-for-me-giallo.png\",\"contentUrl\":\"https:\/\/www.visitfermo.it\/wp-content\/uploads\/2018\/02\/logo-fermo-a-place-for-me-giallo.png\",\"width\":453,\"height\":230,\"caption\":\"Visit Fermo\"},\"image\":{\"@id\":\"https:\/\/www.visitfermo.it\/it\/#\/schema\/logo\/image\/\"},\"sameAs\":[\"https:\/\/www.facebook.com\/VstFermo\/\",\"https:\/\/x.com\/FermoTurismo\",\"https:\/\/www.instagram.com\/visitfermo\/\",\"https:\/\/www.youtube.com\/c\/VisitFermo\"]}]}<\/script>\n<!-- \/ Yoast SEO plugin. -->","yoast_head_json":{"title":"Fermo Learning City dell'UNESCO - Visit Fermo","description":"Fermo fa parte del Global Network of Learning Cities, una rete di citt\u00e0 per promuovere l\u2019apprendimento inclusivo, dall\u2019istruzione di base a quella avanzata.","robots":{"index":"index","follow":"follow","max-snippet":"max-snippet:-1","max-image-preview":"max-image-preview:large","max-video-preview":"max-video-preview:-1"},"canonical":"https:\/\/www.visitfermo.it\/it\/fermo-learning-city-dell-unesco","og_locale":"it_IT","og_type":"article","og_title":"Fermo Learning City dell'UNESCO - Visit Fermo","og_description":"Fermo fa parte del Global Network of Learning Cities, una rete di citt\u00e0 per promuovere l\u2019apprendimento inclusivo, dall\u2019istruzione di base a quella avanzata.","og_url":"https:\/\/www.visitfermo.it\/it\/fermo-learning-city-dell-unesco","og_site_name":"Visit Fermo","article_publisher":"https:\/\/www.facebook.com\/VstFermo\/","article_modified_time":"2022-10-21T13:11:50+00:00","twitter_card":"summary_large_image","twitter_site":"@FermoTurismo","twitter_misc":{"Est. reading time":"4 minutes"},"schema":{"@context":"https:\/\/schema.org","@graph":[{"@type":"WebPage","@id":"https:\/\/www.visitfermo.it\/it\/fermo-learning-city-dell-unesco","url":"https:\/\/www.visitfermo.it\/it\/fermo-learning-city-dell-unesco","name":"Fermo Learning City dell'UNESCO - Visit Fermo","isPartOf":{"@id":"https:\/\/www.visitfermo.it\/it\/#website"},"datePublished":"2021-10-20T16:01:59+00:00","dateModified":"2022-10-21T13:11:50+00:00","description":"Fermo fa parte del Global Network of Learning Cities, una rete di citt\u00e0 per promuovere l\u2019apprendimento inclusivo, dall\u2019istruzione di base a quella avanzata.","breadcrumb":{"@id":"https:\/\/www.visitfermo.it\/it\/fermo-learning-city-dell-unesco#breadcrumb"},"inLanguage":"it","potentialAction":[{"@type":"ReadAction","target":["https:\/\/www.visitfermo.it\/it\/fermo-learning-city-dell-unesco"]}]},{"@type":"BreadcrumbList","@id":"https:\/\/www.visitfermo.it\/it\/fermo-learning-city-dell-unesco#breadcrumb","itemListElement":[{"@type":"ListItem","position":1,"name":"Home","item":"https:\/\/www.visitfermo.it\/it"},{"@type":"ListItem","position":2,"name":"Fermo Learning City dell&#8217;UNESCO"}]},{"@type":"WebSite","@id":"https:\/\/www.visitfermo.it\/it\/#website","url":"https:\/\/www.visitfermo.it\/it\/","name":"Visit Fermo","description":"Fermo a place for me","publisher":{"@id":"https:\/\/www.visitfermo.it\/it\/#organization"},"potentialAction":[{"@type":"SearchAction","target":{"@type":"EntryPoint","urlTemplate":"https:\/\/www.visitfermo.it\/it\/?s={search_term_string}"},"query-input":{"@type":"PropertyValueSpecification","valueRequired":true,"valueName":"search_term_string"}}],"inLanguage":"it"},{"@type":"Organization","@id":"https:\/\/www.visitfermo.it\/it\/#organization","name":"Visit Fermo","url":"https:\/\/www.visitfermo.it\/it\/","logo":{"@type":"ImageObject","inLanguage":"it","@id":"https:\/\/www.visitfermo.it\/it\/#\/schema\/logo\/image\/","url":"https:\/\/www.visitfermo.it\/wp-content\/uploads\/2018\/02\/logo-fermo-a-place-for-me-giallo.png","contentUrl":"https:\/\/www.visitfermo.it\/wp-content\/uploads\/2018\/02\/logo-fermo-a-place-for-me-giallo.png","width":453,"height":230,"caption":"Visit Fermo"},"image":{"@id":"https:\/\/www.visitfermo.it\/it\/#\/schema\/logo\/image\/"},"sameAs":["https:\/\/www.facebook.com\/VstFermo\/","https:\/\/x.com\/FermoTurismo","https:\/\/www.instagram.com\/visitfermo\/","https:\/\/www.youtube.com\/c\/VisitFermo"]}]}},"_links":{"self":[{"href":"https:\/\/www.visitfermo.it\/it\/wp-json\/wp\/v2\/pages\/7253","targetHints":{"allow":["GET"]}}],"collection":[{"href":"https:\/\/www.visitfermo.it\/it\/wp-json\/wp\/v2\/pages"}],"about":[{"href":"https:\/\/www.visitfermo.it\/it\/wp-json\/wp\/v2\/types\/page"}],"author":[{"embeddable":true,"href":"https:\/\/www.visitfermo.it\/it\/wp-json\/wp\/v2\/users\/2"}],"replies":[{"embeddable":true,"href":"https:\/\/www.visitfermo.it\/it\/wp-json\/wp\/v2\/comments?post=7253"}],"version-history":[{"count":17,"href":"https:\/\/www.visitfermo.it\/it\/wp-json\/wp\/v2\/pages\/7253\/revisions"}],"predecessor-version":[{"id":19884,"href":"https:\/\/www.visitfermo.it\/it\/wp-json\/wp\/v2\/pages\/7253\/revisions\/19884"}],"wp:attachment":[{"href":"https:\/\/www.visitfermo.it\/it\/wp-json\/wp\/v2\/media?parent=7253"}],"curies":[{"name":"wp","href":"https:\/\/api.w.org\/{rel}","templated":true}]}}