{"id":6238,"date":"2021-10-06T16:43:09","date_gmt":"2021-10-06T16:43:09","guid":{"rendered":"https:\/\/visitfermo.it\/eventi-da-non-perdere\/concorso-violinistico-internazionale-postacchini-copy"},"modified":"2022-03-28T08:15:28","modified_gmt":"2022-03-28T07:15:28","slug":"fermhamente","status":"publish","type":"page","link":"https:\/\/www.visitfermo.it\/it\/eventi-da-non-perdere\/fermhamente","title":{"rendered":"FermHAmente &#8211; Festival della Scienza"},"content":{"rendered":"<div class=\"wpb-content-wrapper\"><p>[vc_row row_content_width=&#8221;grid&#8221; css=&#8221;.vc_custom_1633625737604{padding-top: 100px !important;}&#8221;][vc_column][vc_column_text el_class=&#8221;testo-intro&#8221;]<strong>FermHAmente<\/strong>, Festival della scienza di Fermo, \u00e8 uno dei format pi\u00f9 innovativi nell\u2019ambito della diffusione della divulgazione scientifica in Italia. \u00c8 riconosciuto come un appuntamento di riferimento per la qualit\u00e0 del programma, l\u2019originalit\u00e0 dell\u2019organizzazione e l\u2019entusiastica partecipazione di relatori di fama internazionale.[\/vc_column_text][vc_empty_space height=&#8221;50px&#8221;]<div class=\"mkdf-single-image-holder   \">\n    <div class=\"mkdf-si-inner\" >\n                                    <img loading=\"lazy\" decoding=\"async\" width=\"510\" height=\"510\" src=\"https:\/\/www.visitfermo.it\/wp-content\/uploads\/2018\/02\/Fermhamente-logo.png\" class=\"attachment-full size-full\" alt=\"\" srcset=\"https:\/\/www.visitfermo.it\/wp-content\/uploads\/2018\/02\/Fermhamente-logo.png 510w, https:\/\/www.visitfermo.it\/wp-content\/uploads\/2018\/02\/Fermhamente-logo-300x300.png 300w\" sizes=\"auto, (max-width: 510px) 100vw, 510px\" \/>                        <\/div>\n<\/div>[vc_empty_space height=&#8221;25px&#8221;][vc_column_text css=&#8221;.vc_custom_1633538632723{padding-top: 15px !important;}&#8221; el_class=&#8221;testo&#8221;]L\u2019obiettivo primario del Festival \u00e8 mettere a disposizione dei visitatori negli edifici del centro storico di Fermo, unica citt\u00e0 italiana, insieme a Torino, riconosciuta dall\u2019Unesco come Learning city (citt\u00e0 dell\u2019apprendimento), in maniera totalmente gratuita, proposte scientifiche di altissima qualit\u00e0, presentate e spiegate da professionisti del settore in modo informale, puntuale e brillante.<br \/>\nIl Festival \u00e8 rivolto a scuole, utenti individuali, gruppi, studenti, famiglie, appassionati di scienza e, soprattutto, al profilo \u201centry level\u201d, cio\u00e8 quel segmento di derivazione televisiva generalista che si affaccia alla materia senza una preparazione specifica.<br \/>\nIl Festival sin dalla sua nascita si \u00e8 caratterizzato come un evento immersivo nella citt\u00e0 di Fermo. Oltre al pubblico, ai professori e ai relatori, protagoniste della manifestazione sono le storiche location di Fermo, allestite a laboratori o conferenze per offrire al pubblico l\u2019opportunit\u00e0 di fruire in modo inusuale dei beni culturali, nell\u2019ottica di una reciproca valorizzazione tra eccellenze scientifiche e patrimonio storico-artistico.[\/vc_column_text][vc_empty_space height=&#8221;30px&#8221;][vc_column_text css=&#8221;.vc_custom_1634293549537{padding-top: 15px !important;}&#8221; el_class=&#8221;testo&#8221;]<\/p>\n<h2>FermHAmente: la casa dello Steam<\/h2>\n<p>[\/vc_column_text][vc_column_text css=&#8221;.vc_custom_1634293539205{padding-top: 15px !important;}&#8221; el_class=&#8221;testo&#8221;]Contrariamente alla convinzione che le arti e le scienze debbano rimanere mondi separati, l\u2019uso di forme d\u2019arte integrato allo studio della matematica e delle scienze tende a migliorare in maniera significativa l\u2019attitudine degli studenti nei confronti delle discipline scientifiche.<br \/>\nL\u2019uso di forme d\u2019arte, infatti, non toglie nulla all\u2019approccio scientifico, anzi ne sostanzia il valore, ne rafforza l\u2019utilit\u00e0 e permette la creazione di un fruttuoso ambiente di apprendimento interdisciplinare, perch\u00e8 favorisce lo sviluppo della creativit\u00e0 e del pensiero critico, ampliando l\u2019uso del vocabolario e del linguaggio simbolico, della plasticit\u00e0 neurale, delle abilit\u00e0 visivo-spaziali, della fiducia in se stessi, della persistenza e delle competenze socio-relazionali.<br \/>\nSTEAM non \u00e8 solo un acronimo,( ScienceTechnology Engineering Arts Mathematics ) ma diventa un modo diverso di \u201cvedere\u201d il mondo, di integrare approccio creativo e competenze tecniche.<br \/>\nLa metodologia \u201carts integration\u201d, da un lato incoraggia l\u2019accesso al processo creativo umano attraverso la collaborazione, il team building e il lavoro interpersonale creando di conseguenza una forte connessione tra il dominio affettivo e quello cognitivo dello studente; dall\u2019altro, un ponte tra il palpabile e l\u2019astratto, permettendo di acquisire conoscenze sulla realt\u00e0 in un percorso che parte da un approccio informale altamente partecipativo fino ad arrivare alla necessaria formalizzazione dei risultati.<br \/>\nFermHAmente sposa in toto questa visione ed \u00e8 membro privilegiato sul territorio nazionale di una rete europea ed internazionale STEAM.[\/vc_column_text][vc_empty_space height=&#8221;50px&#8221;]\n\n    <div class=\"mkdf-tour-item-single-holder fixmargintop\" style=\"margin-top: 0px;\">\n        <div class=\"mkdf-tour-masonry-gallery-holder\">\n            <div class=\"mkdf-tour-masonry-gallery clearfix mkdf-tours-gallery-images-fixed\">\n                <div class=\"mkdf-tour-grid-sizer\"><\/div>\n                <div class=\"mkdf-tour-grid-gutter\"><\/div>\n                \n                                         <div class=\"mkdf-tour-gallery-item mkdf-tgi-masonry-default\">\n                        <div class=\"mkdf-tour-gallery-item-inner\">\n                            <a href=\"https:\/\/www.visitfermo.it\/wp-content\/uploads\/2018\/02\/Fermhamente-Laboratorio.jpg\"\n                               data-rel=\"prettyPhoto[gallery_pretty_photo]\" title=\"Fermhamente &#8211; Laboratorio\">\n                                <img loading=\"lazy\" decoding=\"async\" width=\"550\" height=\"550\" src=\"https:\/\/www.visitfermo.it\/wp-content\/uploads\/2018\/02\/Fermhamente-Laboratorio-550x550.jpg\" class=\"attachment-wanderers_mkdf_square size-wanderers_mkdf_square\" alt=\"\" srcset=\"https:\/\/www.visitfermo.it\/wp-content\/uploads\/2018\/02\/Fermhamente-Laboratorio-550x550.jpg 550w, https:\/\/www.visitfermo.it\/wp-content\/uploads\/2018\/02\/Fermhamente-Laboratorio-1100x1100.jpg 1100w\" sizes=\"auto, (max-width: 550px) 100vw, 550px\" \/>                            <\/a>\n                        <\/div>\n                    <\/div>\n                \n                                         <div class=\"mkdf-tour-gallery-item mkdf-tgi-masonry-default\">\n                        <div class=\"mkdf-tour-gallery-item-inner\">\n                            <a href=\"https:\/\/www.visitfermo.it\/wp-content\/uploads\/2018\/02\/Fermhamente-Laboratorio-2.jpg\"\n                               data-rel=\"prettyPhoto[gallery_pretty_photo]\" title=\"Fermhamente &#8211; Laboratorio 2\">\n                                <img loading=\"lazy\" decoding=\"async\" width=\"550\" height=\"550\" src=\"https:\/\/www.visitfermo.it\/wp-content\/uploads\/2018\/02\/Fermhamente-Laboratorio-2-550x550.jpg\" class=\"attachment-wanderers_mkdf_square size-wanderers_mkdf_square\" alt=\"\" srcset=\"https:\/\/www.visitfermo.it\/wp-content\/uploads\/2018\/02\/Fermhamente-Laboratorio-2-550x550.jpg 550w, https:\/\/www.visitfermo.it\/wp-content\/uploads\/2018\/02\/Fermhamente-Laboratorio-2-1100x1100.jpg 1100w\" sizes=\"auto, (max-width: 550px) 100vw, 550px\" \/>                            <\/a>\n                        <\/div>\n                    <\/div>\n                \n                                         <div class=\"mkdf-tour-gallery-item mkdf-tgi-masonry-large-height\">\n                        <div class=\"mkdf-tour-gallery-item-inner\">\n                            <a href=\"https:\/\/www.visitfermo.it\/wp-content\/uploads\/2018\/02\/Fermhamente-Exhibit.jpg\"\n                               data-rel=\"prettyPhoto[gallery_pretty_photo]\" title=\"Fermhamente &#8211; Exhibit\">\n                                <img loading=\"lazy\" decoding=\"async\" width=\"550\" height=\"1100\" src=\"https:\/\/www.visitfermo.it\/wp-content\/uploads\/2018\/02\/Fermhamente-Exhibit-550x1100.jpg\" class=\"attachment-wanderers_mkdf_portrait size-wanderers_mkdf_portrait\" alt=\"\" \/>                            <\/a>\n                        <\/div>\n                    <\/div>\n                \n                                         <div class=\"mkdf-tour-gallery-item mkdf-tgi-masonry-large-width\">\n                        <div class=\"mkdf-tour-gallery-item-inner\">\n                            <a href=\"https:\/\/www.visitfermo.it\/wp-content\/uploads\/2018\/02\/Fermhamente-Esperimento-2.jpg\"\n                               data-rel=\"prettyPhoto[gallery_pretty_photo]\" title=\"Fermhamente &#8211; Esperimento 2\">\n                                <img loading=\"lazy\" decoding=\"async\" width=\"1100\" height=\"550\" src=\"https:\/\/www.visitfermo.it\/wp-content\/uploads\/2018\/02\/Fermhamente-Esperimento-2-1100x550.jpg\" class=\"attachment-wanderers_mkdf_landscape size-wanderers_mkdf_landscape\" alt=\"\" \/>                            <\/a>\n                        <\/div>\n                    <\/div>\n                \n                                         <div class=\"mkdf-tour-gallery-item mkdf-tgi-masonry-default\">\n                        <div class=\"mkdf-tour-gallery-item-inner\">\n                            <a href=\"https:\/\/www.visitfermo.it\/wp-content\/uploads\/2018\/02\/Fermhamente-Esperimento-4.jpg\"\n                               data-rel=\"prettyPhoto[gallery_pretty_photo]\" title=\"Fermhamente &#8211; Esperimento 4\">\n                                <img loading=\"lazy\" decoding=\"async\" width=\"550\" height=\"550\" src=\"https:\/\/www.visitfermo.it\/wp-content\/uploads\/2018\/02\/Fermhamente-Esperimento-4-550x550.jpg\" class=\"attachment-wanderers_mkdf_square size-wanderers_mkdf_square\" alt=\"\" srcset=\"https:\/\/www.visitfermo.it\/wp-content\/uploads\/2018\/02\/Fermhamente-Esperimento-4-550x550.jpg 550w, https:\/\/www.visitfermo.it\/wp-content\/uploads\/2018\/02\/Fermhamente-Esperimento-4-1100x1100.jpg 1100w\" sizes=\"auto, (max-width: 550px) 100vw, 550px\" \/>                            <\/a>\n                        <\/div>\n                    <\/div>\n                \n                                         <div class=\"mkdf-tour-gallery-item mkdf-tgi-masonry-default\">\n                        <div class=\"mkdf-tour-gallery-item-inner\">\n                            <a href=\"https:\/\/www.visitfermo.it\/wp-content\/uploads\/2018\/02\/Fermhamente-Incontro.jpg\"\n                               data-rel=\"prettyPhoto[gallery_pretty_photo]\" title=\"Fermhamente &#8211; Incontro\">\n                                <img loading=\"lazy\" decoding=\"async\" width=\"550\" height=\"550\" src=\"https:\/\/www.visitfermo.it\/wp-content\/uploads\/2018\/02\/Fermhamente-Incontro-550x550.jpg\" class=\"attachment-wanderers_mkdf_square size-wanderers_mkdf_square\" alt=\"\" srcset=\"https:\/\/www.visitfermo.it\/wp-content\/uploads\/2018\/02\/Fermhamente-Incontro-550x550.jpg 550w, https:\/\/www.visitfermo.it\/wp-content\/uploads\/2018\/02\/Fermhamente-Incontro-1100x1100.jpg 1100w\" sizes=\"auto, (max-width: 550px) 100vw, 550px\" \/>                            <\/a>\n                        <\/div>\n                    <\/div>\n                \n                                         <div class=\"mkdf-tour-gallery-item mkdf-tgi-masonry-default\">\n                        <div class=\"mkdf-tour-gallery-item-inner\">\n                            <a href=\"https:\/\/www.visitfermo.it\/wp-content\/uploads\/2018\/02\/Fermhamente-Gioco.jpg\"\n                               data-rel=\"prettyPhoto[gallery_pretty_photo]\" title=\"Fermhamente &#8211; Gioco\">\n                                <img loading=\"lazy\" decoding=\"async\" width=\"550\" height=\"550\" src=\"https:\/\/www.visitfermo.it\/wp-content\/uploads\/2018\/02\/Fermhamente-Gioco-550x550.jpg\" class=\"attachment-wanderers_mkdf_square size-wanderers_mkdf_square\" alt=\"\" srcset=\"https:\/\/www.visitfermo.it\/wp-content\/uploads\/2018\/02\/Fermhamente-Gioco-550x550.jpg 550w, https:\/\/www.visitfermo.it\/wp-content\/uploads\/2018\/02\/Fermhamente-Gioco-1100x1100.jpg 1100w\" sizes=\"auto, (max-width: 550px) 100vw, 550px\" \/>                            <\/a>\n                        <\/div>\n                    <\/div>\n                            <\/div>\n        <\/div>\n    <\/div>\n[\/vc_column][\/vc_row][vc_row row_content_width=&#8221;grid&#8221; content_text_aligment=&#8221;center&#8221; css=&#8221;.vc_custom_1633535171936{padding-top: 50px !important;padding-bottom: 100px !important;}&#8221;][vc_column]<a itemprop=\"url\" href=\"https:\/\/www.fermhamente.it\/\" target=\"_blank\" style=\"margin: 10px 20px\" class=\"mkdf-btn mkdf-btn-medium mkdf-btn-simple\"  >\n    <span class=\"mkdf-btn-text\">Scopri di pi\u00f9<\/span>\n    <\/a><a itemprop=\"url\" href=\"https:\/\/www.visitfermo.it\/eventi\" target=\"_self\" style=\"margin: 10px 20px\" class=\"mkdf-btn mkdf-btn-medium mkdf-btn-simple\"  >\n    <span class=\"mkdf-btn-text\">Gli eventi da non perdere<\/span>\n    <\/a>[\/vc_column][\/vc_row]<\/p>\n<\/div>","protected":false},"excerpt":{"rendered":"<p>[vc_row row_content_width=&#8221;grid&#8221; css=&#8221;.vc_custom_1633625737604{padding-top: 100px !important;}&#8221;][vc_column][vc_column_text el_class=&#8221;testo-intro&#8221;]FermHAmente, Festival della scienza di Fermo, \u00e8 uno dei format pi\u00f9 innovativi nell\u2019ambito della diffusione della divulgazione scientifica in Italia. \u00c8 riconosciuto come un appuntamento di riferimento per la qualit\u00e0 del programma, l\u2019originalit\u00e0 dell\u2019organizzazione e l\u2019entusiastica partecipazione di relatori di fama internazionale.[\/vc_column_text][vc_empty_space height=&#8221;50px&#8221;][vc_empty_space height=&#8221;25px&#8221;][vc_column_text css=&#8221;.vc_custom_1633538632723{padding-top: 15px !important;}&#8221; el_class=&#8221;testo&#8221;]L\u2019obiettivo primario del Festival \u00e8 mettere a disposizione dei visitatori negli edifici del centro storico di Fermo, unica citt\u00e0 italiana, insieme a Torino, riconosciuta dall\u2019Unesco come Learning city (citt\u00e0 dell\u2019apprendimento), in maniera totalmente gratuita, proposte scientifiche [&hellip;]<\/p>\n","protected":false},"author":2,"featured_media":0,"parent":6228,"menu_order":0,"comment_status":"closed","ping_status":"closed","template":"full-width.php","meta":{"_acf_changed":false,"footnotes":""},"class_list":["post-6238","page","type-page","status-publish","hentry"],"acf":[],"yoast_head":"<!-- This site is optimized with the Yoast SEO plugin v26.5 - https:\/\/yoast.com\/wordpress\/plugins\/seo\/ -->\n<title>FermHAmente, il Festival della scienza di Fermo - Visit Fermo<\/title>\n<meta name=\"description\" content=\"FermHAmente, Festival della scienza di Fermo, \u00e8 uno dei format pi\u00f9 innovativi nella divulgazione scientifica in Italia. Scopri gli appuntamenti.\" \/>\n<meta name=\"robots\" content=\"index, follow, max-snippet:-1, max-image-preview:large, max-video-preview:-1\" \/>\n<link rel=\"canonical\" href=\"https:\/\/www.visitfermo.it\/it\/eventi-da-non-perdere\/fermhamente\" \/>\n<meta property=\"og:locale\" content=\"it_IT\" \/>\n<meta property=\"og:type\" content=\"article\" \/>\n<meta property=\"og:title\" content=\"FermHAmente, il Festival della scienza di Fermo - Visit Fermo\" \/>\n<meta property=\"og:description\" content=\"FermHAmente, Festival della scienza di Fermo, \u00e8 uno dei format pi\u00f9 innovativi nella divulgazione scientifica in Italia. Scopri gli appuntamenti.\" \/>\n<meta property=\"og:url\" content=\"https:\/\/www.visitfermo.it\/it\/eventi-da-non-perdere\/fermhamente\" \/>\n<meta property=\"og:site_name\" content=\"Visit Fermo\" \/>\n<meta property=\"article:publisher\" content=\"https:\/\/www.facebook.com\/VstFermo\/\" \/>\n<meta property=\"article:modified_time\" content=\"2022-03-28T07:15:28+00:00\" \/>\n<meta name=\"twitter:card\" content=\"summary_large_image\" \/>\n<meta name=\"twitter:site\" content=\"@FermoTurismo\" \/>\n<meta name=\"twitter:label1\" content=\"Est. reading time\" \/>\n\t<meta name=\"twitter:data1\" content=\"3 minutes\" \/>\n<script type=\"application\/ld+json\" class=\"yoast-schema-graph\">{\"@context\":\"https:\/\/schema.org\",\"@graph\":[{\"@type\":\"WebPage\",\"@id\":\"https:\/\/www.visitfermo.it\/it\/eventi-da-non-perdere\/fermhamente\",\"url\":\"https:\/\/www.visitfermo.it\/it\/eventi-da-non-perdere\/fermhamente\",\"name\":\"FermHAmente, il Festival della scienza di Fermo - Visit Fermo\",\"isPartOf\":{\"@id\":\"https:\/\/www.visitfermo.it\/it\/#website\"},\"datePublished\":\"2021-10-06T16:43:09+00:00\",\"dateModified\":\"2022-03-28T07:15:28+00:00\",\"description\":\"FermHAmente, Festival della scienza di Fermo, \u00e8 uno dei format pi\u00f9 innovativi nella divulgazione scientifica in Italia. Scopri gli appuntamenti.\",\"breadcrumb\":{\"@id\":\"https:\/\/www.visitfermo.it\/it\/eventi-da-non-perdere\/fermhamente#breadcrumb\"},\"inLanguage\":\"it\",\"potentialAction\":[{\"@type\":\"ReadAction\",\"target\":[\"https:\/\/www.visitfermo.it\/it\/eventi-da-non-perdere\/fermhamente\"]}]},{\"@type\":\"BreadcrumbList\",\"@id\":\"https:\/\/www.visitfermo.it\/it\/eventi-da-non-perdere\/fermhamente#breadcrumb\",\"itemListElement\":[{\"@type\":\"ListItem\",\"position\":1,\"name\":\"Home\",\"item\":\"https:\/\/www.visitfermo.it\/it\"},{\"@type\":\"ListItem\",\"position\":2,\"name\":\"Eventi da non perdere\",\"item\":\"https:\/\/www.visitfermo.it\/it\/eventi-da-non-perdere\"},{\"@type\":\"ListItem\",\"position\":3,\"name\":\"FermHAmente &#8211; Festival della Scienza\"}]},{\"@type\":\"WebSite\",\"@id\":\"https:\/\/www.visitfermo.it\/it\/#website\",\"url\":\"https:\/\/www.visitfermo.it\/it\/\",\"name\":\"Visit Fermo\",\"description\":\"Fermo a place for me\",\"publisher\":{\"@id\":\"https:\/\/www.visitfermo.it\/it\/#organization\"},\"potentialAction\":[{\"@type\":\"SearchAction\",\"target\":{\"@type\":\"EntryPoint\",\"urlTemplate\":\"https:\/\/www.visitfermo.it\/it\/?s={search_term_string}\"},\"query-input\":{\"@type\":\"PropertyValueSpecification\",\"valueRequired\":true,\"valueName\":\"search_term_string\"}}],\"inLanguage\":\"it\"},{\"@type\":\"Organization\",\"@id\":\"https:\/\/www.visitfermo.it\/it\/#organization\",\"name\":\"Visit Fermo\",\"url\":\"https:\/\/www.visitfermo.it\/it\/\",\"logo\":{\"@type\":\"ImageObject\",\"inLanguage\":\"it\",\"@id\":\"https:\/\/www.visitfermo.it\/it\/#\/schema\/logo\/image\/\",\"url\":\"https:\/\/www.visitfermo.it\/wp-content\/uploads\/2018\/02\/logo-fermo-a-place-for-me-giallo.png\",\"contentUrl\":\"https:\/\/www.visitfermo.it\/wp-content\/uploads\/2018\/02\/logo-fermo-a-place-for-me-giallo.png\",\"width\":453,\"height\":230,\"caption\":\"Visit Fermo\"},\"image\":{\"@id\":\"https:\/\/www.visitfermo.it\/it\/#\/schema\/logo\/image\/\"},\"sameAs\":[\"https:\/\/www.facebook.com\/VstFermo\/\",\"https:\/\/x.com\/FermoTurismo\",\"https:\/\/www.instagram.com\/visitfermo\/\",\"https:\/\/www.youtube.com\/c\/VisitFermo\"]}]}<\/script>\n<!-- \/ Yoast SEO plugin. -->","yoast_head_json":{"title":"FermHAmente, il Festival della scienza di Fermo - Visit Fermo","description":"FermHAmente, Festival della scienza di Fermo, \u00e8 uno dei format pi\u00f9 innovativi nella divulgazione scientifica in Italia. Scopri gli appuntamenti.","robots":{"index":"index","follow":"follow","max-snippet":"max-snippet:-1","max-image-preview":"max-image-preview:large","max-video-preview":"max-video-preview:-1"},"canonical":"https:\/\/www.visitfermo.it\/it\/eventi-da-non-perdere\/fermhamente","og_locale":"it_IT","og_type":"article","og_title":"FermHAmente, il Festival della scienza di Fermo - Visit Fermo","og_description":"FermHAmente, Festival della scienza di Fermo, \u00e8 uno dei format pi\u00f9 innovativi nella divulgazione scientifica in Italia. Scopri gli appuntamenti.","og_url":"https:\/\/www.visitfermo.it\/it\/eventi-da-non-perdere\/fermhamente","og_site_name":"Visit Fermo","article_publisher":"https:\/\/www.facebook.com\/VstFermo\/","article_modified_time":"2022-03-28T07:15:28+00:00","twitter_card":"summary_large_image","twitter_site":"@FermoTurismo","twitter_misc":{"Est. reading time":"3 minutes"},"schema":{"@context":"https:\/\/schema.org","@graph":[{"@type":"WebPage","@id":"https:\/\/www.visitfermo.it\/it\/eventi-da-non-perdere\/fermhamente","url":"https:\/\/www.visitfermo.it\/it\/eventi-da-non-perdere\/fermhamente","name":"FermHAmente, il Festival della scienza di Fermo - Visit Fermo","isPartOf":{"@id":"https:\/\/www.visitfermo.it\/it\/#website"},"datePublished":"2021-10-06T16:43:09+00:00","dateModified":"2022-03-28T07:15:28+00:00","description":"FermHAmente, Festival della scienza di Fermo, \u00e8 uno dei format pi\u00f9 innovativi nella divulgazione scientifica in Italia. Scopri gli appuntamenti.","breadcrumb":{"@id":"https:\/\/www.visitfermo.it\/it\/eventi-da-non-perdere\/fermhamente#breadcrumb"},"inLanguage":"it","potentialAction":[{"@type":"ReadAction","target":["https:\/\/www.visitfermo.it\/it\/eventi-da-non-perdere\/fermhamente"]}]},{"@type":"BreadcrumbList","@id":"https:\/\/www.visitfermo.it\/it\/eventi-da-non-perdere\/fermhamente#breadcrumb","itemListElement":[{"@type":"ListItem","position":1,"name":"Home","item":"https:\/\/www.visitfermo.it\/it"},{"@type":"ListItem","position":2,"name":"Eventi da non perdere","item":"https:\/\/www.visitfermo.it\/it\/eventi-da-non-perdere"},{"@type":"ListItem","position":3,"name":"FermHAmente &#8211; Festival della Scienza"}]},{"@type":"WebSite","@id":"https:\/\/www.visitfermo.it\/it\/#website","url":"https:\/\/www.visitfermo.it\/it\/","name":"Visit Fermo","description":"Fermo a place for me","publisher":{"@id":"https:\/\/www.visitfermo.it\/it\/#organization"},"potentialAction":[{"@type":"SearchAction","target":{"@type":"EntryPoint","urlTemplate":"https:\/\/www.visitfermo.it\/it\/?s={search_term_string}"},"query-input":{"@type":"PropertyValueSpecification","valueRequired":true,"valueName":"search_term_string"}}],"inLanguage":"it"},{"@type":"Organization","@id":"https:\/\/www.visitfermo.it\/it\/#organization","name":"Visit Fermo","url":"https:\/\/www.visitfermo.it\/it\/","logo":{"@type":"ImageObject","inLanguage":"it","@id":"https:\/\/www.visitfermo.it\/it\/#\/schema\/logo\/image\/","url":"https:\/\/www.visitfermo.it\/wp-content\/uploads\/2018\/02\/logo-fermo-a-place-for-me-giallo.png","contentUrl":"https:\/\/www.visitfermo.it\/wp-content\/uploads\/2018\/02\/logo-fermo-a-place-for-me-giallo.png","width":453,"height":230,"caption":"Visit Fermo"},"image":{"@id":"https:\/\/www.visitfermo.it\/it\/#\/schema\/logo\/image\/"},"sameAs":["https:\/\/www.facebook.com\/VstFermo\/","https:\/\/x.com\/FermoTurismo","https:\/\/www.instagram.com\/visitfermo\/","https:\/\/www.youtube.com\/c\/VisitFermo"]}]}},"_links":{"self":[{"href":"https:\/\/www.visitfermo.it\/it\/wp-json\/wp\/v2\/pages\/6238","targetHints":{"allow":["GET"]}}],"collection":[{"href":"https:\/\/www.visitfermo.it\/it\/wp-json\/wp\/v2\/pages"}],"about":[{"href":"https:\/\/www.visitfermo.it\/it\/wp-json\/wp\/v2\/types\/page"}],"author":[{"embeddable":true,"href":"https:\/\/www.visitfermo.it\/it\/wp-json\/wp\/v2\/users\/2"}],"replies":[{"embeddable":true,"href":"https:\/\/www.visitfermo.it\/it\/wp-json\/wp\/v2\/comments?post=6238"}],"version-history":[{"count":14,"href":"https:\/\/www.visitfermo.it\/it\/wp-json\/wp\/v2\/pages\/6238\/revisions"}],"predecessor-version":[{"id":6240,"href":"https:\/\/www.visitfermo.it\/it\/wp-json\/wp\/v2\/pages\/6238\/revisions\/6240"}],"up":[{"embeddable":true,"href":"https:\/\/www.visitfermo.it\/it\/wp-json\/wp\/v2\/pages\/6228"}],"wp:attachment":[{"href":"https:\/\/www.visitfermo.it\/it\/wp-json\/wp\/v2\/media?parent=6238"}],"curies":[{"name":"wp","href":"https:\/\/api.w.org\/{rel}","templated":true}]}}