{"id":6208,"date":"2021-10-06T14:13:48","date_gmt":"2021-10-06T14:13:48","guid":{"rendered":"https:\/\/visitfermo.it\/fermo-una-storia-millenaria-copy"},"modified":"2023-01-02T11:47:01","modified_gmt":"2023-01-02T10:47:01","slug":"concorso-violinistico-internazionale-postacchini","status":"publish","type":"page","link":"https:\/\/www.visitfermo.it\/it\/eventi-da-non-perdere\/concorso-violinistico-internazionale-postacchini","title":{"rendered":"Concorso violinistico internazionale Postacchini"},"content":{"rendered":"<div class=\"wpb-content-wrapper\"><p>[vc_row row_content_width=&#8221;grid&#8221; css=&#8221;.vc_custom_1633701437604{padding-top: 100px !important;}&#8221;][vc_column][vc_column_text el_class=&#8221;testo-intro&#8221;]Il\u00a0<strong>Concorso Violinistico \u201cAndrea Postacchini\u201d<\/strong>, organizzato dall\u2019Associazione Antiqua Marca Fermana, \u00e8 un appuntamento violinistico internazionale presente al Teatro dell\u2019Aquila di Fermo dal 1994. La manifestazione si prefigge di tenere in viva la memoria dell\u2019eccelso liutaio e di offrire a giovani musicisti di tutto il mondo l\u2019<strong>opportunit\u00e0 di mettere in mostra il proprio talento<\/strong>.[\/vc_column_text][vc_empty_space height=&#8221;50px&#8221;]<div class=\"mkdf-single-image-holder   \">\n    <div class=\"mkdf-si-inner\" >\n                                    <img loading=\"lazy\" decoding=\"async\" width=\"510\" height=\"510\" src=\"https:\/\/www.visitfermo.it\/wp-content\/uploads\/2018\/02\/Concorso-violinistico-internazionale-Postacchini-logo.png\" class=\"attachment-full size-full\" alt=\"\" srcset=\"https:\/\/www.visitfermo.it\/wp-content\/uploads\/2018\/02\/Concorso-violinistico-internazionale-Postacchini-logo.png 510w, https:\/\/www.visitfermo.it\/wp-content\/uploads\/2018\/02\/Concorso-violinistico-internazionale-Postacchini-logo-300x300.png 300w\" sizes=\"auto, (max-width: 510px) 100vw, 510px\" \/>                        <\/div>\n<\/div>[vc_empty_space height=&#8221;25px&#8221;][vc_column_text css=&#8221;.vc_custom_1633537222909{padding-top: 15px !important;}&#8221; el_class=&#8221;testo&#8221;]Significativi sono i numeri che ruotano attorno al Concorso: centinaia concorrenti iscritti che da tutte le Nazioni si contendono il prestigioso titolo e un montepremi suddiviso tra premi, premi speciali, borse di studio e premio al vincitore assoluto.<\/p>\n<p>Andrea Postacchini nacque a Fermo il 30 novembre 1781. Nel 1815 era gi\u00e0 un<strong> &#8220;valente fabbricatore di strumenti a corda&#8221;<\/strong>, nel 1824 firmava un suo violino come opera n. 214. A Fermo, nel suo laboratorio domestico di via delle Vergini, costru\u00ec strumenti ad arco, chitarre, archetti e si dedic\u00f2 anche al restauro; caratterizz\u00f2 la variegata produzione personale attraverso l&#8217;accurata scelta dei legni, l&#8217;eleganza delle bombature e la finezza delle vernici, solitamente di colore giallo-dorato oppure rosso-bruno. Ci\u00f2, ancora in vita, gli valse la reputazione di eccellente liutaio; i suoi strumenti, ricercatissimi anche per la bella sonorit\u00e0, raggiunsero presto quotazioni molto elevate e vennero commercializzati in tutta Europa. La produzione della maturit\u00e0 artistica reca spesso la etichetta &#8220;Andreas Postacchini Firmanus fecit sub titulo S. Raphaelis Arcang. 18..&#8221;.<\/p>\n<p>Dopo la morte, avvenuta a Fermo il 3 febbraio 1862, Postacchini fu chiamato &#8220;Stradivari delle Marche&#8221;.<\/p>\n<p>Oggi \u00e8 classificato tra i liutai classici italiani del XIX secolo.[\/vc_column_text][vc_empty_space height=&#8221;50px&#8221;]\n\n    <div class=\"mkdf-tour-item-single-holder fixmargintop\" style=\"margin-top: 0px;\">\n        <div class=\"mkdf-tour-masonry-gallery-holder\">\n            <div class=\"mkdf-tour-masonry-gallery clearfix mkdf-tours-gallery-images-fixed\">\n                <div class=\"mkdf-tour-grid-sizer\"><\/div>\n                <div class=\"mkdf-tour-grid-gutter\"><\/div>\n                \n                                         <div class=\"mkdf-tour-gallery-item mkdf-tgi-masonry-large-width\">\n                        <div class=\"mkdf-tour-gallery-item-inner\">\n                            <a href=\"https:\/\/www.visitfermo.it\/wp-content\/uploads\/2018\/02\/Concorso-violinistico-internazionale-Postacchini-Orchestra-e-solista.jpg\"\n                               data-rel=\"prettyPhoto[gallery_pretty_photo]\" title=\"Concorso violinistico internazionale Postacchini &#8211; Orchestra e solista\">\n                                <img loading=\"lazy\" decoding=\"async\" width=\"1100\" height=\"550\" src=\"https:\/\/www.visitfermo.it\/wp-content\/uploads\/2018\/02\/Concorso-violinistico-internazionale-Postacchini-Orchestra-e-solista-1100x550.jpg\" class=\"attachment-wanderers_mkdf_landscape size-wanderers_mkdf_landscape\" alt=\"\" \/>                            <\/a>\n                        <\/div>\n                    <\/div>\n                \n                                         <div class=\"mkdf-tour-gallery-item mkdf-tgi-masonry-default\">\n                        <div class=\"mkdf-tour-gallery-item-inner\">\n                            <a href=\"https:\/\/www.visitfermo.it\/wp-content\/uploads\/2018\/02\/Concorso-violinistico-internazionale-Postacchini-Teatro-dellAquila.jpg\"\n                               data-rel=\"prettyPhoto[gallery_pretty_photo]\" title=\"Concorso violinistico internazionale Postacchini &#8211; Teatro dell&#8217;Aquila\">\n                                <img loading=\"lazy\" decoding=\"async\" width=\"550\" height=\"550\" src=\"https:\/\/www.visitfermo.it\/wp-content\/uploads\/2018\/02\/Concorso-violinistico-internazionale-Postacchini-Teatro-dellAquila-550x550.jpg\" class=\"attachment-wanderers_mkdf_square size-wanderers_mkdf_square\" alt=\"\" srcset=\"https:\/\/www.visitfermo.it\/wp-content\/uploads\/2018\/02\/Concorso-violinistico-internazionale-Postacchini-Teatro-dellAquila-550x550.jpg 550w, https:\/\/www.visitfermo.it\/wp-content\/uploads\/2018\/02\/Concorso-violinistico-internazionale-Postacchini-Teatro-dellAquila-1100x1100.jpg 1100w\" sizes=\"auto, (max-width: 550px) 100vw, 550px\" \/>                            <\/a>\n                        <\/div>\n                    <\/div>\n                \n                                         <div class=\"mkdf-tour-gallery-item mkdf-tgi-masonry-default\">\n                        <div class=\"mkdf-tour-gallery-item-inner\">\n                            <a href=\"https:\/\/www.visitfermo.it\/wp-content\/uploads\/2018\/02\/Concorso-violinistico-internazionale-Postacchini-vincitrice-2019.jpg\"\n                               data-rel=\"prettyPhoto[gallery_pretty_photo]\" title=\"Concorso violinistico internazionale Postacchini &#8211; vincitrice 2019\">\n                                <img loading=\"lazy\" decoding=\"async\" width=\"550\" height=\"550\" src=\"https:\/\/www.visitfermo.it\/wp-content\/uploads\/2018\/02\/Concorso-violinistico-internazionale-Postacchini-vincitrice-2019-550x550.jpg\" class=\"attachment-wanderers_mkdf_square size-wanderers_mkdf_square\" alt=\"\" srcset=\"https:\/\/www.visitfermo.it\/wp-content\/uploads\/2018\/02\/Concorso-violinistico-internazionale-Postacchini-vincitrice-2019-550x550.jpg 550w, https:\/\/www.visitfermo.it\/wp-content\/uploads\/2018\/02\/Concorso-violinistico-internazionale-Postacchini-vincitrice-2019-1100x1100.jpg 1100w\" sizes=\"auto, (max-width: 550px) 100vw, 550px\" \/>                            <\/a>\n                        <\/div>\n                    <\/div>\n                \n                                         <div class=\"mkdf-tour-gallery-item mkdf-tgi-masonry-default\">\n                        <div class=\"mkdf-tour-gallery-item-inner\">\n                            <a href=\"https:\/\/www.visitfermo.it\/wp-content\/uploads\/2018\/02\/Concorso-violinistico-internazionale-Postacchini-vincitore-2018-1.jpg\"\n                               data-rel=\"prettyPhoto[gallery_pretty_photo]\" title=\"Concorso violinistico internazionale Postacchini &#8211; vincitore 2018 1\">\n                                <img loading=\"lazy\" decoding=\"async\" width=\"550\" height=\"550\" src=\"https:\/\/www.visitfermo.it\/wp-content\/uploads\/2018\/02\/Concorso-violinistico-internazionale-Postacchini-vincitore-2018-1-550x550.jpg\" class=\"attachment-wanderers_mkdf_square size-wanderers_mkdf_square\" alt=\"\" srcset=\"https:\/\/www.visitfermo.it\/wp-content\/uploads\/2018\/02\/Concorso-violinistico-internazionale-Postacchini-vincitore-2018-1-550x550.jpg 550w, https:\/\/www.visitfermo.it\/wp-content\/uploads\/2018\/02\/Concorso-violinistico-internazionale-Postacchini-vincitore-2018-1-1100x1100.jpg 1100w\" sizes=\"auto, (max-width: 550px) 100vw, 550px\" \/>                            <\/a>\n                        <\/div>\n                    <\/div>\n                \n                                         <div class=\"mkdf-tour-gallery-item mkdf-tgi-masonry-large-height\">\n                        <div class=\"mkdf-tour-gallery-item-inner\">\n                            <a href=\"https:\/\/www.visitfermo.it\/wp-content\/uploads\/2018\/02\/Concorso-violinistico-internazionale-Postacchini-Concorrente-2.jpg\"\n                               data-rel=\"prettyPhoto[gallery_pretty_photo]\" title=\"Concorso violinistico internazionale Postacchini &#8211; Concorrente 2\">\n                                <img loading=\"lazy\" decoding=\"async\" width=\"550\" height=\"1100\" src=\"https:\/\/www.visitfermo.it\/wp-content\/uploads\/2018\/02\/Concorso-violinistico-internazionale-Postacchini-Concorrente-2-550x1100.jpg\" class=\"attachment-wanderers_mkdf_portrait size-wanderers_mkdf_portrait\" alt=\"\" \/>                            <\/a>\n                        <\/div>\n                    <\/div>\n                \n                                         <div class=\"mkdf-tour-gallery-item mkdf-tgi-masonry-default\">\n                        <div class=\"mkdf-tour-gallery-item-inner\">\n                            <a href=\"https:\/\/www.visitfermo.it\/wp-content\/uploads\/2018\/02\/Concorso-violinistico-internazionale-Postacchini-Orchestra.jpg\"\n                               data-rel=\"prettyPhoto[gallery_pretty_photo]\" title=\"Concorso violinistico internazionale Postacchini &#8211; Orchestra\">\n                                <img loading=\"lazy\" decoding=\"async\" width=\"550\" height=\"550\" src=\"https:\/\/www.visitfermo.it\/wp-content\/uploads\/2018\/02\/Concorso-violinistico-internazionale-Postacchini-Orchestra-550x550.jpg\" class=\"attachment-wanderers_mkdf_square size-wanderers_mkdf_square\" alt=\"\" srcset=\"https:\/\/www.visitfermo.it\/wp-content\/uploads\/2018\/02\/Concorso-violinistico-internazionale-Postacchini-Orchestra-550x550.jpg 550w, https:\/\/www.visitfermo.it\/wp-content\/uploads\/2018\/02\/Concorso-violinistico-internazionale-Postacchini-Orchestra-1100x1100.jpg 1100w\" sizes=\"auto, (max-width: 550px) 100vw, 550px\" \/>                            <\/a>\n                        <\/div>\n                    <\/div>\n                \n                                         <div class=\"mkdf-tour-gallery-item mkdf-tgi-masonry-default\">\n                        <div class=\"mkdf-tour-gallery-item-inner\">\n                            <a href=\"https:\/\/www.visitfermo.it\/wp-content\/uploads\/2018\/02\/Concorso-violinistico-internazionale-Postacchini-Orchestra-2.jpg\"\n                               data-rel=\"prettyPhoto[gallery_pretty_photo]\" title=\"Concorso violinistico internazionale Postacchini &#8211; Orchestra 2\">\n                                <img loading=\"lazy\" decoding=\"async\" width=\"550\" height=\"550\" src=\"https:\/\/www.visitfermo.it\/wp-content\/uploads\/2018\/02\/Concorso-violinistico-internazionale-Postacchini-Orchestra-2-550x550.jpg\" class=\"attachment-wanderers_mkdf_square size-wanderers_mkdf_square\" alt=\"\" srcset=\"https:\/\/www.visitfermo.it\/wp-content\/uploads\/2018\/02\/Concorso-violinistico-internazionale-Postacchini-Orchestra-2-550x550.jpg 550w, https:\/\/www.visitfermo.it\/wp-content\/uploads\/2018\/02\/Concorso-violinistico-internazionale-Postacchini-Orchestra-2-1100x1100.jpg 1100w\" sizes=\"auto, (max-width: 550px) 100vw, 550px\" \/>                            <\/a>\n                        <\/div>\n                    <\/div>\n                \n                                         <div class=\"mkdf-tour-gallery-item mkdf-tgi-masonry-large-width\">\n                        <div class=\"mkdf-tour-gallery-item-inner\">\n                            <a href=\"https:\/\/www.visitfermo.it\/wp-content\/uploads\/2018\/02\/Concorso-violinistico-internazionale-Postacchini-Concorrente-4.jpg\"\n                               data-rel=\"prettyPhoto[gallery_pretty_photo]\" title=\"Concorso violinistico internazionale Postacchini &#8211; Concorrente 4\">\n                                <img loading=\"lazy\" decoding=\"async\" width=\"1100\" height=\"550\" src=\"https:\/\/www.visitfermo.it\/wp-content\/uploads\/2018\/02\/Concorso-violinistico-internazionale-Postacchini-Concorrente-4-1100x550.jpg\" class=\"attachment-wanderers_mkdf_landscape size-wanderers_mkdf_landscape\" alt=\"\" \/>                            <\/a>\n                        <\/div>\n                    <\/div>\n                \n                                         <div class=\"mkdf-tour-gallery-item mkdf-tgi-masonry-default\">\n                        <div class=\"mkdf-tour-gallery-item-inner\">\n                            <a href=\"https:\/\/www.visitfermo.it\/wp-content\/uploads\/2018\/02\/Concorso-violinistico-internazionale-Postacchini-Concorrente-3.jpg\"\n                               data-rel=\"prettyPhoto[gallery_pretty_photo]\" title=\"Concorso violinistico internazionale Postacchini &#8211; Concorrente 3\">\n                                <img loading=\"lazy\" decoding=\"async\" width=\"550\" height=\"550\" src=\"https:\/\/www.visitfermo.it\/wp-content\/uploads\/2018\/02\/Concorso-violinistico-internazionale-Postacchini-Concorrente-3-550x550.jpg\" class=\"attachment-wanderers_mkdf_square size-wanderers_mkdf_square\" alt=\"\" srcset=\"https:\/\/www.visitfermo.it\/wp-content\/uploads\/2018\/02\/Concorso-violinistico-internazionale-Postacchini-Concorrente-3-550x550.jpg 550w, https:\/\/www.visitfermo.it\/wp-content\/uploads\/2018\/02\/Concorso-violinistico-internazionale-Postacchini-Concorrente-3-1100x1100.jpg 1100w\" sizes=\"auto, (max-width: 550px) 100vw, 550px\" \/>                            <\/a>\n                        <\/div>\n                    <\/div>\n                            <\/div>\n        <\/div>\n    <\/div>\n[\/vc_column][\/vc_row][vc_row row_content_width=&#8221;grid&#8221; content_text_aligment=&#8221;center&#8221; css=&#8221;.vc_custom_1633535171936{padding-top: 50px !important;padding-bottom: 100px !important;}&#8221;][vc_column]<a itemprop=\"url\" href=\"https:\/\/www.postacchinifestival.com\/\" target=\"_blank\" style=\"margin: 10px 20px\" class=\"mkdf-btn mkdf-btn-medium mkdf-btn-simple\"  >\n    <span class=\"mkdf-btn-text\">Scopri di pi\u00f9<\/span>\n    <\/a><a itemprop=\"url\" href=\"https:\/\/www.visitfermo.it\/eventi\" target=\"_self\" style=\"margin: 10px 20px\" class=\"mkdf-btn mkdf-btn-medium mkdf-btn-simple\"  >\n    <span class=\"mkdf-btn-text\">Gli eventi da non perdere<\/span>\n    <\/a>[\/vc_column][\/vc_row]<\/p>\n<\/div>","protected":false},"excerpt":{"rendered":"<p>[vc_row row_content_width=&#8221;grid&#8221; css=&#8221;.vc_custom_1633701437604{padding-top: 100px !important;}&#8221;][vc_column][vc_column_text el_class=&#8221;testo-intro&#8221;]Il\u00a0Concorso Violinistico \u201cAndrea Postacchini\u201d, organizzato dall\u2019Associazione Antiqua Marca Fermana, \u00e8 un appuntamento violinistico internazionale presente al Teatro dell\u2019Aquila di Fermo dal 1994. La manifestazione si prefigge di tenere in viva la memoria dell\u2019eccelso liutaio e di offrire a giovani musicisti di tutto il mondo l\u2019opportunit\u00e0 di mettere in mostra il proprio talento.[\/vc_column_text][vc_empty_space height=&#8221;50px&#8221;][vc_empty_space height=&#8221;25px&#8221;][vc_column_text css=&#8221;.vc_custom_1633537222909{padding-top: 15px !important;}&#8221; el_class=&#8221;testo&#8221;]Significativi sono i numeri che ruotano attorno al Concorso: centinaia concorrenti iscritti che da tutte le Nazioni si contendono il prestigioso titolo e un montepremi suddiviso [&hellip;]<\/p>\n","protected":false},"author":2,"featured_media":0,"parent":6228,"menu_order":0,"comment_status":"closed","ping_status":"closed","template":"full-width.php","meta":{"_acf_changed":false,"footnotes":""},"class_list":["post-6208","page","type-page","status-publish","hentry"],"acf":[],"yoast_head":"<!-- This site is optimized with the Yoast SEO plugin v26.5 - https:\/\/yoast.com\/wordpress\/plugins\/seo\/ -->\n<title>Concorso violinistico internazionale Postacchini - Visit Fermo<\/title>\n<meta name=\"description\" content=\"Il Concorso Violinistico \u201cAndrea Postacchini\u201d \u00e8 un appuntamento violinistico internazionale presente al Teatro dell\u2019Aquila di Fermo dal 1994.\" \/>\n<meta name=\"robots\" content=\"index, follow, max-snippet:-1, max-image-preview:large, max-video-preview:-1\" \/>\n<link rel=\"canonical\" href=\"https:\/\/www.visitfermo.it\/it\/eventi-da-non-perdere\/concorso-violinistico-internazionale-postacchini\" \/>\n<meta property=\"og:locale\" content=\"it_IT\" \/>\n<meta property=\"og:type\" content=\"article\" \/>\n<meta property=\"og:title\" content=\"Concorso violinistico internazionale Postacchini - Visit Fermo\" \/>\n<meta property=\"og:description\" content=\"Il Concorso Violinistico \u201cAndrea Postacchini\u201d \u00e8 un appuntamento violinistico internazionale presente al Teatro dell\u2019Aquila di Fermo dal 1994.\" \/>\n<meta property=\"og:url\" content=\"https:\/\/www.visitfermo.it\/it\/eventi-da-non-perdere\/concorso-violinistico-internazionale-postacchini\" \/>\n<meta property=\"og:site_name\" content=\"Visit Fermo\" \/>\n<meta property=\"article:publisher\" content=\"https:\/\/www.facebook.com\/VstFermo\/\" \/>\n<meta property=\"article:modified_time\" content=\"2023-01-02T10:47:01+00:00\" \/>\n<meta name=\"twitter:card\" content=\"summary_large_image\" \/>\n<meta name=\"twitter:site\" content=\"@FermoTurismo\" \/>\n<meta name=\"twitter:label1\" content=\"Est. reading time\" \/>\n\t<meta name=\"twitter:data1\" content=\"2 minutes\" \/>\n<script type=\"application\/ld+json\" class=\"yoast-schema-graph\">{\"@context\":\"https:\/\/schema.org\",\"@graph\":[{\"@type\":\"WebPage\",\"@id\":\"https:\/\/www.visitfermo.it\/it\/eventi-da-non-perdere\/concorso-violinistico-internazionale-postacchini\",\"url\":\"https:\/\/www.visitfermo.it\/it\/eventi-da-non-perdere\/concorso-violinistico-internazionale-postacchini\",\"name\":\"Concorso violinistico internazionale Postacchini - Visit Fermo\",\"isPartOf\":{\"@id\":\"https:\/\/www.visitfermo.it\/it\/#website\"},\"datePublished\":\"2021-10-06T14:13:48+00:00\",\"dateModified\":\"2023-01-02T10:47:01+00:00\",\"description\":\"Il Concorso Violinistico \u201cAndrea Postacchini\u201d \u00e8 un appuntamento violinistico internazionale presente al Teatro dell\u2019Aquila di Fermo dal 1994.\",\"breadcrumb\":{\"@id\":\"https:\/\/www.visitfermo.it\/it\/eventi-da-non-perdere\/concorso-violinistico-internazionale-postacchini#breadcrumb\"},\"inLanguage\":\"it\",\"potentialAction\":[{\"@type\":\"ReadAction\",\"target\":[\"https:\/\/www.visitfermo.it\/it\/eventi-da-non-perdere\/concorso-violinistico-internazionale-postacchini\"]}]},{\"@type\":\"BreadcrumbList\",\"@id\":\"https:\/\/www.visitfermo.it\/it\/eventi-da-non-perdere\/concorso-violinistico-internazionale-postacchini#breadcrumb\",\"itemListElement\":[{\"@type\":\"ListItem\",\"position\":1,\"name\":\"Home\",\"item\":\"https:\/\/www.visitfermo.it\/it\"},{\"@type\":\"ListItem\",\"position\":2,\"name\":\"Eventi da non perdere\",\"item\":\"https:\/\/www.visitfermo.it\/it\/eventi-da-non-perdere\"},{\"@type\":\"ListItem\",\"position\":3,\"name\":\"Concorso violinistico internazionale Postacchini\"}]},{\"@type\":\"WebSite\",\"@id\":\"https:\/\/www.visitfermo.it\/it\/#website\",\"url\":\"https:\/\/www.visitfermo.it\/it\/\",\"name\":\"Visit Fermo\",\"description\":\"Fermo a place for me\",\"publisher\":{\"@id\":\"https:\/\/www.visitfermo.it\/it\/#organization\"},\"potentialAction\":[{\"@type\":\"SearchAction\",\"target\":{\"@type\":\"EntryPoint\",\"urlTemplate\":\"https:\/\/www.visitfermo.it\/it\/?s={search_term_string}\"},\"query-input\":{\"@type\":\"PropertyValueSpecification\",\"valueRequired\":true,\"valueName\":\"search_term_string\"}}],\"inLanguage\":\"it\"},{\"@type\":\"Organization\",\"@id\":\"https:\/\/www.visitfermo.it\/it\/#organization\",\"name\":\"Visit Fermo\",\"url\":\"https:\/\/www.visitfermo.it\/it\/\",\"logo\":{\"@type\":\"ImageObject\",\"inLanguage\":\"it\",\"@id\":\"https:\/\/www.visitfermo.it\/it\/#\/schema\/logo\/image\/\",\"url\":\"https:\/\/www.visitfermo.it\/wp-content\/uploads\/2018\/02\/logo-fermo-a-place-for-me-giallo.png\",\"contentUrl\":\"https:\/\/www.visitfermo.it\/wp-content\/uploads\/2018\/02\/logo-fermo-a-place-for-me-giallo.png\",\"width\":453,\"height\":230,\"caption\":\"Visit Fermo\"},\"image\":{\"@id\":\"https:\/\/www.visitfermo.it\/it\/#\/schema\/logo\/image\/\"},\"sameAs\":[\"https:\/\/www.facebook.com\/VstFermo\/\",\"https:\/\/x.com\/FermoTurismo\",\"https:\/\/www.instagram.com\/visitfermo\/\",\"https:\/\/www.youtube.com\/c\/VisitFermo\"]}]}<\/script>\n<!-- \/ Yoast SEO plugin. -->","yoast_head_json":{"title":"Concorso violinistico internazionale Postacchini - Visit Fermo","description":"Il Concorso Violinistico \u201cAndrea Postacchini\u201d \u00e8 un appuntamento violinistico internazionale presente al Teatro dell\u2019Aquila di Fermo dal 1994.","robots":{"index":"index","follow":"follow","max-snippet":"max-snippet:-1","max-image-preview":"max-image-preview:large","max-video-preview":"max-video-preview:-1"},"canonical":"https:\/\/www.visitfermo.it\/it\/eventi-da-non-perdere\/concorso-violinistico-internazionale-postacchini","og_locale":"it_IT","og_type":"article","og_title":"Concorso violinistico internazionale Postacchini - Visit Fermo","og_description":"Il Concorso Violinistico \u201cAndrea Postacchini\u201d \u00e8 un appuntamento violinistico internazionale presente al Teatro dell\u2019Aquila di Fermo dal 1994.","og_url":"https:\/\/www.visitfermo.it\/it\/eventi-da-non-perdere\/concorso-violinistico-internazionale-postacchini","og_site_name":"Visit Fermo","article_publisher":"https:\/\/www.facebook.com\/VstFermo\/","article_modified_time":"2023-01-02T10:47:01+00:00","twitter_card":"summary_large_image","twitter_site":"@FermoTurismo","twitter_misc":{"Est. reading time":"2 minutes"},"schema":{"@context":"https:\/\/schema.org","@graph":[{"@type":"WebPage","@id":"https:\/\/www.visitfermo.it\/it\/eventi-da-non-perdere\/concorso-violinistico-internazionale-postacchini","url":"https:\/\/www.visitfermo.it\/it\/eventi-da-non-perdere\/concorso-violinistico-internazionale-postacchini","name":"Concorso violinistico internazionale Postacchini - Visit Fermo","isPartOf":{"@id":"https:\/\/www.visitfermo.it\/it\/#website"},"datePublished":"2021-10-06T14:13:48+00:00","dateModified":"2023-01-02T10:47:01+00:00","description":"Il Concorso Violinistico \u201cAndrea Postacchini\u201d \u00e8 un appuntamento violinistico internazionale presente al Teatro dell\u2019Aquila di Fermo dal 1994.","breadcrumb":{"@id":"https:\/\/www.visitfermo.it\/it\/eventi-da-non-perdere\/concorso-violinistico-internazionale-postacchini#breadcrumb"},"inLanguage":"it","potentialAction":[{"@type":"ReadAction","target":["https:\/\/www.visitfermo.it\/it\/eventi-da-non-perdere\/concorso-violinistico-internazionale-postacchini"]}]},{"@type":"BreadcrumbList","@id":"https:\/\/www.visitfermo.it\/it\/eventi-da-non-perdere\/concorso-violinistico-internazionale-postacchini#breadcrumb","itemListElement":[{"@type":"ListItem","position":1,"name":"Home","item":"https:\/\/www.visitfermo.it\/it"},{"@type":"ListItem","position":2,"name":"Eventi da non perdere","item":"https:\/\/www.visitfermo.it\/it\/eventi-da-non-perdere"},{"@type":"ListItem","position":3,"name":"Concorso violinistico internazionale Postacchini"}]},{"@type":"WebSite","@id":"https:\/\/www.visitfermo.it\/it\/#website","url":"https:\/\/www.visitfermo.it\/it\/","name":"Visit Fermo","description":"Fermo a place for me","publisher":{"@id":"https:\/\/www.visitfermo.it\/it\/#organization"},"potentialAction":[{"@type":"SearchAction","target":{"@type":"EntryPoint","urlTemplate":"https:\/\/www.visitfermo.it\/it\/?s={search_term_string}"},"query-input":{"@type":"PropertyValueSpecification","valueRequired":true,"valueName":"search_term_string"}}],"inLanguage":"it"},{"@type":"Organization","@id":"https:\/\/www.visitfermo.it\/it\/#organization","name":"Visit Fermo","url":"https:\/\/www.visitfermo.it\/it\/","logo":{"@type":"ImageObject","inLanguage":"it","@id":"https:\/\/www.visitfermo.it\/it\/#\/schema\/logo\/image\/","url":"https:\/\/www.visitfermo.it\/wp-content\/uploads\/2018\/02\/logo-fermo-a-place-for-me-giallo.png","contentUrl":"https:\/\/www.visitfermo.it\/wp-content\/uploads\/2018\/02\/logo-fermo-a-place-for-me-giallo.png","width":453,"height":230,"caption":"Visit Fermo"},"image":{"@id":"https:\/\/www.visitfermo.it\/it\/#\/schema\/logo\/image\/"},"sameAs":["https:\/\/www.facebook.com\/VstFermo\/","https:\/\/x.com\/FermoTurismo","https:\/\/www.instagram.com\/visitfermo\/","https:\/\/www.youtube.com\/c\/VisitFermo"]}]}},"_links":{"self":[{"href":"https:\/\/www.visitfermo.it\/it\/wp-json\/wp\/v2\/pages\/6208","targetHints":{"allow":["GET"]}}],"collection":[{"href":"https:\/\/www.visitfermo.it\/it\/wp-json\/wp\/v2\/pages"}],"about":[{"href":"https:\/\/www.visitfermo.it\/it\/wp-json\/wp\/v2\/types\/page"}],"author":[{"embeddable":true,"href":"https:\/\/www.visitfermo.it\/it\/wp-json\/wp\/v2\/users\/2"}],"replies":[{"embeddable":true,"href":"https:\/\/www.visitfermo.it\/it\/wp-json\/wp\/v2\/comments?post=6208"}],"version-history":[{"count":19,"href":"https:\/\/www.visitfermo.it\/it\/wp-json\/wp\/v2\/pages\/6208\/revisions"}],"predecessor-version":[{"id":22025,"href":"https:\/\/www.visitfermo.it\/it\/wp-json\/wp\/v2\/pages\/6208\/revisions\/22025"}],"up":[{"embeddable":true,"href":"https:\/\/www.visitfermo.it\/it\/wp-json\/wp\/v2\/pages\/6228"}],"wp:attachment":[{"href":"https:\/\/www.visitfermo.it\/it\/wp-json\/wp\/v2\/media?parent=6208"}],"curies":[{"name":"wp","href":"https:\/\/api.w.org\/{rel}","templated":true}]}}