{"id":5913,"date":"2021-09-23T16:38:12","date_gmt":"2021-09-23T16:38:12","guid":{"rendered":"https:\/\/visitfermo.it\/la-citta-di-fermo-copy"},"modified":"2022-04-07T10:09:07","modified_gmt":"2022-04-07T09:09:07","slug":"fermo-una-storia-millenaria","status":"publish","type":"page","link":"https:\/\/www.visitfermo.it\/it\/fermo-una-storia-millenaria","title":{"rendered":"Fermo: una storia millenaria"},"content":{"rendered":"<div class=\"wpb-content-wrapper\"><p>[vc_row row_content_width=&#8221;grid&#8221; css=&#8221;.vc_custom_1632415216598{padding-top: 100px !important;padding-bottom: 100px !important;}&#8221;][vc_column][vc_column_text el_class=&#8221;testo-intro&#8221;]La citt\u00e0 di Fermo vanta origini antichissime e una storia ricca di avvenimenti significativi; il primo insediamento di cui si hanno tracce nella citt\u00e0 \u00e8 quello dei Villanoviani, che occuparono l\u2019attuale colle del Girfalco intorno al IX secolo a.C. . Segno chiaro della loro presenza sono le necropoli scoperte nella periferia fermana e i vasi fittili di loro produzione. Seguirono poi i Piceni, presenti in questa zona dal VII secolo a.C., popolazione di provenienza laziale che giunse a occupare tutti i territori compresi tra il sud delle Marche e il Nord dell\u2019Abruzzo, fino a Pescara.[\/vc_column_text][vc_empty_space height=&#8221;50px&#8221;][vc_column_text css=&#8221;.vc_custom_1632417183175{padding-top: 15px !important;}&#8221; el_class=&#8221;testo&#8221;]<strong>I Piceni<\/strong> vennero per\u00f2 costretti ad abbandonare la citt\u00e0 quando furono sconfitti dai Romani nel 267 a.C. Fermo divent\u00f2 infatti <strong>colonia romana<\/strong> ufficialmente dal <strong>264 a.C.<\/strong> e numerose sono le testimonianze architettoniche di questo periodo: dai resti del teatro sull\u2019allora <strong>colle Sabulo<\/strong> (oggi Girfalco), alle Cisterne Romane, al <em>Castellum Firmanorum<\/em> in contrada Salvano.<\/p>\n<p>Successivamente, l\u2019amministrazione di Fermo pass\u00f2 agli <strong>Ostrogoti<\/strong>: infatti, \u00e8 qui che teneva la sua corte la madre di re Atalarico, Amalasunta. Quando questa venne esiliata, Giustiniano, imperatore d\u2019Oriente, decise di dare loro battaglia. Fu lui, conquistati i loro territori, a istituire una amministrazione retta dai <em>duces<\/em> e dagli <em>iudices<\/em>. Questi ultimi erano di norma vescovi ed erano incaricati di reggere il governo civile. <strong>I primi <em>iudices<\/em> di Fermo furono probabilmente sant\u2019Alessandro e san Filippo.<\/strong><\/p>\n<p>Nel V secolo, la Citt\u00e0 era governata dall\u2019<strong>Episcopato<\/strong> che, grazie a lasciti testamentari dei fedeli, accrebbe i propri territori e approfitt\u00f2 in tal modo per evangelizzare le campagne circostanti; alla fine del V secolo d.C. invece passarono per Fermo i <strong>Longobardi<\/strong>: segno di questo avvenimento fu la consacrazione ordinata da papa Gregorio Magno di un oratorio a San Savino Vescovo, patrono longobardo. Nell\u2019VIII secolo, ormai alla vigilia della disfatta longobarda, spoletini e fermani si recarono a Roma per dichiarare la resa davanti a papa Adriano I.<\/p>\n<p>In un documento del tardo X secolo viene invece nominata per la prima volta la \u201cmarka firmana\u201d o \u201c<strong>marca fermana<\/strong>\u201d, territorio di confine composto da pi\u00f9 contee e retto da un margravio o marchese. Sar\u00e0 proprio la Marca Fermana a costituire il nucleo originario dell\u2019attuale Regione Marche.<\/p>\n<p>Nel 1130, venne stilata una prima lista di <strong>otto consoli che formavano la magistratura a cui era affidato il governo comunale<\/strong>; in questo periodo, le questioni riguardanti la citt\u00e0 venivano discusse dai capifamiglia che si ritrovavano al Duomo e solo nel 1238 il Comune ebbe il suo palazzo detto Girfalco.<\/p>\n<p>Nel corso del secolo XIII si susseguirono invece i <strong>governi di diversi podest\u00e0 provenienti da Venezia<\/strong>, alcuni dei quali lasceranno la citt\u00e0 di Fermo perch\u00e9 eletti dogi nella citt\u00e0 veneta; i podest\u00e0 esercitavano sulla citt\u00e0 i poteri esecutivo, giudiziario e militare.<\/p>\n<p>A met\u00e0 del 1300, i territori fermani vennero governati da <strong>Mercenario da Monteverde<\/strong>, alla cui uccisione segu\u00ec, con la carica di Signore di Fermo, <strong>Gentile da Mogliano<\/strong>. Venne allora incaricato il cardinale spagnolo <strong>Gil Albornoz<\/strong> da papa Innocenzo VI di restaurare il potere papale sull\u2019area fermana. Dopo sanguinosi scontri con Gentile, questo venne infine allontanato dai territori della Chiesa e Albornoz affid\u00f2 la citt\u00e0 a <strong>Giovanni Visconti d\u2019Oleggio<\/strong>, signore di Bologna.<\/p>\n<p>Nel corso del XV secolo, gli <strong>Sforza<\/strong> sottomisero la citt\u00e0 e successivamente si scontrarono col Papato che voleva riconquistare i territori sottratti dai signori di Milano. Fermo conobbe dunque vicende politiche varie fino all\u2019inizio del XIX secolo, quando Napoleone annett\u00e9 le Marche al Regno d\u2019Italia; successivamente, per un breve periodo, le Marche tornarono sotto il controllo della Chiesa, per poi passare definitivamente sotto il neonato stato italiano.<\/p>\n<p>Proprio in occasione dell\u2019Unificazione Italiana, Fermo perse la sua autonomia di provincia e si vide annessa ad Ascoli Piceno; in seguito alle nefaste vicende della Seconda Guerra Mondiale, la Citt\u00e0 si vide liberata dai soldati polacchi, per poi conoscere una importante crescita economica nel secondo Novecento grazie allo sviluppo del settore calzaturiero.<\/p>\n<p>Fermo \u00e8 nuovamente diventata Provincia nel 2004 e nel 2009, dopo le prime elezioni, il primo Consiglio Provinciale si \u00e8 riunito nella Sala dell\u2019Aquila a Palazzo dei Priori.[\/vc_column_text][vc_empty_space height=&#8221;30px&#8221;]<a itemprop=\"url\" href=\"https:\/\/www.visitfermo.it\/it\/la-citta-di-fermo\" target=\"_self\"  class=\"mkdf-btn mkdf-btn-medium mkdf-btn-simple\"  >\n    <span class=\"mkdf-btn-text\">Indietro<\/span>\n    <\/a>[\/vc_column][\/vc_row]<\/p>\n<\/div>","protected":false},"excerpt":{"rendered":"<p>[vc_row row_content_width=&#8221;grid&#8221; css=&#8221;.vc_custom_1632415216598{padding-top: 100px !important;padding-bottom: 100px !important;}&#8221;][vc_column][vc_column_text el_class=&#8221;testo-intro&#8221;]La citt\u00e0 di Fermo vanta origini antichissime e una storia ricca di avvenimenti significativi; il primo insediamento di cui si hanno tracce nella citt\u00e0 \u00e8 quello dei Villanoviani, che occuparono l\u2019attuale colle del Girfalco intorno al IX secolo a.C. . Segno chiaro della loro presenza sono le necropoli scoperte nella periferia fermana e i vasi fittili di loro produzione. Seguirono poi i Piceni, presenti in questa zona dal VII secolo a.C., popolazione di provenienza laziale che giunse a occupare tutti i [&hellip;]<\/p>\n","protected":false},"author":2,"featured_media":0,"parent":0,"menu_order":0,"comment_status":"closed","ping_status":"closed","template":"full-width.php","meta":{"_acf_changed":false,"footnotes":""},"class_list":["post-5913","page","type-page","status-publish","hentry"],"acf":[],"yoast_head":"<!-- This site is optimized with the Yoast SEO plugin v26.5 - https:\/\/yoast.com\/wordpress\/plugins\/seo\/ -->\n<title>Fermo: una storia millenaria - Visit Fermo<\/title>\n<meta name=\"robots\" content=\"index, follow, max-snippet:-1, max-image-preview:large, max-video-preview:-1\" \/>\n<link rel=\"canonical\" href=\"https:\/\/www.visitfermo.it\/it\/fermo-una-storia-millenaria\" \/>\n<meta property=\"og:locale\" content=\"it_IT\" \/>\n<meta property=\"og:type\" content=\"article\" \/>\n<meta property=\"og:title\" content=\"Fermo: una storia millenaria - Visit Fermo\" \/>\n<meta property=\"og:description\" content=\"[vc_row row_content_width=&#8221;grid&#8221; css=&#8221;.vc_custom_1632415216598{padding-top: 100px !important;padding-bottom: 100px !important;}&#8221;][vc_column][vc_column_text el_class=&#8221;testo-intro&#8221;]La citt\u00e0 di Fermo vanta origini antichissime e una storia ricca di avvenimenti significativi; il primo insediamento di cui si hanno tracce nella citt\u00e0 \u00e8 quello dei Villanoviani, che occuparono l\u2019attuale colle del Girfalco intorno al IX secolo a.C. . Segno chiaro della loro presenza sono le necropoli scoperte nella periferia fermana e i vasi fittili di loro produzione. Seguirono poi i Piceni, presenti in questa zona dal VII secolo a.C., popolazione di provenienza laziale che giunse a occupare tutti i [&hellip;]\" \/>\n<meta property=\"og:url\" content=\"https:\/\/www.visitfermo.it\/it\/fermo-una-storia-millenaria\" \/>\n<meta property=\"og:site_name\" content=\"Visit Fermo\" \/>\n<meta property=\"article:publisher\" content=\"https:\/\/www.facebook.com\/VstFermo\/\" \/>\n<meta property=\"article:modified_time\" content=\"2022-04-07T09:09:07+00:00\" \/>\n<meta name=\"twitter:card\" content=\"summary_large_image\" \/>\n<meta name=\"twitter:site\" content=\"@FermoTurismo\" \/>\n<meta name=\"twitter:label1\" content=\"Est. reading time\" \/>\n\t<meta name=\"twitter:data1\" content=\"4 minutes\" \/>\n<script type=\"application\/ld+json\" class=\"yoast-schema-graph\">{\"@context\":\"https:\/\/schema.org\",\"@graph\":[{\"@type\":\"WebPage\",\"@id\":\"https:\/\/www.visitfermo.it\/it\/fermo-una-storia-millenaria\",\"url\":\"https:\/\/www.visitfermo.it\/it\/fermo-una-storia-millenaria\",\"name\":\"Fermo: una storia millenaria - Visit Fermo\",\"isPartOf\":{\"@id\":\"https:\/\/www.visitfermo.it\/it\/#website\"},\"datePublished\":\"2021-09-23T16:38:12+00:00\",\"dateModified\":\"2022-04-07T09:09:07+00:00\",\"breadcrumb\":{\"@id\":\"https:\/\/www.visitfermo.it\/it\/fermo-una-storia-millenaria#breadcrumb\"},\"inLanguage\":\"it\",\"potentialAction\":[{\"@type\":\"ReadAction\",\"target\":[\"https:\/\/www.visitfermo.it\/it\/fermo-una-storia-millenaria\"]}]},{\"@type\":\"BreadcrumbList\",\"@id\":\"https:\/\/www.visitfermo.it\/it\/fermo-una-storia-millenaria#breadcrumb\",\"itemListElement\":[{\"@type\":\"ListItem\",\"position\":1,\"name\":\"Home\",\"item\":\"https:\/\/www.visitfermo.it\/it\"},{\"@type\":\"ListItem\",\"position\":2,\"name\":\"Fermo: una storia millenaria\"}]},{\"@type\":\"WebSite\",\"@id\":\"https:\/\/www.visitfermo.it\/it\/#website\",\"url\":\"https:\/\/www.visitfermo.it\/it\/\",\"name\":\"Visit Fermo\",\"description\":\"Fermo a place for me\",\"publisher\":{\"@id\":\"https:\/\/www.visitfermo.it\/it\/#organization\"},\"potentialAction\":[{\"@type\":\"SearchAction\",\"target\":{\"@type\":\"EntryPoint\",\"urlTemplate\":\"https:\/\/www.visitfermo.it\/it\/?s={search_term_string}\"},\"query-input\":{\"@type\":\"PropertyValueSpecification\",\"valueRequired\":true,\"valueName\":\"search_term_string\"}}],\"inLanguage\":\"it\"},{\"@type\":\"Organization\",\"@id\":\"https:\/\/www.visitfermo.it\/it\/#organization\",\"name\":\"Visit Fermo\",\"url\":\"https:\/\/www.visitfermo.it\/it\/\",\"logo\":{\"@type\":\"ImageObject\",\"inLanguage\":\"it\",\"@id\":\"https:\/\/www.visitfermo.it\/it\/#\/schema\/logo\/image\/\",\"url\":\"https:\/\/www.visitfermo.it\/wp-content\/uploads\/2018\/02\/logo-fermo-a-place-for-me-giallo.png\",\"contentUrl\":\"https:\/\/www.visitfermo.it\/wp-content\/uploads\/2018\/02\/logo-fermo-a-place-for-me-giallo.png\",\"width\":453,\"height\":230,\"caption\":\"Visit Fermo\"},\"image\":{\"@id\":\"https:\/\/www.visitfermo.it\/it\/#\/schema\/logo\/image\/\"},\"sameAs\":[\"https:\/\/www.facebook.com\/VstFermo\/\",\"https:\/\/x.com\/FermoTurismo\",\"https:\/\/www.instagram.com\/visitfermo\/\",\"https:\/\/www.youtube.com\/c\/VisitFermo\"]}]}<\/script>\n<!-- \/ Yoast SEO plugin. -->","yoast_head_json":{"title":"Fermo: una storia millenaria - Visit Fermo","robots":{"index":"index","follow":"follow","max-snippet":"max-snippet:-1","max-image-preview":"max-image-preview:large","max-video-preview":"max-video-preview:-1"},"canonical":"https:\/\/www.visitfermo.it\/it\/fermo-una-storia-millenaria","og_locale":"it_IT","og_type":"article","og_title":"Fermo: una storia millenaria - Visit Fermo","og_description":"[vc_row row_content_width=&#8221;grid&#8221; css=&#8221;.vc_custom_1632415216598{padding-top: 100px !important;padding-bottom: 100px !important;}&#8221;][vc_column][vc_column_text el_class=&#8221;testo-intro&#8221;]La citt\u00e0 di Fermo vanta origini antichissime e una storia ricca di avvenimenti significativi; il primo insediamento di cui si hanno tracce nella citt\u00e0 \u00e8 quello dei Villanoviani, che occuparono l\u2019attuale colle del Girfalco intorno al IX secolo a.C. . Segno chiaro della loro presenza sono le necropoli scoperte nella periferia fermana e i vasi fittili di loro produzione. Seguirono poi i Piceni, presenti in questa zona dal VII secolo a.C., popolazione di provenienza laziale che giunse a occupare tutti i [&hellip;]","og_url":"https:\/\/www.visitfermo.it\/it\/fermo-una-storia-millenaria","og_site_name":"Visit Fermo","article_publisher":"https:\/\/www.facebook.com\/VstFermo\/","article_modified_time":"2022-04-07T09:09:07+00:00","twitter_card":"summary_large_image","twitter_site":"@FermoTurismo","twitter_misc":{"Est. reading time":"4 minutes"},"schema":{"@context":"https:\/\/schema.org","@graph":[{"@type":"WebPage","@id":"https:\/\/www.visitfermo.it\/it\/fermo-una-storia-millenaria","url":"https:\/\/www.visitfermo.it\/it\/fermo-una-storia-millenaria","name":"Fermo: una storia millenaria - Visit Fermo","isPartOf":{"@id":"https:\/\/www.visitfermo.it\/it\/#website"},"datePublished":"2021-09-23T16:38:12+00:00","dateModified":"2022-04-07T09:09:07+00:00","breadcrumb":{"@id":"https:\/\/www.visitfermo.it\/it\/fermo-una-storia-millenaria#breadcrumb"},"inLanguage":"it","potentialAction":[{"@type":"ReadAction","target":["https:\/\/www.visitfermo.it\/it\/fermo-una-storia-millenaria"]}]},{"@type":"BreadcrumbList","@id":"https:\/\/www.visitfermo.it\/it\/fermo-una-storia-millenaria#breadcrumb","itemListElement":[{"@type":"ListItem","position":1,"name":"Home","item":"https:\/\/www.visitfermo.it\/it"},{"@type":"ListItem","position":2,"name":"Fermo: una storia millenaria"}]},{"@type":"WebSite","@id":"https:\/\/www.visitfermo.it\/it\/#website","url":"https:\/\/www.visitfermo.it\/it\/","name":"Visit Fermo","description":"Fermo a place for me","publisher":{"@id":"https:\/\/www.visitfermo.it\/it\/#organization"},"potentialAction":[{"@type":"SearchAction","target":{"@type":"EntryPoint","urlTemplate":"https:\/\/www.visitfermo.it\/it\/?s={search_term_string}"},"query-input":{"@type":"PropertyValueSpecification","valueRequired":true,"valueName":"search_term_string"}}],"inLanguage":"it"},{"@type":"Organization","@id":"https:\/\/www.visitfermo.it\/it\/#organization","name":"Visit Fermo","url":"https:\/\/www.visitfermo.it\/it\/","logo":{"@type":"ImageObject","inLanguage":"it","@id":"https:\/\/www.visitfermo.it\/it\/#\/schema\/logo\/image\/","url":"https:\/\/www.visitfermo.it\/wp-content\/uploads\/2018\/02\/logo-fermo-a-place-for-me-giallo.png","contentUrl":"https:\/\/www.visitfermo.it\/wp-content\/uploads\/2018\/02\/logo-fermo-a-place-for-me-giallo.png","width":453,"height":230,"caption":"Visit Fermo"},"image":{"@id":"https:\/\/www.visitfermo.it\/it\/#\/schema\/logo\/image\/"},"sameAs":["https:\/\/www.facebook.com\/VstFermo\/","https:\/\/x.com\/FermoTurismo","https:\/\/www.instagram.com\/visitfermo\/","https:\/\/www.youtube.com\/c\/VisitFermo"]}]}},"_links":{"self":[{"href":"https:\/\/www.visitfermo.it\/it\/wp-json\/wp\/v2\/pages\/5913","targetHints":{"allow":["GET"]}}],"collection":[{"href":"https:\/\/www.visitfermo.it\/it\/wp-json\/wp\/v2\/pages"}],"about":[{"href":"https:\/\/www.visitfermo.it\/it\/wp-json\/wp\/v2\/types\/page"}],"author":[{"embeddable":true,"href":"https:\/\/www.visitfermo.it\/it\/wp-json\/wp\/v2\/users\/2"}],"replies":[{"embeddable":true,"href":"https:\/\/www.visitfermo.it\/it\/wp-json\/wp\/v2\/comments?post=5913"}],"version-history":[{"count":12,"href":"https:\/\/www.visitfermo.it\/it\/wp-json\/wp\/v2\/pages\/5913\/revisions"}],"predecessor-version":[{"id":5918,"href":"https:\/\/www.visitfermo.it\/it\/wp-json\/wp\/v2\/pages\/5913\/revisions\/5918"}],"wp:attachment":[{"href":"https:\/\/www.visitfermo.it\/it\/wp-json\/wp\/v2\/media?parent=5913"}],"curies":[{"name":"wp","href":"https:\/\/api.w.org\/{rel}","templated":true}]}}