{"id":32592,"date":"2025-01-03T17:43:24","date_gmt":"2025-01-03T16:43:24","guid":{"rendered":"https:\/\/www.visitfermo.it\/aiuola-c2-le-piante-bulbose-o-geofite-copy"},"modified":"2025-05-02T12:02:11","modified_gmt":"2025-05-02T10:02:11","slug":"salvia-l-lamiaceae-un-genere-tra-botanica-e-cucina","status":"publish","type":"page","link":"https:\/\/www.visitfermo.it\/it\/parco-storico-di-villa-vitali\/giardino-botanico\/salvia-l-lamiaceae-un-genere-tra-botanica-e-cucina","title":{"rendered":"Salvia L. (Lamiace\u00e6): un genere tra botanica e cucina"},"content":{"rendered":"<div class=\"wpb-content-wrapper\"><p>[vc_row row_content_width=&#8221;grid&#8221; css=&#8221;.vc_custom_1735920671076{padding-top: 100px !important;}&#8221;][vc_column][vc_column_text css=&#8221;.vc_custom_1735899397255{padding-top: 15px !important;}&#8221; el_class=&#8221;testo&#8221;]<\/p>\n<h2>In breve<\/h2>\n<p>[\/vc_column_text][vc_empty_space height=&#8221;25px&#8221;][vc_column_text el_class=&#8221;testo-intro&#8221;]Questa aiuola ospita diverse piante elencate nel portale dedicato, ma qui ci concentriamo su un genere noto per l\u2019uso culinario: <em>Salvia<\/em> L. (Lamiace\u00e6). Oltre alla salvia da cucina (<em>Salvia officinalis<\/em> L.), include circa 1000 specie, rendendolo uno dei generi pi\u00f9 ricchi di specie tra le piante a fiore e il pi\u00f9 ricco della famiglia a cui appartiene, le Lamiace\u00e6. Qui \u00e8 coltivata <em>Salvia nemorosa <\/em>L. \u2018Caradonna\u2019, una popolare cultivar ornamentale.[\/vc_column_text][vc_empty_space height=&#8221;25px&#8221;]<a itemprop=\"url\" href=\"#approfondimento\" target=\"_self\" style=\"margin: 10px 0px\" class=\"mkdf-btn mkdf-btn-medium mkdf-btn-simple\"  >\n    <span class=\"mkdf-btn-text\">Scopri di pi\u00f9<\/span>\n    <\/a>[vc_empty_space height=&#8221;50px&#8221;]<div class=\"mkdf-single-image-holder   \">\n    <div class=\"mkdf-si-inner\" >\n                                    <img loading=\"lazy\" decoding=\"async\" width=\"1980\" height=\"1024\" src=\"https:\/\/www.visitfermo.it\/wp-content\/uploads\/2025\/02\/aiuola-d.jpg\" class=\"attachment-full size-full\" alt=\"\" srcset=\"https:\/\/www.visitfermo.it\/wp-content\/uploads\/2025\/02\/aiuola-d.jpg 1980w, https:\/\/www.visitfermo.it\/wp-content\/uploads\/2025\/02\/aiuola-d-300x155.jpg 300w, https:\/\/www.visitfermo.it\/wp-content\/uploads\/2025\/02\/aiuola-d-1024x530.jpg 1024w, https:\/\/www.visitfermo.it\/wp-content\/uploads\/2025\/02\/aiuola-d-768x397.jpg 768w, https:\/\/www.visitfermo.it\/wp-content\/uploads\/2025\/02\/aiuola-d-1536x794.jpg 1536w\" sizes=\"auto, (max-width: 1980px) 100vw, 1980px\" \/>                        <\/div>\n<\/div>[\/vc_column][\/vc_row][vc_row row_content_width=&#8221;grid&#8221; css=&#8221;.vc_custom_1735922300290{padding-top: 100px !important;}&#8221; anchor=&#8221;approfondimento&#8221;][vc_column][vc_column_text css=&#8221;.vc_custom_1735922952931{padding-top: 15px !important;}&#8221; el_class=&#8221;testo&#8221;]Questa aiuola ospita, oltre ad altre piante elencate nel portale dedicato, un genere affascinante e versatile: <em>Salvia<\/em> L. (Lamiaceae). Con oltre 1.000 specie, questo genere non \u00e8 solo tra i pi\u00f9 grandi nel mondo delle piante a fiore, ma rappresenta anche il cuore della famiglia delle Lamiaceae. <em>Salvia<\/em> \u00e8 un simbolo di biodiversit\u00e0 e adattabilit\u00e0, capace di prosperare nei terreni aridi del Mediterraneo, sulle vette montane dell\u2019America Latina e nelle pianure asiatiche e africane.<\/p>\n<p>Tra le specie pi\u00f9 conosciute troviamo <em>Salvia officinalis<\/em> L., la salvia comune, onnipresente nelle cucine e rinomata per le sue propriet\u00e0 aromatiche e medicinali. Ma il genere \u00e8 ricco di sorprese: <em>Salvia hispanica<\/em> L., conosciuta come \u201cChia\u201d, ha conquistato il mondo per i suoi semi ricchi di omega-3, fibre e antiossidanti. Un comportamento curioso dei semi di chia, condiviso con altre salvie, \u00e8 la capacit\u00e0 della loro epidermide di produrre mucillagini, che a contatto con l\u2019acqua formano un gel. Ecologicamente, questo gel facilita la germinazione e l\u2019adesione al substrato, mentre le proteine contenute sembrano possedere numerose propriet\u00e0 benefiche.<\/p>\n<p>Un\u2019altra specie di rilievo \u00e8 <em>Salvia rosmarinus<\/em> Spenn., meglio conosciuta come rosmarino. Amato sia come erba aromatica che per i suoi usi fitoterapici, il rosmarino \u00e8 stato recentemente spostato dal genere <em>Rosmarinus <\/em>L. al genere <em>Salvia<\/em> grazie a studi genetici che ne hanno rivelato la stretta parentela.<\/p>\n<p>Il genere <em>Salvia<\/em> non si limita per\u00f2 alla cucina o alla salute. In questa aiuola, ad esempio, spicca <em>Salvia nemorosa<\/em> L. \u2018Caradonna\u2019, una cultivar ornamentale dal forte impatto visivo, con spighe floreali di un viola intenso, capaci di attirare api e farfalle. Ma non \u00e8 l\u2019unica bellezza del giardino: consultate il portale per l\u2019elenco completo delle specie presenti. Questa pianta rappresenta perfettamente la capacit\u00e0 del genere <em>Salvia<\/em> di coniugare estetica e funzionalit\u00e0, trasformando ogni spazio verde in un luogo vibrante e pulsante.<\/p>\n<p>Ma cosa rende <em>Salvia<\/em> cos\u00ec speciale? Una delle sue caratteristiche distintive \u00e8 l\u2019anatomia floreale straordinaria. Le piante di questo genere possiedono una corolla bilabiata, con stami che funzionano come leve progettate per facilitare l\u2019impollinazione da parte di api e altri insetti. Quando un insetto si avvicina per raggiungere il nettare, spinge una leva che muove le antere (le strutture dove si produce e conserva il polline), depositandolo sul dorso peloso dell\u2019ape. Questo sistema favorisce la dispersione del polline, assicurando la sopravvivenza e la diffusione della specie. \u00c8 un perfetto esempio di co-evoluzione: la pianta offre nettare, l\u2019impollinatore trasporta il polline.<\/p>\n<p>Alcune specie, come <em>Salvia miltiorrhiza<\/em> Bunge (\u4e39\u53c2 <em>dan shen<\/em>) originaria della Cina e del Vietnam, sono particolarmente apprezzate per le loro radici, utilizzate nella medicina tradizionale cinese per trattare disturbi cardiovascolari e infiammazioni.<\/p>\n<p>L\u2019importanza culturale di <em>Salvia<\/em> si riflette anche nei miti e nelle tradizioni popolari. Nell\u2019antica Roma, ad esempio, <em>Salvia<\/em> era considerata una pianta sacra, raccolta con rituali specifici per garantirne il potere curativo. Infatti, il nome \u201cSalvia\u201d deriva dal latino <em>salvus<\/em>, che significa \u201csalvo\u201d o \u201csano\u201d, a sottolineare le sue virt\u00f9 medicinali. Tale nome \u00e8 connesso con il sanscrito:\u00a0<em>s\u00e1rvas<\/em> che vuol dire &#8220;integro&#8221;.<\/p>\n<p>In quest\u2019aiuola, <em>Salvia nemorosa<\/em> L. &#8216;Caradonna&#8217; rappresenta un gruppo di salvie che prosperano in prati e pascoli. Come pianta spontanea dei giardini e prati di Fermo, non \u00e8 raro trovare altre strette parenti, come <em>Salvia pratensis<\/em> L. o <em>Salvia verbenaca<\/em> L.[\/vc_column_text][\/vc_column][\/vc_row][vc_row row_content_width=&#8221;grid&#8221; css=&#8221;.vc_custom_1735922286499{padding-top: 100px !important;padding-bottom: 100px !important;}&#8221;][vc_column]\n\n    <div class=\"mkdf-tour-item-single-holder fixmargintop\" style=\"margin-top: 0px;\">\n        <div class=\"mkdf-tour-masonry-gallery-holder\">\n            <div class=\"mkdf-tour-masonry-gallery clearfix mkdf-tours-gallery-images-fixed\">\n                <div class=\"mkdf-tour-grid-sizer\"><\/div>\n                <div class=\"mkdf-tour-grid-gutter\"><\/div>\n                \n                                         <div class=\"mkdf-tour-gallery-item mkdf-tgi-masonry-default\">\n                        <div class=\"mkdf-tour-gallery-item-inner\">\n                            <a href=\"https:\/\/www.visitfermo.it\/wp-content\/uploads\/2025\/02\/Salvia-Caradonna.jpg\"\n                               data-rel=\"prettyPhoto[gallery_pretty_photo]\" title=\"Salvia Caradonna\">\n                                <img loading=\"lazy\" decoding=\"async\" width=\"550\" height=\"479\" src=\"https:\/\/www.visitfermo.it\/wp-content\/uploads\/2025\/02\/Salvia-Caradonna-550x479.jpg\" class=\"attachment-wanderers_mkdf_square size-wanderers_mkdf_square\" alt=\"\" \/>                            <\/a>\n                        <\/div>\n                    <\/div>\n                \n                                         <div class=\"mkdf-tour-gallery-item mkdf-tgi-masonry-default\">\n                        <div class=\"mkdf-tour-gallery-item-inner\">\n                            <a href=\"https:\/\/www.visitfermo.it\/wp-content\/uploads\/2025\/02\/Salvia-Officinalis.jpeg\"\n                               data-rel=\"prettyPhoto[gallery_pretty_photo]\" title=\"Salvia Officinalis\">\n                                <img loading=\"lazy\" decoding=\"async\" width=\"300\" height=\"168\" src=\"https:\/\/www.visitfermo.it\/wp-content\/uploads\/2025\/02\/Salvia-Officinalis.jpeg\" class=\"attachment-wanderers_mkdf_square size-wanderers_mkdf_square\" alt=\"\" \/>                            <\/a>\n                        <\/div>\n                    <\/div>\n                \n                                         <div class=\"mkdf-tour-gallery-item mkdf-tgi-masonry-default\">\n                        <div class=\"mkdf-tour-gallery-item-inner\">\n                            <a href=\"https:\/\/www.visitfermo.it\/wp-content\/uploads\/2025\/02\/Salvia-Miltiorrhiza.jpg\"\n                               data-rel=\"prettyPhoto[gallery_pretty_photo]\" title=\"Salvia Miltiorrhiza\">\n                                <img loading=\"lazy\" decoding=\"async\" width=\"550\" height=\"550\" src=\"https:\/\/www.visitfermo.it\/wp-content\/uploads\/2025\/02\/Salvia-Miltiorrhiza-550x550.jpg\" class=\"attachment-wanderers_mkdf_square size-wanderers_mkdf_square\" alt=\"\" \/>                            <\/a>\n                        <\/div>\n                    <\/div>\n                \n                                         <div class=\"mkdf-tour-gallery-item mkdf-tgi-masonry-default\">\n                        <div class=\"mkdf-tour-gallery-item-inner\">\n                            <a href=\"https:\/\/www.visitfermo.it\/wp-content\/uploads\/2025\/02\/Tipologie-di-Salvia.jpg\"\n                               data-rel=\"prettyPhoto[gallery_pretty_photo]\" title=\"Tipologie di Salvia\">\n                                <img loading=\"lazy\" decoding=\"async\" width=\"550\" height=\"550\" src=\"https:\/\/www.visitfermo.it\/wp-content\/uploads\/2025\/02\/Tipologie-di-Salvia-550x550.jpg\" class=\"attachment-wanderers_mkdf_square size-wanderers_mkdf_square\" alt=\"\" \/>                            <\/a>\n                        <\/div>\n                    <\/div>\n                            <\/div>\n        <\/div>\n    <\/div>\n[\/vc_column][\/vc_row][vc_row row_content_width=&#8221;grid&#8221; content_text_aligment=&#8221;center&#8221; css=&#8221;.vc_custom_1746179769162{padding-bottom: 100px !important;}&#8221;][vc_column]<a itemprop=\"url\" href=\"https:\/\/www.visitfermo.it\/it\/parco-storico-di-villa-vitali\/giardino-botanico\" target=\"_self\"  class=\"mkdf-btn mkdf-btn-large mkdf-btn-outline\"  >\n    <span class=\"mkdf-btn-text\">Il giardino botanico<\/span>\n    <\/a>[\/vc_column][\/vc_row]<\/p>\n<\/div>","protected":false},"excerpt":{"rendered":"<p>[vc_row row_content_width=&#8221;grid&#8221; css=&#8221;.vc_custom_1735920671076{padding-top: 100px !important;}&#8221;][vc_column][vc_column_text css=&#8221;.vc_custom_1735899397255{padding-top: 15px !important;}&#8221; el_class=&#8221;testo&#8221;] In breve [\/vc_column_text][vc_empty_space height=&#8221;25px&#8221;][vc_column_text el_class=&#8221;testo-intro&#8221;]Questa aiuola ospita diverse piante elencate nel portale dedicato, ma qui ci concentriamo su un genere noto per l\u2019uso culinario: Salvia L. (Lamiace\u00e6). Oltre alla salvia da cucina (Salvia officinalis L.), include circa 1000 specie, rendendolo uno dei generi pi\u00f9 ricchi di specie tra le piante a fiore e il pi\u00f9 ricco della famiglia a cui appartiene, le Lamiace\u00e6. Qui \u00e8 coltivata Salvia nemorosa L. \u2018Caradonna\u2019, una popolare cultivar ornamentale.[\/vc_column_text][vc_empty_space height=&#8221;25px&#8221;][vc_empty_space height=&#8221;50px&#8221;][\/vc_column][\/vc_row][vc_row row_content_width=&#8221;grid&#8221; css=&#8221;.vc_custom_1735922300290{padding-top: 100px [&hellip;]<\/p>\n","protected":false},"author":2,"featured_media":33410,"parent":32792,"menu_order":6,"comment_status":"closed","ping_status":"closed","template":"full-width.php","meta":{"_acf_changed":false,"footnotes":""},"class_list":["post-32592","page","type-page","status-publish","has-post-thumbnail","hentry"],"acf":[],"yoast_head":"<!-- This site is optimized with the Yoast SEO plugin v26.5 - https:\/\/yoast.com\/wordpress\/plugins\/seo\/ -->\n<title>Salvia L. (Lamiace\u00e6): un genere tra botanica e cucina - Visit Fermo<\/title>\n<meta name=\"description\" content=\"Fermo fa parte del Global Network of Learning Cities, una rete di citt\u00e0 per promuovere l\u2019apprendimento inclusivo, dall\u2019istruzione di base a quella avanzata.\" \/>\n<meta name=\"robots\" content=\"index, follow, max-snippet:-1, max-image-preview:large, max-video-preview:-1\" \/>\n<link rel=\"canonical\" href=\"https:\/\/www.visitfermo.it\/it\/parco-storico-di-villa-vitali\/giardino-botanico\/salvia-l-lamiaceae-un-genere-tra-botanica-e-cucina\" \/>\n<meta property=\"og:locale\" content=\"it_IT\" \/>\n<meta property=\"og:type\" content=\"article\" \/>\n<meta property=\"og:title\" content=\"Salvia L. (Lamiace\u00e6): un genere tra botanica e cucina - Visit Fermo\" \/>\n<meta property=\"og:description\" content=\"Fermo fa parte del Global Network of Learning Cities, una rete di citt\u00e0 per promuovere l\u2019apprendimento inclusivo, dall\u2019istruzione di base a quella avanzata.\" \/>\n<meta property=\"og:url\" content=\"https:\/\/www.visitfermo.it\/it\/parco-storico-di-villa-vitali\/giardino-botanico\/salvia-l-lamiaceae-un-genere-tra-botanica-e-cucina\" \/>\n<meta property=\"og:site_name\" content=\"Visit Fermo\" \/>\n<meta property=\"article:publisher\" content=\"https:\/\/www.facebook.com\/VstFermo\/\" \/>\n<meta property=\"article:modified_time\" content=\"2025-05-02T10:02:11+00:00\" \/>\n<meta property=\"og:image\" content=\"https:\/\/www.visitfermo.it\/wp-content\/uploads\/2025\/02\/Salvia-Caradonna.jpg\" \/>\n\t<meta property=\"og:image:width\" content=\"640\" \/>\n\t<meta property=\"og:image:height\" content=\"479\" \/>\n\t<meta property=\"og:image:type\" content=\"image\/jpeg\" \/>\n<meta name=\"twitter:card\" content=\"summary_large_image\" \/>\n<meta name=\"twitter:site\" content=\"@FermoTurismo\" \/>\n<meta name=\"twitter:label1\" content=\"Est. reading time\" \/>\n\t<meta name=\"twitter:data1\" content=\"4 minutes\" \/>\n<script type=\"application\/ld+json\" class=\"yoast-schema-graph\">{\"@context\":\"https:\/\/schema.org\",\"@graph\":[{\"@type\":\"WebPage\",\"@id\":\"https:\/\/www.visitfermo.it\/it\/parco-storico-di-villa-vitali\/giardino-botanico\/salvia-l-lamiaceae-un-genere-tra-botanica-e-cucina\",\"url\":\"https:\/\/www.visitfermo.it\/it\/parco-storico-di-villa-vitali\/giardino-botanico\/salvia-l-lamiaceae-un-genere-tra-botanica-e-cucina\",\"name\":\"Salvia L. (Lamiace\u00e6): un genere tra botanica e cucina - Visit Fermo\",\"isPartOf\":{\"@id\":\"https:\/\/www.visitfermo.it\/it\/#website\"},\"primaryImageOfPage\":{\"@id\":\"https:\/\/www.visitfermo.it\/it\/parco-storico-di-villa-vitali\/giardino-botanico\/salvia-l-lamiaceae-un-genere-tra-botanica-e-cucina#primaryimage\"},\"image\":{\"@id\":\"https:\/\/www.visitfermo.it\/it\/parco-storico-di-villa-vitali\/giardino-botanico\/salvia-l-lamiaceae-un-genere-tra-botanica-e-cucina#primaryimage\"},\"thumbnailUrl\":\"https:\/\/www.visitfermo.it\/wp-content\/uploads\/2025\/02\/Salvia-Caradonna.jpg\",\"datePublished\":\"2025-01-03T16:43:24+00:00\",\"dateModified\":\"2025-05-02T10:02:11+00:00\",\"description\":\"Fermo fa parte del Global Network of Learning Cities, una rete di citt\u00e0 per promuovere l\u2019apprendimento inclusivo, dall\u2019istruzione di base a quella avanzata.\",\"breadcrumb\":{\"@id\":\"https:\/\/www.visitfermo.it\/it\/parco-storico-di-villa-vitali\/giardino-botanico\/salvia-l-lamiaceae-un-genere-tra-botanica-e-cucina#breadcrumb\"},\"inLanguage\":\"it\",\"potentialAction\":[{\"@type\":\"ReadAction\",\"target\":[\"https:\/\/www.visitfermo.it\/it\/parco-storico-di-villa-vitali\/giardino-botanico\/salvia-l-lamiaceae-un-genere-tra-botanica-e-cucina\"]}]},{\"@type\":\"ImageObject\",\"inLanguage\":\"it\",\"@id\":\"https:\/\/www.visitfermo.it\/it\/parco-storico-di-villa-vitali\/giardino-botanico\/salvia-l-lamiaceae-un-genere-tra-botanica-e-cucina#primaryimage\",\"url\":\"https:\/\/www.visitfermo.it\/wp-content\/uploads\/2025\/02\/Salvia-Caradonna.jpg\",\"contentUrl\":\"https:\/\/www.visitfermo.it\/wp-content\/uploads\/2025\/02\/Salvia-Caradonna.jpg\",\"width\":640,\"height\":479},{\"@type\":\"BreadcrumbList\",\"@id\":\"https:\/\/www.visitfermo.it\/it\/parco-storico-di-villa-vitali\/giardino-botanico\/salvia-l-lamiaceae-un-genere-tra-botanica-e-cucina#breadcrumb\",\"itemListElement\":[{\"@type\":\"ListItem\",\"position\":1,\"name\":\"Home\",\"item\":\"https:\/\/www.visitfermo.it\/it\"},{\"@type\":\"ListItem\",\"position\":2,\"name\":\"Parco storico di Villa Vitali\",\"item\":\"https:\/\/www.visitfermo.it\/it\/parco-storico-di-villa-vitali\"},{\"@type\":\"ListItem\",\"position\":3,\"name\":\"Giardino botanico\",\"item\":\"https:\/\/www.visitfermo.it\/it\/parco-storico-di-villa-vitali\/giardino-botanico\"},{\"@type\":\"ListItem\",\"position\":4,\"name\":\"Salvia L. (Lamiace\u00e6): un genere tra botanica e cucina\"}]},{\"@type\":\"WebSite\",\"@id\":\"https:\/\/www.visitfermo.it\/it\/#website\",\"url\":\"https:\/\/www.visitfermo.it\/it\/\",\"name\":\"Visit Fermo\",\"description\":\"Fermo a place for me\",\"publisher\":{\"@id\":\"https:\/\/www.visitfermo.it\/it\/#organization\"},\"potentialAction\":[{\"@type\":\"SearchAction\",\"target\":{\"@type\":\"EntryPoint\",\"urlTemplate\":\"https:\/\/www.visitfermo.it\/it\/?s={search_term_string}\"},\"query-input\":{\"@type\":\"PropertyValueSpecification\",\"valueRequired\":true,\"valueName\":\"search_term_string\"}}],\"inLanguage\":\"it\"},{\"@type\":\"Organization\",\"@id\":\"https:\/\/www.visitfermo.it\/it\/#organization\",\"name\":\"Visit Fermo\",\"url\":\"https:\/\/www.visitfermo.it\/it\/\",\"logo\":{\"@type\":\"ImageObject\",\"inLanguage\":\"it\",\"@id\":\"https:\/\/www.visitfermo.it\/it\/#\/schema\/logo\/image\/\",\"url\":\"https:\/\/www.visitfermo.it\/wp-content\/uploads\/2018\/02\/logo-fermo-a-place-for-me-giallo.png\",\"contentUrl\":\"https:\/\/www.visitfermo.it\/wp-content\/uploads\/2018\/02\/logo-fermo-a-place-for-me-giallo.png\",\"width\":453,\"height\":230,\"caption\":\"Visit Fermo\"},\"image\":{\"@id\":\"https:\/\/www.visitfermo.it\/it\/#\/schema\/logo\/image\/\"},\"sameAs\":[\"https:\/\/www.facebook.com\/VstFermo\/\",\"https:\/\/x.com\/FermoTurismo\",\"https:\/\/www.instagram.com\/visitfermo\/\",\"https:\/\/www.youtube.com\/c\/VisitFermo\"]}]}<\/script>\n<!-- \/ Yoast SEO plugin. -->","yoast_head_json":{"title":"Salvia L. (Lamiace\u00e6): un genere tra botanica e cucina - Visit Fermo","description":"Fermo fa parte del Global Network of Learning Cities, una rete di citt\u00e0 per promuovere l\u2019apprendimento inclusivo, dall\u2019istruzione di base a quella avanzata.","robots":{"index":"index","follow":"follow","max-snippet":"max-snippet:-1","max-image-preview":"max-image-preview:large","max-video-preview":"max-video-preview:-1"},"canonical":"https:\/\/www.visitfermo.it\/it\/parco-storico-di-villa-vitali\/giardino-botanico\/salvia-l-lamiaceae-un-genere-tra-botanica-e-cucina","og_locale":"it_IT","og_type":"article","og_title":"Salvia L. (Lamiace\u00e6): un genere tra botanica e cucina - Visit Fermo","og_description":"Fermo fa parte del Global Network of Learning Cities, una rete di citt\u00e0 per promuovere l\u2019apprendimento inclusivo, dall\u2019istruzione di base a quella avanzata.","og_url":"https:\/\/www.visitfermo.it\/it\/parco-storico-di-villa-vitali\/giardino-botanico\/salvia-l-lamiaceae-un-genere-tra-botanica-e-cucina","og_site_name":"Visit Fermo","article_publisher":"https:\/\/www.facebook.com\/VstFermo\/","article_modified_time":"2025-05-02T10:02:11+00:00","og_image":[{"width":640,"height":479,"url":"https:\/\/www.visitfermo.it\/wp-content\/uploads\/2025\/02\/Salvia-Caradonna.jpg","type":"image\/jpeg"}],"twitter_card":"summary_large_image","twitter_site":"@FermoTurismo","twitter_misc":{"Est. reading time":"4 minutes"},"schema":{"@context":"https:\/\/schema.org","@graph":[{"@type":"WebPage","@id":"https:\/\/www.visitfermo.it\/it\/parco-storico-di-villa-vitali\/giardino-botanico\/salvia-l-lamiaceae-un-genere-tra-botanica-e-cucina","url":"https:\/\/www.visitfermo.it\/it\/parco-storico-di-villa-vitali\/giardino-botanico\/salvia-l-lamiaceae-un-genere-tra-botanica-e-cucina","name":"Salvia L. (Lamiace\u00e6): un genere tra botanica e cucina - Visit Fermo","isPartOf":{"@id":"https:\/\/www.visitfermo.it\/it\/#website"},"primaryImageOfPage":{"@id":"https:\/\/www.visitfermo.it\/it\/parco-storico-di-villa-vitali\/giardino-botanico\/salvia-l-lamiaceae-un-genere-tra-botanica-e-cucina#primaryimage"},"image":{"@id":"https:\/\/www.visitfermo.it\/it\/parco-storico-di-villa-vitali\/giardino-botanico\/salvia-l-lamiaceae-un-genere-tra-botanica-e-cucina#primaryimage"},"thumbnailUrl":"https:\/\/www.visitfermo.it\/wp-content\/uploads\/2025\/02\/Salvia-Caradonna.jpg","datePublished":"2025-01-03T16:43:24+00:00","dateModified":"2025-05-02T10:02:11+00:00","description":"Fermo fa parte del Global Network of Learning Cities, una rete di citt\u00e0 per promuovere l\u2019apprendimento inclusivo, dall\u2019istruzione di base a quella avanzata.","breadcrumb":{"@id":"https:\/\/www.visitfermo.it\/it\/parco-storico-di-villa-vitali\/giardino-botanico\/salvia-l-lamiaceae-un-genere-tra-botanica-e-cucina#breadcrumb"},"inLanguage":"it","potentialAction":[{"@type":"ReadAction","target":["https:\/\/www.visitfermo.it\/it\/parco-storico-di-villa-vitali\/giardino-botanico\/salvia-l-lamiaceae-un-genere-tra-botanica-e-cucina"]}]},{"@type":"ImageObject","inLanguage":"it","@id":"https:\/\/www.visitfermo.it\/it\/parco-storico-di-villa-vitali\/giardino-botanico\/salvia-l-lamiaceae-un-genere-tra-botanica-e-cucina#primaryimage","url":"https:\/\/www.visitfermo.it\/wp-content\/uploads\/2025\/02\/Salvia-Caradonna.jpg","contentUrl":"https:\/\/www.visitfermo.it\/wp-content\/uploads\/2025\/02\/Salvia-Caradonna.jpg","width":640,"height":479},{"@type":"BreadcrumbList","@id":"https:\/\/www.visitfermo.it\/it\/parco-storico-di-villa-vitali\/giardino-botanico\/salvia-l-lamiaceae-un-genere-tra-botanica-e-cucina#breadcrumb","itemListElement":[{"@type":"ListItem","position":1,"name":"Home","item":"https:\/\/www.visitfermo.it\/it"},{"@type":"ListItem","position":2,"name":"Parco storico di Villa Vitali","item":"https:\/\/www.visitfermo.it\/it\/parco-storico-di-villa-vitali"},{"@type":"ListItem","position":3,"name":"Giardino botanico","item":"https:\/\/www.visitfermo.it\/it\/parco-storico-di-villa-vitali\/giardino-botanico"},{"@type":"ListItem","position":4,"name":"Salvia L. (Lamiace\u00e6): un genere tra botanica e cucina"}]},{"@type":"WebSite","@id":"https:\/\/www.visitfermo.it\/it\/#website","url":"https:\/\/www.visitfermo.it\/it\/","name":"Visit Fermo","description":"Fermo a place for me","publisher":{"@id":"https:\/\/www.visitfermo.it\/it\/#organization"},"potentialAction":[{"@type":"SearchAction","target":{"@type":"EntryPoint","urlTemplate":"https:\/\/www.visitfermo.it\/it\/?s={search_term_string}"},"query-input":{"@type":"PropertyValueSpecification","valueRequired":true,"valueName":"search_term_string"}}],"inLanguage":"it"},{"@type":"Organization","@id":"https:\/\/www.visitfermo.it\/it\/#organization","name":"Visit Fermo","url":"https:\/\/www.visitfermo.it\/it\/","logo":{"@type":"ImageObject","inLanguage":"it","@id":"https:\/\/www.visitfermo.it\/it\/#\/schema\/logo\/image\/","url":"https:\/\/www.visitfermo.it\/wp-content\/uploads\/2018\/02\/logo-fermo-a-place-for-me-giallo.png","contentUrl":"https:\/\/www.visitfermo.it\/wp-content\/uploads\/2018\/02\/logo-fermo-a-place-for-me-giallo.png","width":453,"height":230,"caption":"Visit Fermo"},"image":{"@id":"https:\/\/www.visitfermo.it\/it\/#\/schema\/logo\/image\/"},"sameAs":["https:\/\/www.facebook.com\/VstFermo\/","https:\/\/x.com\/FermoTurismo","https:\/\/www.instagram.com\/visitfermo\/","https:\/\/www.youtube.com\/c\/VisitFermo"]}]}},"_links":{"self":[{"href":"https:\/\/www.visitfermo.it\/it\/wp-json\/wp\/v2\/pages\/32592","targetHints":{"allow":["GET"]}}],"collection":[{"href":"https:\/\/www.visitfermo.it\/it\/wp-json\/wp\/v2\/pages"}],"about":[{"href":"https:\/\/www.visitfermo.it\/it\/wp-json\/wp\/v2\/types\/page"}],"author":[{"embeddable":true,"href":"https:\/\/www.visitfermo.it\/it\/wp-json\/wp\/v2\/users\/2"}],"replies":[{"embeddable":true,"href":"https:\/\/www.visitfermo.it\/it\/wp-json\/wp\/v2\/comments?post=32592"}],"version-history":[{"count":10,"href":"https:\/\/www.visitfermo.it\/it\/wp-json\/wp\/v2\/pages\/32592\/revisions"}],"predecessor-version":[{"id":34741,"href":"https:\/\/www.visitfermo.it\/it\/wp-json\/wp\/v2\/pages\/32592\/revisions\/34741"}],"up":[{"embeddable":true,"href":"https:\/\/www.visitfermo.it\/it\/wp-json\/wp\/v2\/pages\/32792"}],"wp:featuredmedia":[{"embeddable":true,"href":"https:\/\/www.visitfermo.it\/it\/wp-json\/wp\/v2\/media\/33410"}],"wp:attachment":[{"href":"https:\/\/www.visitfermo.it\/it\/wp-json\/wp\/v2\/media?parent=32592"}],"curies":[{"name":"wp","href":"https:\/\/api.w.org\/{rel}","templated":true}]}}