{"id":32590,"date":"2025-01-03T17:39:11","date_gmt":"2025-01-03T16:39:11","guid":{"rendered":"https:\/\/www.visitfermo.it\/aiuola-c1-largo-agli-arbusti-copy"},"modified":"2025-05-02T12:01:32","modified_gmt":"2025-05-02T10:01:32","slug":"le-piante-bulbose-o-geofite","status":"publish","type":"page","link":"https:\/\/www.visitfermo.it\/it\/parco-storico-di-villa-vitali\/giardino-botanico\/le-piante-bulbose-o-geofite","title":{"rendered":"Le piante bulbose, o Geofite"},"content":{"rendered":"<div class=\"wpb-content-wrapper\"><p>[vc_row row_content_width=&#8221;grid&#8221; css=&#8221;.vc_custom_1735920671076{padding-top: 100px !important;}&#8221;][vc_column][vc_column_text css=&#8221;.vc_custom_1735899397255{padding-top: 15px !important;}&#8221; el_class=&#8221;testo&#8221;]<\/p>\n<h2>In breve<\/h2>\n<p>[\/vc_column_text][vc_empty_space height=&#8221;25px&#8221;][vc_column_text el_class=&#8221;testo-intro&#8221;]Un noto adattamento delle piante \u00e8 la formazione di bulbi o tuberi sotterranei, chiamato geofitismo. Raunkiaer (1934) defin\u00ec le piante con fase di riposo vegetativo e rinnovo da strutture sotterranee come bulbi, rizomi o tuberi. Queste strutture, che accumulano riserve, permettono alle piante di emergere rapidamente, adattarsi a variazioni stagionali o resistere al fuoco. Esistono sei tipi di strutture sotterranee.[\/vc_column_text][vc_empty_space height=&#8221;25px&#8221;]<a itemprop=\"url\" href=\"#approfondimento\" target=\"_self\" style=\"margin: 10px 0px\" class=\"mkdf-btn mkdf-btn-medium mkdf-btn-simple\"  >\n    <span class=\"mkdf-btn-text\">Scopri di pi\u00f9<\/span>\n    <\/a>[vc_empty_space height=&#8221;50px&#8221;]<div class=\"mkdf-single-image-holder   \">\n    <div class=\"mkdf-si-inner\" >\n                                    <img loading=\"lazy\" decoding=\"async\" width=\"1980\" height=\"1024\" src=\"https:\/\/www.visitfermo.it\/wp-content\/uploads\/2025\/02\/aiuola-c2.jpg\" class=\"attachment-full size-full\" alt=\"\" srcset=\"https:\/\/www.visitfermo.it\/wp-content\/uploads\/2025\/02\/aiuola-c2.jpg 1980w, https:\/\/www.visitfermo.it\/wp-content\/uploads\/2025\/02\/aiuola-c2-300x155.jpg 300w, https:\/\/www.visitfermo.it\/wp-content\/uploads\/2025\/02\/aiuola-c2-1024x530.jpg 1024w, https:\/\/www.visitfermo.it\/wp-content\/uploads\/2025\/02\/aiuola-c2-768x397.jpg 768w, https:\/\/www.visitfermo.it\/wp-content\/uploads\/2025\/02\/aiuola-c2-1536x794.jpg 1536w\" sizes=\"auto, (max-width: 1980px) 100vw, 1980px\" \/>                        <\/div>\n<\/div>[\/vc_column][\/vc_row][vc_row row_content_width=&#8221;grid&#8221; css=&#8221;.vc_custom_1735922300290{padding-top: 100px !important;}&#8221; anchor=&#8221;approfondimento&#8221;][vc_column][vc_column_text css=&#8221;.vc_custom_1735922425851{padding-top: 15px !important;}&#8221; el_class=&#8221;testo&#8221;]Uno degli adattamenti forse pi\u00f9 noti delle piante \u00e8 quello di formare bulbi o tuberi sotterranei. Questa forma di crescita \u00e8 chiamata geofitismo e le piante, di conseguenza, geofite. Raunkiaer nel 1934 fu il primo a definire formalmente le piante che hanno una fase di riposo vegetativo e un rinnovo di germogli che proviene da strutture sotterranee come bulbi, rizomi o tuberi etc. L\u2019adozione di tali strutture sotterranee \u00e8 distribuita in tutto l&#8217;albero della vita delle piante ed \u00e8 stata evoluta pi\u00f9 volte, dato che il geofitismo \u00e8 un adattamento all\u2019ambiente e non un tratto di un singolo gruppo di piante. Infatti, queste strutture accumulano riserve, permettendo alle piante di emergere rapidamente prima dell&#8217;emissione delle foglie degli alberi, adattarsi a forti variazioni stagionali (caldo\/umido) o resistere al fuoco. Esistono 6 tipi di strutture sotterranee: i bulbi (es. cipolle), i cormi (es. zafferano), gli ipocotili rigonfi (es. ravanelli), i tuberi (es. le patate), i rizomi (es. il topinambur) e le radici tuberizzate (es. la manioca). Qui, lungo il viale, \u00e8 stata creata una collezione di geofite di varie specie.[\/vc_column_text][\/vc_column][\/vc_row][vc_row row_content_width=&#8221;grid&#8221; css=&#8221;.vc_custom_1735922286499{padding-top: 100px !important;padding-bottom: 100px !important;}&#8221;][vc_column]\n\n    <div class=\"mkdf-tour-item-single-holder fixmargintop\" style=\"margin-top: 0px;\">\n        <div class=\"mkdf-tour-masonry-gallery-holder\">\n            <div class=\"mkdf-tour-masonry-gallery clearfix mkdf-tours-gallery-images-fixed\">\n                <div class=\"mkdf-tour-grid-sizer\"><\/div>\n                <div class=\"mkdf-tour-grid-gutter\"><\/div>\n                \n                                         <div class=\"mkdf-tour-gallery-item mkdf-tgi-masonry-default\">\n                        <div class=\"mkdf-tour-gallery-item-inner\">\n                            <a href=\"https:\/\/www.visitfermo.it\/wp-content\/uploads\/2025\/02\/Zafferano.jpg\"\n                               data-rel=\"prettyPhoto[gallery_pretty_photo]\" title=\"Zafferano\">\n                                <img loading=\"lazy\" decoding=\"async\" width=\"550\" height=\"550\" src=\"https:\/\/www.visitfermo.it\/wp-content\/uploads\/2025\/02\/Zafferano-550x550.jpg\" class=\"attachment-wanderers_mkdf_square size-wanderers_mkdf_square\" alt=\"\" \/>                            <\/a>\n                        <\/div>\n                    <\/div>\n                \n                                         <div class=\"mkdf-tour-gallery-item mkdf-tgi-masonry-default\">\n                        <div class=\"mkdf-tour-gallery-item-inner\">\n                            <a href=\"https:\/\/www.visitfermo.it\/wp-content\/uploads\/2025\/02\/Crocus-zafferani.jpg\"\n                               data-rel=\"prettyPhoto[gallery_pretty_photo]\" title=\"Crocus (zafferani)\">\n                                <img loading=\"lazy\" decoding=\"async\" width=\"527\" height=\"550\" src=\"https:\/\/www.visitfermo.it\/wp-content\/uploads\/2025\/02\/Crocus-zafferani-527x550.jpg\" class=\"attachment-wanderers_mkdf_square size-wanderers_mkdf_square\" alt=\"\" \/>                            <\/a>\n                        <\/div>\n                    <\/div>\n                \n                                         <div class=\"mkdf-tour-gallery-item mkdf-tgi-masonry-default\">\n                        <div class=\"mkdf-tour-gallery-item-inner\">\n                            <a href=\"https:\/\/www.visitfermo.it\/wp-content\/uploads\/2025\/02\/Tipi-di-strutture-ipogee.jpg\"\n                               data-rel=\"prettyPhoto[gallery_pretty_photo]\" title=\"Tipi di strutture ipogee\">\n                                <img loading=\"lazy\" decoding=\"async\" width=\"512\" height=\"249\" src=\"https:\/\/www.visitfermo.it\/wp-content\/uploads\/2025\/02\/Tipi-di-strutture-ipogee.jpg\" class=\"attachment-wanderers_mkdf_square size-wanderers_mkdf_square\" alt=\"\" srcset=\"https:\/\/www.visitfermo.it\/wp-content\/uploads\/2025\/02\/Tipi-di-strutture-ipogee.jpg 512w, https:\/\/www.visitfermo.it\/wp-content\/uploads\/2025\/02\/Tipi-di-strutture-ipogee-300x146.jpg 300w\" sizes=\"auto, (max-width: 512px) 100vw, 512px\" \/>                            <\/a>\n                        <\/div>\n                    <\/div>\n                            <\/div>\n        <\/div>\n    <\/div>\n[\/vc_column][\/vc_row][vc_row row_content_width=&#8221;grid&#8221; content_text_aligment=&#8221;center&#8221; css=&#8221;.vc_custom_1746179769162{padding-bottom: 100px !important;}&#8221;][vc_column]<a itemprop=\"url\" href=\"https:\/\/www.visitfermo.it\/it\/parco-storico-di-villa-vitali\/giardino-botanico\" target=\"_self\"  class=\"mkdf-btn mkdf-btn-large mkdf-btn-outline\"  >\n    <span class=\"mkdf-btn-text\">Il giardino botanico<\/span>\n    <\/a>[\/vc_column][\/vc_row]<\/p>\n<\/div>","protected":false},"excerpt":{"rendered":"<p>[vc_row row_content_width=&#8221;grid&#8221; css=&#8221;.vc_custom_1735920671076{padding-top: 100px !important;}&#8221;][vc_column][vc_column_text css=&#8221;.vc_custom_1735899397255{padding-top: 15px !important;}&#8221; el_class=&#8221;testo&#8221;] In breve [\/vc_column_text][vc_empty_space height=&#8221;25px&#8221;][vc_column_text el_class=&#8221;testo-intro&#8221;]Un noto adattamento delle piante \u00e8 la formazione di bulbi o tuberi sotterranei, chiamato geofitismo. Raunkiaer (1934) defin\u00ec le piante con fase di riposo vegetativo e rinnovo da strutture sotterranee come bulbi, rizomi o tuberi. Queste strutture, che accumulano riserve, permettono alle piante di emergere rapidamente, adattarsi a variazioni stagionali o resistere al fuoco. Esistono sei tipi di strutture sotterranee.[\/vc_column_text][vc_empty_space height=&#8221;25px&#8221;][vc_empty_space height=&#8221;50px&#8221;][\/vc_column][\/vc_row][vc_row row_content_width=&#8221;grid&#8221; css=&#8221;.vc_custom_1735922300290{padding-top: 100px !important;}&#8221; anchor=&#8221;approfondimento&#8221;][vc_column][vc_column_text css=&#8221;.vc_custom_1735922425851{padding-top: 15px !important;}&#8221; el_class=&#8221;testo&#8221;]Uno degli adattamenti forse pi\u00f9 [&hellip;]<\/p>\n","protected":false},"author":2,"featured_media":33425,"parent":32792,"menu_order":5,"comment_status":"closed","ping_status":"closed","template":"full-width.php","meta":{"_acf_changed":false,"footnotes":""},"class_list":["post-32590","page","type-page","status-publish","has-post-thumbnail","hentry"],"acf":[],"yoast_head":"<!-- This site is optimized with the Yoast SEO plugin v26.5 - https:\/\/yoast.com\/wordpress\/plugins\/seo\/ -->\n<title>Le piante bulbose, o Geofite - Visit Fermo<\/title>\n<meta name=\"description\" content=\"Fermo fa parte del Global Network of Learning Cities, una rete di citt\u00e0 per promuovere l\u2019apprendimento inclusivo, dall\u2019istruzione di base a quella avanzata.\" \/>\n<meta name=\"robots\" content=\"index, follow, max-snippet:-1, max-image-preview:large, max-video-preview:-1\" \/>\n<link rel=\"canonical\" href=\"https:\/\/www.visitfermo.it\/it\/parco-storico-di-villa-vitali\/giardino-botanico\/le-piante-bulbose-o-geofite\" \/>\n<meta property=\"og:locale\" content=\"it_IT\" \/>\n<meta property=\"og:type\" content=\"article\" \/>\n<meta property=\"og:title\" content=\"Le piante bulbose, o Geofite - Visit Fermo\" \/>\n<meta property=\"og:description\" content=\"Fermo fa parte del Global Network of Learning Cities, una rete di citt\u00e0 per promuovere l\u2019apprendimento inclusivo, dall\u2019istruzione di base a quella avanzata.\" \/>\n<meta property=\"og:url\" content=\"https:\/\/www.visitfermo.it\/it\/parco-storico-di-villa-vitali\/giardino-botanico\/le-piante-bulbose-o-geofite\" \/>\n<meta property=\"og:site_name\" content=\"Visit Fermo\" \/>\n<meta property=\"article:publisher\" content=\"https:\/\/www.facebook.com\/VstFermo\/\" \/>\n<meta property=\"article:modified_time\" content=\"2025-05-02T10:01:32+00:00\" \/>\n<meta property=\"og:image\" content=\"https:\/\/www.visitfermo.it\/wp-content\/uploads\/2025\/02\/Zafferano.jpg\" \/>\n\t<meta property=\"og:image:width\" content=\"960\" \/>\n\t<meta property=\"og:image:height\" content=\"640\" \/>\n\t<meta property=\"og:image:type\" content=\"image\/jpeg\" \/>\n<meta name=\"twitter:card\" content=\"summary_large_image\" \/>\n<meta name=\"twitter:site\" content=\"@FermoTurismo\" \/>\n<meta name=\"twitter:label1\" content=\"Est. reading time\" \/>\n\t<meta name=\"twitter:data1\" content=\"3 minutes\" \/>\n<script type=\"application\/ld+json\" class=\"yoast-schema-graph\">{\"@context\":\"https:\/\/schema.org\",\"@graph\":[{\"@type\":\"WebPage\",\"@id\":\"https:\/\/www.visitfermo.it\/it\/parco-storico-di-villa-vitali\/giardino-botanico\/le-piante-bulbose-o-geofite\",\"url\":\"https:\/\/www.visitfermo.it\/it\/parco-storico-di-villa-vitali\/giardino-botanico\/le-piante-bulbose-o-geofite\",\"name\":\"Le piante bulbose, o Geofite - Visit Fermo\",\"isPartOf\":{\"@id\":\"https:\/\/www.visitfermo.it\/it\/#website\"},\"primaryImageOfPage\":{\"@id\":\"https:\/\/www.visitfermo.it\/it\/parco-storico-di-villa-vitali\/giardino-botanico\/le-piante-bulbose-o-geofite#primaryimage\"},\"image\":{\"@id\":\"https:\/\/www.visitfermo.it\/it\/parco-storico-di-villa-vitali\/giardino-botanico\/le-piante-bulbose-o-geofite#primaryimage\"},\"thumbnailUrl\":\"https:\/\/www.visitfermo.it\/wp-content\/uploads\/2025\/02\/Zafferano.jpg\",\"datePublished\":\"2025-01-03T16:39:11+00:00\",\"dateModified\":\"2025-05-02T10:01:32+00:00\",\"description\":\"Fermo fa parte del Global Network of Learning Cities, una rete di citt\u00e0 per promuovere l\u2019apprendimento inclusivo, dall\u2019istruzione di base a quella avanzata.\",\"breadcrumb\":{\"@id\":\"https:\/\/www.visitfermo.it\/it\/parco-storico-di-villa-vitali\/giardino-botanico\/le-piante-bulbose-o-geofite#breadcrumb\"},\"inLanguage\":\"it\",\"potentialAction\":[{\"@type\":\"ReadAction\",\"target\":[\"https:\/\/www.visitfermo.it\/it\/parco-storico-di-villa-vitali\/giardino-botanico\/le-piante-bulbose-o-geofite\"]}]},{\"@type\":\"ImageObject\",\"inLanguage\":\"it\",\"@id\":\"https:\/\/www.visitfermo.it\/it\/parco-storico-di-villa-vitali\/giardino-botanico\/le-piante-bulbose-o-geofite#primaryimage\",\"url\":\"https:\/\/www.visitfermo.it\/wp-content\/uploads\/2025\/02\/Zafferano.jpg\",\"contentUrl\":\"https:\/\/www.visitfermo.it\/wp-content\/uploads\/2025\/02\/Zafferano.jpg\",\"width\":960,\"height\":640},{\"@type\":\"BreadcrumbList\",\"@id\":\"https:\/\/www.visitfermo.it\/it\/parco-storico-di-villa-vitali\/giardino-botanico\/le-piante-bulbose-o-geofite#breadcrumb\",\"itemListElement\":[{\"@type\":\"ListItem\",\"position\":1,\"name\":\"Home\",\"item\":\"https:\/\/www.visitfermo.it\/it\"},{\"@type\":\"ListItem\",\"position\":2,\"name\":\"Parco storico di Villa Vitali\",\"item\":\"https:\/\/www.visitfermo.it\/it\/parco-storico-di-villa-vitali\"},{\"@type\":\"ListItem\",\"position\":3,\"name\":\"Giardino botanico\",\"item\":\"https:\/\/www.visitfermo.it\/it\/parco-storico-di-villa-vitali\/giardino-botanico\"},{\"@type\":\"ListItem\",\"position\":4,\"name\":\"Le piante bulbose, o Geofite\"}]},{\"@type\":\"WebSite\",\"@id\":\"https:\/\/www.visitfermo.it\/it\/#website\",\"url\":\"https:\/\/www.visitfermo.it\/it\/\",\"name\":\"Visit Fermo\",\"description\":\"Fermo a place for me\",\"publisher\":{\"@id\":\"https:\/\/www.visitfermo.it\/it\/#organization\"},\"potentialAction\":[{\"@type\":\"SearchAction\",\"target\":{\"@type\":\"EntryPoint\",\"urlTemplate\":\"https:\/\/www.visitfermo.it\/it\/?s={search_term_string}\"},\"query-input\":{\"@type\":\"PropertyValueSpecification\",\"valueRequired\":true,\"valueName\":\"search_term_string\"}}],\"inLanguage\":\"it\"},{\"@type\":\"Organization\",\"@id\":\"https:\/\/www.visitfermo.it\/it\/#organization\",\"name\":\"Visit Fermo\",\"url\":\"https:\/\/www.visitfermo.it\/it\/\",\"logo\":{\"@type\":\"ImageObject\",\"inLanguage\":\"it\",\"@id\":\"https:\/\/www.visitfermo.it\/it\/#\/schema\/logo\/image\/\",\"url\":\"https:\/\/www.visitfermo.it\/wp-content\/uploads\/2018\/02\/logo-fermo-a-place-for-me-giallo.png\",\"contentUrl\":\"https:\/\/www.visitfermo.it\/wp-content\/uploads\/2018\/02\/logo-fermo-a-place-for-me-giallo.png\",\"width\":453,\"height\":230,\"caption\":\"Visit Fermo\"},\"image\":{\"@id\":\"https:\/\/www.visitfermo.it\/it\/#\/schema\/logo\/image\/\"},\"sameAs\":[\"https:\/\/www.facebook.com\/VstFermo\/\",\"https:\/\/x.com\/FermoTurismo\",\"https:\/\/www.instagram.com\/visitfermo\/\",\"https:\/\/www.youtube.com\/c\/VisitFermo\"]}]}<\/script>\n<!-- \/ Yoast SEO plugin. -->","yoast_head_json":{"title":"Le piante bulbose, o Geofite - Visit Fermo","description":"Fermo fa parte del Global Network of Learning Cities, una rete di citt\u00e0 per promuovere l\u2019apprendimento inclusivo, dall\u2019istruzione di base a quella avanzata.","robots":{"index":"index","follow":"follow","max-snippet":"max-snippet:-1","max-image-preview":"max-image-preview:large","max-video-preview":"max-video-preview:-1"},"canonical":"https:\/\/www.visitfermo.it\/it\/parco-storico-di-villa-vitali\/giardino-botanico\/le-piante-bulbose-o-geofite","og_locale":"it_IT","og_type":"article","og_title":"Le piante bulbose, o Geofite - Visit Fermo","og_description":"Fermo fa parte del Global Network of Learning Cities, una rete di citt\u00e0 per promuovere l\u2019apprendimento inclusivo, dall\u2019istruzione di base a quella avanzata.","og_url":"https:\/\/www.visitfermo.it\/it\/parco-storico-di-villa-vitali\/giardino-botanico\/le-piante-bulbose-o-geofite","og_site_name":"Visit Fermo","article_publisher":"https:\/\/www.facebook.com\/VstFermo\/","article_modified_time":"2025-05-02T10:01:32+00:00","og_image":[{"width":960,"height":640,"url":"https:\/\/www.visitfermo.it\/wp-content\/uploads\/2025\/02\/Zafferano.jpg","type":"image\/jpeg"}],"twitter_card":"summary_large_image","twitter_site":"@FermoTurismo","twitter_misc":{"Est. reading time":"3 minutes"},"schema":{"@context":"https:\/\/schema.org","@graph":[{"@type":"WebPage","@id":"https:\/\/www.visitfermo.it\/it\/parco-storico-di-villa-vitali\/giardino-botanico\/le-piante-bulbose-o-geofite","url":"https:\/\/www.visitfermo.it\/it\/parco-storico-di-villa-vitali\/giardino-botanico\/le-piante-bulbose-o-geofite","name":"Le piante bulbose, o Geofite - Visit Fermo","isPartOf":{"@id":"https:\/\/www.visitfermo.it\/it\/#website"},"primaryImageOfPage":{"@id":"https:\/\/www.visitfermo.it\/it\/parco-storico-di-villa-vitali\/giardino-botanico\/le-piante-bulbose-o-geofite#primaryimage"},"image":{"@id":"https:\/\/www.visitfermo.it\/it\/parco-storico-di-villa-vitali\/giardino-botanico\/le-piante-bulbose-o-geofite#primaryimage"},"thumbnailUrl":"https:\/\/www.visitfermo.it\/wp-content\/uploads\/2025\/02\/Zafferano.jpg","datePublished":"2025-01-03T16:39:11+00:00","dateModified":"2025-05-02T10:01:32+00:00","description":"Fermo fa parte del Global Network of Learning Cities, una rete di citt\u00e0 per promuovere l\u2019apprendimento inclusivo, dall\u2019istruzione di base a quella avanzata.","breadcrumb":{"@id":"https:\/\/www.visitfermo.it\/it\/parco-storico-di-villa-vitali\/giardino-botanico\/le-piante-bulbose-o-geofite#breadcrumb"},"inLanguage":"it","potentialAction":[{"@type":"ReadAction","target":["https:\/\/www.visitfermo.it\/it\/parco-storico-di-villa-vitali\/giardino-botanico\/le-piante-bulbose-o-geofite"]}]},{"@type":"ImageObject","inLanguage":"it","@id":"https:\/\/www.visitfermo.it\/it\/parco-storico-di-villa-vitali\/giardino-botanico\/le-piante-bulbose-o-geofite#primaryimage","url":"https:\/\/www.visitfermo.it\/wp-content\/uploads\/2025\/02\/Zafferano.jpg","contentUrl":"https:\/\/www.visitfermo.it\/wp-content\/uploads\/2025\/02\/Zafferano.jpg","width":960,"height":640},{"@type":"BreadcrumbList","@id":"https:\/\/www.visitfermo.it\/it\/parco-storico-di-villa-vitali\/giardino-botanico\/le-piante-bulbose-o-geofite#breadcrumb","itemListElement":[{"@type":"ListItem","position":1,"name":"Home","item":"https:\/\/www.visitfermo.it\/it"},{"@type":"ListItem","position":2,"name":"Parco storico di Villa Vitali","item":"https:\/\/www.visitfermo.it\/it\/parco-storico-di-villa-vitali"},{"@type":"ListItem","position":3,"name":"Giardino botanico","item":"https:\/\/www.visitfermo.it\/it\/parco-storico-di-villa-vitali\/giardino-botanico"},{"@type":"ListItem","position":4,"name":"Le piante bulbose, o Geofite"}]},{"@type":"WebSite","@id":"https:\/\/www.visitfermo.it\/it\/#website","url":"https:\/\/www.visitfermo.it\/it\/","name":"Visit Fermo","description":"Fermo a place for me","publisher":{"@id":"https:\/\/www.visitfermo.it\/it\/#organization"},"potentialAction":[{"@type":"SearchAction","target":{"@type":"EntryPoint","urlTemplate":"https:\/\/www.visitfermo.it\/it\/?s={search_term_string}"},"query-input":{"@type":"PropertyValueSpecification","valueRequired":true,"valueName":"search_term_string"}}],"inLanguage":"it"},{"@type":"Organization","@id":"https:\/\/www.visitfermo.it\/it\/#organization","name":"Visit Fermo","url":"https:\/\/www.visitfermo.it\/it\/","logo":{"@type":"ImageObject","inLanguage":"it","@id":"https:\/\/www.visitfermo.it\/it\/#\/schema\/logo\/image\/","url":"https:\/\/www.visitfermo.it\/wp-content\/uploads\/2018\/02\/logo-fermo-a-place-for-me-giallo.png","contentUrl":"https:\/\/www.visitfermo.it\/wp-content\/uploads\/2018\/02\/logo-fermo-a-place-for-me-giallo.png","width":453,"height":230,"caption":"Visit Fermo"},"image":{"@id":"https:\/\/www.visitfermo.it\/it\/#\/schema\/logo\/image\/"},"sameAs":["https:\/\/www.facebook.com\/VstFermo\/","https:\/\/x.com\/FermoTurismo","https:\/\/www.instagram.com\/visitfermo\/","https:\/\/www.youtube.com\/c\/VisitFermo"]}]}},"_links":{"self":[{"href":"https:\/\/www.visitfermo.it\/it\/wp-json\/wp\/v2\/pages\/32590","targetHints":{"allow":["GET"]}}],"collection":[{"href":"https:\/\/www.visitfermo.it\/it\/wp-json\/wp\/v2\/pages"}],"about":[{"href":"https:\/\/www.visitfermo.it\/it\/wp-json\/wp\/v2\/types\/page"}],"author":[{"embeddable":true,"href":"https:\/\/www.visitfermo.it\/it\/wp-json\/wp\/v2\/users\/2"}],"replies":[{"embeddable":true,"href":"https:\/\/www.visitfermo.it\/it\/wp-json\/wp\/v2\/comments?post=32590"}],"version-history":[{"count":8,"href":"https:\/\/www.visitfermo.it\/it\/wp-json\/wp\/v2\/pages\/32590\/revisions"}],"predecessor-version":[{"id":34740,"href":"https:\/\/www.visitfermo.it\/it\/wp-json\/wp\/v2\/pages\/32590\/revisions\/34740"}],"up":[{"embeddable":true,"href":"https:\/\/www.visitfermo.it\/it\/wp-json\/wp\/v2\/pages\/32792"}],"wp:featuredmedia":[{"embeddable":true,"href":"https:\/\/www.visitfermo.it\/it\/wp-json\/wp\/v2\/media\/33425"}],"wp:attachment":[{"href":"https:\/\/www.visitfermo.it\/it\/wp-json\/wp\/v2\/media?parent=32590"}],"curies":[{"name":"wp","href":"https:\/\/api.w.org\/{rel}","templated":true}]}}