{"id":32571,"date":"2025-01-03T16:57:30","date_gmt":"2025-01-03T15:57:30","guid":{"rendered":"https:\/\/www.visitfermo.it\/aiuola-b2-scrigno-di-biodiversita-la-flora-italiana-in-mostra-copy"},"modified":"2025-05-02T12:00:50","modified_gmt":"2025-05-02T10:00:50","slug":"regno-degli-arbusti","status":"publish","type":"page","link":"https:\/\/www.visitfermo.it\/it\/parco-storico-di-villa-vitali\/giardino-botanico\/regno-degli-arbusti","title":{"rendered":"Regno degli arbusti"},"content":{"rendered":"<div class=\"wpb-content-wrapper\"><p>[vc_row row_content_width=&#8221;grid&#8221; css=&#8221;.vc_custom_1735920671076{padding-top: 100px !important;}&#8221;][vc_column][vc_column_text css=&#8221;.vc_custom_1735899397255{padding-top: 15px !important;}&#8221; el_class=&#8221;testo&#8221;]<\/p>\n<h2>In breve<\/h2>\n<p>[\/vc_column_text][vc_empty_space height=&#8221;25px&#8221;][vc_column_text el_class=&#8221;testo-intro&#8221;]Le piante si dividono in erbacee, arbustive e arboree. Gli arbusti, con pi\u00f9 fusti legnosi dalla base, colonizzano habitat vari, proteggono il suolo e offrono cibo e rifugio agli animali. Crescono rapidamente, resistono meglio a danni e condizioni avverse rispetto agli alberi. Qui potete osservare il <em>Cornus alba <\/em>L. \u2018Elegantissima\u2019, con i suoi fusti rosso vivace. Essenziali per gli ecosistemi, arricchiscono anche i giardini con bellezza e struttura.[\/vc_column_text][vc_empty_space height=&#8221;25px&#8221;]<a itemprop=\"url\" href=\"#approfondimento\" target=\"_self\" style=\"margin: 10px 0px\" class=\"mkdf-btn mkdf-btn-medium mkdf-btn-simple\"  >\n    <span class=\"mkdf-btn-text\">Scopri di pi\u00f9<\/span>\n    <\/a>[vc_empty_space height=&#8221;50px&#8221;]<div class=\"mkdf-single-image-holder   \">\n    <div class=\"mkdf-si-inner\" >\n                                    <img loading=\"lazy\" decoding=\"async\" width=\"1980\" height=\"1024\" src=\"https:\/\/www.visitfermo.it\/wp-content\/uploads\/2025\/02\/aiuola-c1.jpg\" class=\"attachment-full size-full\" alt=\"\" srcset=\"https:\/\/www.visitfermo.it\/wp-content\/uploads\/2025\/02\/aiuola-c1.jpg 1980w, https:\/\/www.visitfermo.it\/wp-content\/uploads\/2025\/02\/aiuola-c1-300x155.jpg 300w, https:\/\/www.visitfermo.it\/wp-content\/uploads\/2025\/02\/aiuola-c1-1024x530.jpg 1024w, https:\/\/www.visitfermo.it\/wp-content\/uploads\/2025\/02\/aiuola-c1-768x397.jpg 768w, https:\/\/www.visitfermo.it\/wp-content\/uploads\/2025\/02\/aiuola-c1-1536x794.jpg 1536w\" sizes=\"auto, (max-width: 1980px) 100vw, 1980px\" \/>                        <\/div>\n<\/div>[\/vc_column][\/vc_row][vc_row row_content_width=&#8221;grid&#8221; css=&#8221;.vc_custom_1735922300290{padding-top: 100px !important;}&#8221; anchor=&#8221;approfondimento&#8221;][vc_column][vc_column_text css=&#8221;.vc_custom_1735920093000{padding-top: 15px !important;}&#8221; el_class=&#8221;testo&#8221;]Tutte le piante possono essere classificate pragmaticamente in tre grandi forme di crescita: piante erbacee, arbustive e arboree. Le piante erbacee sono facili da definire: sono quelle che non producono legno persistente. Distinguere tra arbusti e alberi, invece, \u00e8 pi\u00f9 complicato, poich\u00e9 esistono molte forme intermedie. Per semplificare, possiamo dire che un albero ha di solito un unico tronco legnoso, mentre un arbusto \u00e8 formato da pi\u00f9 fusti legnosi che partono dalla base.<\/p>\n<p>Gli arbusti sono componenti fondamentali di quasi tutti gli ecosistemi, dalle tundre alle savane, dagli habitat umidi ai bordi delle foreste, formando ecotoni (habitat di transizione). Addirittura, in alcuni casi sono la componente legnosa dominante di alcuni habitat come la macchia mediterranea nostrana, le fynbos sudafricane, i matorral cileni, i chaparral californiani e i malle australiani. Sono spesso colonizzatori di terreni abbandonati, preparando il terreno per l\u2019arrivo del bosco. La loro importanza ecologica \u00e8 enorme: proteggono il suolo dall\u2019erosione, offrono rifugio e cibo a molti animali &#8211; come bacche, una risorsa alimentare insostituibile per numerose specie di uccelli &#8211; e aiutano le giovani piante arboree a sfuggire agli erbivori, proteggendole.<\/p>\n<p>Ma perch\u00e9 gli arbusti hanno tanto successo ecologico ed evolutivo? Uno studio del 2016 ha messo in evidenza che il vantaggio ecologico di essere un arbusto rispetto ad essere un albero sta nella loro crescita pi\u00f9 rapida rispetto agli alberi della stessa dimensione, grazie alla loro capacit\u00e0 di produrre nuovi getti con maggiore velocit\u00e0. Questa caratteristica li rende pi\u00f9 resistenti ai danni causati da erbivoria, potature o condizioni ambientali avverse, rendendoli pi\u00f9 adattabili in determinati contesti pi\u00f9 impervi. I loro fusti multipli assicurano una maggiore sopravvivenza: se uno si rompe, gli altri continuano a crescere e svolgere la fotosintesi, garantendo alla pianta una seconda chance.<\/p>\n<p>Qui davanti a voi potete osservare un\u2019ampia variet\u00e0 di arbusti, tra cui il <em>Cornus alba<\/em> L. \u2018Elegantissima\u2019.<\/p>\n<p>Gli arbusti sono veri campioni di adattamento e resistenza. Contribuiscono silenziosamente ma in modo fondamentale all\u2019equilibrio degli ecosistemi e, nei giardini, aggiungono bellezza e struttura, rendendoli pi\u00f9 ricchi e vivaci.[\/vc_column_text][\/vc_column][\/vc_row][vc_row row_content_width=&#8221;grid&#8221; css=&#8221;.vc_custom_1735922286499{padding-top: 100px !important;padding-bottom: 100px !important;}&#8221;][vc_column]\n\n    <div class=\"mkdf-tour-item-single-holder fixmargintop\" style=\"margin-top: 0px;\">\n        <div class=\"mkdf-tour-masonry-gallery-holder\">\n            <div class=\"mkdf-tour-masonry-gallery clearfix mkdf-tours-gallery-images-fixed\">\n                <div class=\"mkdf-tour-grid-sizer\"><\/div>\n                <div class=\"mkdf-tour-grid-gutter\"><\/div>\n                \n                                         <div class=\"mkdf-tour-gallery-item mkdf-tgi-masonry-default\">\n                        <div class=\"mkdf-tour-gallery-item-inner\">\n                            <a href=\"https:\/\/www.visitfermo.it\/wp-content\/uploads\/2025\/02\/Arbusteto-delimita-linizio-del-bosco.jpeg\"\n                               data-rel=\"prettyPhoto[gallery_pretty_photo]\" title=\"Arbusteto delimita l&#8217;inizio del bosco\">\n                                <img loading=\"lazy\" decoding=\"async\" width=\"550\" height=\"550\" src=\"https:\/\/www.visitfermo.it\/wp-content\/uploads\/2025\/02\/Arbusteto-delimita-linizio-del-bosco-550x550.jpeg\" class=\"attachment-wanderers_mkdf_square size-wanderers_mkdf_square\" alt=\"\" srcset=\"https:\/\/www.visitfermo.it\/wp-content\/uploads\/2025\/02\/Arbusteto-delimita-linizio-del-bosco-550x550.jpeg 550w, https:\/\/www.visitfermo.it\/wp-content\/uploads\/2025\/02\/Arbusteto-delimita-linizio-del-bosco-1100x1100.jpeg 1100w\" sizes=\"auto, (max-width: 550px) 100vw, 550px\" \/>                            <\/a>\n                        <\/div>\n                    <\/div>\n                \n                                         <div class=\"mkdf-tour-gallery-item mkdf-tgi-masonry-default\">\n                        <div class=\"mkdf-tour-gallery-item-inner\">\n                            <a href=\"https:\/\/www.visitfermo.it\/wp-content\/uploads\/2025\/02\/Faggio-protetto-da-ginepro.jpg\"\n                               data-rel=\"prettyPhoto[gallery_pretty_photo]\" title=\"Faggio protetto da ginepro\">\n                                <img loading=\"lazy\" decoding=\"async\" width=\"550\" height=\"550\" src=\"https:\/\/www.visitfermo.it\/wp-content\/uploads\/2025\/02\/Faggio-protetto-da-ginepro-550x550.jpg\" class=\"attachment-wanderers_mkdf_square size-wanderers_mkdf_square\" alt=\"\" srcset=\"https:\/\/www.visitfermo.it\/wp-content\/uploads\/2025\/02\/Faggio-protetto-da-ginepro-550x550.jpg 550w, https:\/\/www.visitfermo.it\/wp-content\/uploads\/2025\/02\/Faggio-protetto-da-ginepro-300x300.jpg 300w, https:\/\/www.visitfermo.it\/wp-content\/uploads\/2025\/02\/Faggio-protetto-da-ginepro-1024x1024.jpg 1024w, https:\/\/www.visitfermo.it\/wp-content\/uploads\/2025\/02\/Faggio-protetto-da-ginepro-768x768.jpg 768w, https:\/\/www.visitfermo.it\/wp-content\/uploads\/2025\/02\/Faggio-protetto-da-ginepro-1536x1536.jpg 1536w, https:\/\/www.visitfermo.it\/wp-content\/uploads\/2025\/02\/Faggio-protetto-da-ginepro-1100x1100.jpg 1100w\" sizes=\"auto, (max-width: 550px) 100vw, 550px\" \/>                            <\/a>\n                        <\/div>\n                    <\/div>\n                \n                                         <div class=\"mkdf-tour-gallery-item mkdf-tgi-masonry-default\">\n                        <div class=\"mkdf-tour-gallery-item-inner\">\n                            <a href=\"https:\/\/www.visitfermo.it\/wp-content\/uploads\/2025\/02\/Matorral-cileni.jpg\"\n                               data-rel=\"prettyPhoto[gallery_pretty_photo]\" title=\"Matorral cileni\">\n                                <img loading=\"lazy\" decoding=\"async\" width=\"550\" height=\"529\" src=\"https:\/\/www.visitfermo.it\/wp-content\/uploads\/2025\/02\/Matorral-cileni-550x529.jpg\" class=\"attachment-wanderers_mkdf_square size-wanderers_mkdf_square\" alt=\"\" \/>                            <\/a>\n                        <\/div>\n                    <\/div>\n                \n                                         <div class=\"mkdf-tour-gallery-item mkdf-tgi-masonry-default\">\n                        <div class=\"mkdf-tour-gallery-item-inner\">\n                            <a href=\"https:\/\/www.visitfermo.it\/wp-content\/uploads\/2025\/02\/Chaparral-californiani.jpg\"\n                               data-rel=\"prettyPhoto[gallery_pretty_photo]\" title=\"Chaparral californiani\">\n                                <img loading=\"lazy\" decoding=\"async\" width=\"550\" height=\"550\" src=\"https:\/\/www.visitfermo.it\/wp-content\/uploads\/2025\/02\/Chaparral-californiani-550x550.jpg\" class=\"attachment-wanderers_mkdf_square size-wanderers_mkdf_square\" alt=\"\" srcset=\"https:\/\/www.visitfermo.it\/wp-content\/uploads\/2025\/02\/Chaparral-californiani-550x550.jpg 550w, https:\/\/www.visitfermo.it\/wp-content\/uploads\/2025\/02\/Chaparral-californiani-1100x1100.jpg 1100w\" sizes=\"auto, (max-width: 550px) 100vw, 550px\" \/>                            <\/a>\n                        <\/div>\n                    <\/div>\n                            <\/div>\n        <\/div>\n    <\/div>\n[\/vc_column][\/vc_row][vc_row row_content_width=&#8221;grid&#8221; content_text_aligment=&#8221;center&#8221; css=&#8221;.vc_custom_1746179769162{padding-bottom: 100px !important;}&#8221;][vc_column]<a itemprop=\"url\" href=\"https:\/\/www.visitfermo.it\/it\/parco-storico-di-villa-vitali\/giardino-botanico\" target=\"_self\"  class=\"mkdf-btn mkdf-btn-large mkdf-btn-outline\"  >\n    <span class=\"mkdf-btn-text\">Il giardino botanico<\/span>\n    <\/a>[\/vc_column][\/vc_row]<\/p>\n<\/div>","protected":false},"excerpt":{"rendered":"<p>[vc_row row_content_width=&#8221;grid&#8221; css=&#8221;.vc_custom_1735920671076{padding-top: 100px !important;}&#8221;][vc_column][vc_column_text css=&#8221;.vc_custom_1735899397255{padding-top: 15px !important;}&#8221; el_class=&#8221;testo&#8221;] In breve [\/vc_column_text][vc_empty_space height=&#8221;25px&#8221;][vc_column_text el_class=&#8221;testo-intro&#8221;]Le piante si dividono in erbacee, arbustive e arboree. Gli arbusti, con pi\u00f9 fusti legnosi dalla base, colonizzano habitat vari, proteggono il suolo e offrono cibo e rifugio agli animali. Crescono rapidamente, resistono meglio a danni e condizioni avverse rispetto agli alberi. Qui potete osservare il Cornus alba L. \u2018Elegantissima\u2019, con i suoi fusti rosso vivace. Essenziali per gli ecosistemi, arricchiscono anche i giardini con bellezza e struttura.[\/vc_column_text][vc_empty_space height=&#8221;25px&#8221;][vc_empty_space height=&#8221;50px&#8221;][\/vc_column][\/vc_row][vc_row row_content_width=&#8221;grid&#8221; css=&#8221;.vc_custom_1735922300290{padding-top: 100px !important;}&#8221; anchor=&#8221;approfondimento&#8221;][vc_column][vc_column_text [&hellip;]<\/p>\n","protected":false},"author":2,"featured_media":33401,"parent":32792,"menu_order":4,"comment_status":"closed","ping_status":"closed","template":"full-width.php","meta":{"_acf_changed":false,"footnotes":""},"class_list":["post-32571","page","type-page","status-publish","has-post-thumbnail","hentry"],"acf":[],"yoast_head":"<!-- This site is optimized with the Yoast SEO plugin v26.5 - https:\/\/yoast.com\/wordpress\/plugins\/seo\/ -->\n<title>Regno degli arbusti - Visit Fermo<\/title>\n<meta name=\"description\" content=\"Fermo fa parte del Global Network of Learning Cities, una rete di citt\u00e0 per promuovere l\u2019apprendimento inclusivo, dall\u2019istruzione di base a quella avanzata.\" \/>\n<meta name=\"robots\" content=\"index, follow, max-snippet:-1, max-image-preview:large, max-video-preview:-1\" \/>\n<link rel=\"canonical\" href=\"https:\/\/www.visitfermo.it\/it\/parco-storico-di-villa-vitali\/giardino-botanico\/regno-degli-arbusti\" \/>\n<meta property=\"og:locale\" content=\"it_IT\" \/>\n<meta property=\"og:type\" content=\"article\" \/>\n<meta property=\"og:title\" content=\"Regno degli arbusti - Visit Fermo\" \/>\n<meta property=\"og:description\" content=\"Fermo fa parte del Global Network of Learning Cities, una rete di citt\u00e0 per promuovere l\u2019apprendimento inclusivo, dall\u2019istruzione di base a quella avanzata.\" \/>\n<meta property=\"og:url\" content=\"https:\/\/www.visitfermo.it\/it\/parco-storico-di-villa-vitali\/giardino-botanico\/regno-degli-arbusti\" \/>\n<meta property=\"og:site_name\" content=\"Visit Fermo\" \/>\n<meta property=\"article:publisher\" content=\"https:\/\/www.facebook.com\/VstFermo\/\" \/>\n<meta property=\"article:modified_time\" content=\"2025-05-02T10:00:50+00:00\" \/>\n<meta property=\"og:image\" content=\"https:\/\/www.visitfermo.it\/wp-content\/uploads\/2025\/02\/Arbusteto-delimita-linizio-del-bosco.jpeg\" \/>\n\t<meta property=\"og:image:width\" content=\"2000\" \/>\n\t<meta property=\"og:image:height\" content=\"1500\" \/>\n\t<meta property=\"og:image:type\" content=\"image\/jpeg\" \/>\n<meta name=\"twitter:card\" content=\"summary_large_image\" \/>\n<meta name=\"twitter:site\" content=\"@FermoTurismo\" \/>\n<meta name=\"twitter:label1\" content=\"Est. reading time\" \/>\n\t<meta name=\"twitter:data1\" content=\"3 minutes\" \/>\n<script type=\"application\/ld+json\" class=\"yoast-schema-graph\">{\"@context\":\"https:\/\/schema.org\",\"@graph\":[{\"@type\":\"WebPage\",\"@id\":\"https:\/\/www.visitfermo.it\/it\/parco-storico-di-villa-vitali\/giardino-botanico\/regno-degli-arbusti\",\"url\":\"https:\/\/www.visitfermo.it\/it\/parco-storico-di-villa-vitali\/giardino-botanico\/regno-degli-arbusti\",\"name\":\"Regno degli arbusti - Visit Fermo\",\"isPartOf\":{\"@id\":\"https:\/\/www.visitfermo.it\/it\/#website\"},\"primaryImageOfPage\":{\"@id\":\"https:\/\/www.visitfermo.it\/it\/parco-storico-di-villa-vitali\/giardino-botanico\/regno-degli-arbusti#primaryimage\"},\"image\":{\"@id\":\"https:\/\/www.visitfermo.it\/it\/parco-storico-di-villa-vitali\/giardino-botanico\/regno-degli-arbusti#primaryimage\"},\"thumbnailUrl\":\"https:\/\/www.visitfermo.it\/wp-content\/uploads\/2025\/02\/Arbusteto-delimita-linizio-del-bosco.jpeg\",\"datePublished\":\"2025-01-03T15:57:30+00:00\",\"dateModified\":\"2025-05-02T10:00:50+00:00\",\"description\":\"Fermo fa parte del Global Network of Learning Cities, una rete di citt\u00e0 per promuovere l\u2019apprendimento inclusivo, dall\u2019istruzione di base a quella avanzata.\",\"breadcrumb\":{\"@id\":\"https:\/\/www.visitfermo.it\/it\/parco-storico-di-villa-vitali\/giardino-botanico\/regno-degli-arbusti#breadcrumb\"},\"inLanguage\":\"it\",\"potentialAction\":[{\"@type\":\"ReadAction\",\"target\":[\"https:\/\/www.visitfermo.it\/it\/parco-storico-di-villa-vitali\/giardino-botanico\/regno-degli-arbusti\"]}]},{\"@type\":\"ImageObject\",\"inLanguage\":\"it\",\"@id\":\"https:\/\/www.visitfermo.it\/it\/parco-storico-di-villa-vitali\/giardino-botanico\/regno-degli-arbusti#primaryimage\",\"url\":\"https:\/\/www.visitfermo.it\/wp-content\/uploads\/2025\/02\/Arbusteto-delimita-linizio-del-bosco.jpeg\",\"contentUrl\":\"https:\/\/www.visitfermo.it\/wp-content\/uploads\/2025\/02\/Arbusteto-delimita-linizio-del-bosco.jpeg\",\"width\":2000,\"height\":1500},{\"@type\":\"BreadcrumbList\",\"@id\":\"https:\/\/www.visitfermo.it\/it\/parco-storico-di-villa-vitali\/giardino-botanico\/regno-degli-arbusti#breadcrumb\",\"itemListElement\":[{\"@type\":\"ListItem\",\"position\":1,\"name\":\"Home\",\"item\":\"https:\/\/www.visitfermo.it\/it\"},{\"@type\":\"ListItem\",\"position\":2,\"name\":\"Parco storico di Villa Vitali\",\"item\":\"https:\/\/www.visitfermo.it\/it\/parco-storico-di-villa-vitali\"},{\"@type\":\"ListItem\",\"position\":3,\"name\":\"Giardino botanico\",\"item\":\"https:\/\/www.visitfermo.it\/it\/parco-storico-di-villa-vitali\/giardino-botanico\"},{\"@type\":\"ListItem\",\"position\":4,\"name\":\"Regno degli arbusti\"}]},{\"@type\":\"WebSite\",\"@id\":\"https:\/\/www.visitfermo.it\/it\/#website\",\"url\":\"https:\/\/www.visitfermo.it\/it\/\",\"name\":\"Visit Fermo\",\"description\":\"Fermo a place for me\",\"publisher\":{\"@id\":\"https:\/\/www.visitfermo.it\/it\/#organization\"},\"potentialAction\":[{\"@type\":\"SearchAction\",\"target\":{\"@type\":\"EntryPoint\",\"urlTemplate\":\"https:\/\/www.visitfermo.it\/it\/?s={search_term_string}\"},\"query-input\":{\"@type\":\"PropertyValueSpecification\",\"valueRequired\":true,\"valueName\":\"search_term_string\"}}],\"inLanguage\":\"it\"},{\"@type\":\"Organization\",\"@id\":\"https:\/\/www.visitfermo.it\/it\/#organization\",\"name\":\"Visit Fermo\",\"url\":\"https:\/\/www.visitfermo.it\/it\/\",\"logo\":{\"@type\":\"ImageObject\",\"inLanguage\":\"it\",\"@id\":\"https:\/\/www.visitfermo.it\/it\/#\/schema\/logo\/image\/\",\"url\":\"https:\/\/www.visitfermo.it\/wp-content\/uploads\/2018\/02\/logo-fermo-a-place-for-me-giallo.png\",\"contentUrl\":\"https:\/\/www.visitfermo.it\/wp-content\/uploads\/2018\/02\/logo-fermo-a-place-for-me-giallo.png\",\"width\":453,\"height\":230,\"caption\":\"Visit Fermo\"},\"image\":{\"@id\":\"https:\/\/www.visitfermo.it\/it\/#\/schema\/logo\/image\/\"},\"sameAs\":[\"https:\/\/www.facebook.com\/VstFermo\/\",\"https:\/\/x.com\/FermoTurismo\",\"https:\/\/www.instagram.com\/visitfermo\/\",\"https:\/\/www.youtube.com\/c\/VisitFermo\"]}]}<\/script>\n<!-- \/ Yoast SEO plugin. -->","yoast_head_json":{"title":"Regno degli arbusti - Visit Fermo","description":"Fermo fa parte del Global Network of Learning Cities, una rete di citt\u00e0 per promuovere l\u2019apprendimento inclusivo, dall\u2019istruzione di base a quella avanzata.","robots":{"index":"index","follow":"follow","max-snippet":"max-snippet:-1","max-image-preview":"max-image-preview:large","max-video-preview":"max-video-preview:-1"},"canonical":"https:\/\/www.visitfermo.it\/it\/parco-storico-di-villa-vitali\/giardino-botanico\/regno-degli-arbusti","og_locale":"it_IT","og_type":"article","og_title":"Regno degli arbusti - Visit Fermo","og_description":"Fermo fa parte del Global Network of Learning Cities, una rete di citt\u00e0 per promuovere l\u2019apprendimento inclusivo, dall\u2019istruzione di base a quella avanzata.","og_url":"https:\/\/www.visitfermo.it\/it\/parco-storico-di-villa-vitali\/giardino-botanico\/regno-degli-arbusti","og_site_name":"Visit Fermo","article_publisher":"https:\/\/www.facebook.com\/VstFermo\/","article_modified_time":"2025-05-02T10:00:50+00:00","og_image":[{"width":2000,"height":1500,"url":"https:\/\/www.visitfermo.it\/wp-content\/uploads\/2025\/02\/Arbusteto-delimita-linizio-del-bosco.jpeg","type":"image\/jpeg"}],"twitter_card":"summary_large_image","twitter_site":"@FermoTurismo","twitter_misc":{"Est. reading time":"3 minutes"},"schema":{"@context":"https:\/\/schema.org","@graph":[{"@type":"WebPage","@id":"https:\/\/www.visitfermo.it\/it\/parco-storico-di-villa-vitali\/giardino-botanico\/regno-degli-arbusti","url":"https:\/\/www.visitfermo.it\/it\/parco-storico-di-villa-vitali\/giardino-botanico\/regno-degli-arbusti","name":"Regno degli arbusti - Visit Fermo","isPartOf":{"@id":"https:\/\/www.visitfermo.it\/it\/#website"},"primaryImageOfPage":{"@id":"https:\/\/www.visitfermo.it\/it\/parco-storico-di-villa-vitali\/giardino-botanico\/regno-degli-arbusti#primaryimage"},"image":{"@id":"https:\/\/www.visitfermo.it\/it\/parco-storico-di-villa-vitali\/giardino-botanico\/regno-degli-arbusti#primaryimage"},"thumbnailUrl":"https:\/\/www.visitfermo.it\/wp-content\/uploads\/2025\/02\/Arbusteto-delimita-linizio-del-bosco.jpeg","datePublished":"2025-01-03T15:57:30+00:00","dateModified":"2025-05-02T10:00:50+00:00","description":"Fermo fa parte del Global Network of Learning Cities, una rete di citt\u00e0 per promuovere l\u2019apprendimento inclusivo, dall\u2019istruzione di base a quella avanzata.","breadcrumb":{"@id":"https:\/\/www.visitfermo.it\/it\/parco-storico-di-villa-vitali\/giardino-botanico\/regno-degli-arbusti#breadcrumb"},"inLanguage":"it","potentialAction":[{"@type":"ReadAction","target":["https:\/\/www.visitfermo.it\/it\/parco-storico-di-villa-vitali\/giardino-botanico\/regno-degli-arbusti"]}]},{"@type":"ImageObject","inLanguage":"it","@id":"https:\/\/www.visitfermo.it\/it\/parco-storico-di-villa-vitali\/giardino-botanico\/regno-degli-arbusti#primaryimage","url":"https:\/\/www.visitfermo.it\/wp-content\/uploads\/2025\/02\/Arbusteto-delimita-linizio-del-bosco.jpeg","contentUrl":"https:\/\/www.visitfermo.it\/wp-content\/uploads\/2025\/02\/Arbusteto-delimita-linizio-del-bosco.jpeg","width":2000,"height":1500},{"@type":"BreadcrumbList","@id":"https:\/\/www.visitfermo.it\/it\/parco-storico-di-villa-vitali\/giardino-botanico\/regno-degli-arbusti#breadcrumb","itemListElement":[{"@type":"ListItem","position":1,"name":"Home","item":"https:\/\/www.visitfermo.it\/it"},{"@type":"ListItem","position":2,"name":"Parco storico di Villa Vitali","item":"https:\/\/www.visitfermo.it\/it\/parco-storico-di-villa-vitali"},{"@type":"ListItem","position":3,"name":"Giardino botanico","item":"https:\/\/www.visitfermo.it\/it\/parco-storico-di-villa-vitali\/giardino-botanico"},{"@type":"ListItem","position":4,"name":"Regno degli arbusti"}]},{"@type":"WebSite","@id":"https:\/\/www.visitfermo.it\/it\/#website","url":"https:\/\/www.visitfermo.it\/it\/","name":"Visit Fermo","description":"Fermo a place for me","publisher":{"@id":"https:\/\/www.visitfermo.it\/it\/#organization"},"potentialAction":[{"@type":"SearchAction","target":{"@type":"EntryPoint","urlTemplate":"https:\/\/www.visitfermo.it\/it\/?s={search_term_string}"},"query-input":{"@type":"PropertyValueSpecification","valueRequired":true,"valueName":"search_term_string"}}],"inLanguage":"it"},{"@type":"Organization","@id":"https:\/\/www.visitfermo.it\/it\/#organization","name":"Visit Fermo","url":"https:\/\/www.visitfermo.it\/it\/","logo":{"@type":"ImageObject","inLanguage":"it","@id":"https:\/\/www.visitfermo.it\/it\/#\/schema\/logo\/image\/","url":"https:\/\/www.visitfermo.it\/wp-content\/uploads\/2018\/02\/logo-fermo-a-place-for-me-giallo.png","contentUrl":"https:\/\/www.visitfermo.it\/wp-content\/uploads\/2018\/02\/logo-fermo-a-place-for-me-giallo.png","width":453,"height":230,"caption":"Visit Fermo"},"image":{"@id":"https:\/\/www.visitfermo.it\/it\/#\/schema\/logo\/image\/"},"sameAs":["https:\/\/www.facebook.com\/VstFermo\/","https:\/\/x.com\/FermoTurismo","https:\/\/www.instagram.com\/visitfermo\/","https:\/\/www.youtube.com\/c\/VisitFermo"]}]}},"_links":{"self":[{"href":"https:\/\/www.visitfermo.it\/it\/wp-json\/wp\/v2\/pages\/32571","targetHints":{"allow":["GET"]}}],"collection":[{"href":"https:\/\/www.visitfermo.it\/it\/wp-json\/wp\/v2\/pages"}],"about":[{"href":"https:\/\/www.visitfermo.it\/it\/wp-json\/wp\/v2\/types\/page"}],"author":[{"embeddable":true,"href":"https:\/\/www.visitfermo.it\/it\/wp-json\/wp\/v2\/users\/2"}],"replies":[{"embeddable":true,"href":"https:\/\/www.visitfermo.it\/it\/wp-json\/wp\/v2\/comments?post=32571"}],"version-history":[{"count":14,"href":"https:\/\/www.visitfermo.it\/it\/wp-json\/wp\/v2\/pages\/32571\/revisions"}],"predecessor-version":[{"id":34739,"href":"https:\/\/www.visitfermo.it\/it\/wp-json\/wp\/v2\/pages\/32571\/revisions\/34739"}],"up":[{"embeddable":true,"href":"https:\/\/www.visitfermo.it\/it\/wp-json\/wp\/v2\/pages\/32792"}],"wp:featuredmedia":[{"embeddable":true,"href":"https:\/\/www.visitfermo.it\/it\/wp-json\/wp\/v2\/media\/33401"}],"wp:attachment":[{"href":"https:\/\/www.visitfermo.it\/it\/wp-json\/wp\/v2\/media?parent=32571"}],"curies":[{"name":"wp","href":"https:\/\/api.w.org\/{rel}","templated":true}]}}